{"id":1276,"date":"2019-08-20T16:20:32","date_gmt":"2019-08-20T14:20:32","guid":{"rendered":"http:\/\/carnetsdevoyage.net\/singapour2019\/?page_id=1276"},"modified":"2019-09-24T14:47:56","modified_gmt":"2019-09-24T12:47:56","slug":"5-sept-jours-a-tioman-island","status":"publish","type":"page","link":"https:\/\/carnetsdevoyage.net\/singapour2019\/5-sept-jours-a-tioman-island\/","title":{"rendered":"5 &#8211; Sept jours \u00e0 Tioman Island"},"content":{"rendered":"\n<p class=\"wp-block-paragraph\">Une tr\u00e8s belle \u00eele, plus sauvage mais un peu moins int\u00e9ressante que Perhentian&#8230;<\/p>\n\n\n\n<p class=\"wp-block-paragraph\"><strong>H\u00f4tel <\/strong>: Le Berjaya Resort est un bel h\u00f4tel, tr\u00e8s grand, et assez cher. Pour 7 nuits il nous a co\u00fbt\u00e9 650 \u20ac, avec les petits d\u00e9jeuners. Il est au bord d&rsquo;une belle et grande plage, compte deux piscines, trois restaurants, un golf, des courts de tennis&#8230; Notre bungalow \u00e9tait dans la plus haute cat\u00e9gorie, et il \u00e9tait tr\u00e8s confortable.<\/p>\n\n\n\n<p class=\"wp-block-paragraph\">Par contre, certains points n&rsquo;\u00e9taient pas \u00e0 la hauteur : par exemple, il n&rsquo;y a que 6 ou 7 transats par piscine. Pour un h\u00f4tel qui doit avoir au moins 200 chambres, \u00e7a fait un peu court ! On n&rsquo;a pas \u00e9t\u00e9 vraiment g\u00ean\u00e9s, la seconde piscine o\u00f9 nous allions \u00e9tait souvent d\u00e9serte, parce que un peu excentr\u00e9e ! Autre point n\u00e9gatif, le prix des restaurants et des boissons : l\u00e0 c&rsquo;est presque du vol, avec des prix 4 \u00e0 5 fois plus \u00e9lev\u00e9s qu&rsquo;\u00e0 l&rsquo;ext\u00e9rieur de l&rsquo;h\u00f4tel. Et comme il est \u00e9loign\u00e9 du village de Tekek (environ 4 km), les clients sont un peu captifs et n&rsquo;ont pas beaucoup d&rsquo;autres choix&#8230;<\/p>\n\n\n\n<p class=\"wp-block-paragraph\">Par \u00e9conomie, et surtout par go\u00fbt, nous avons souvent mang\u00e9 \u00e0 Tekek dans un petit restaurant, Chez Rozita, tr\u00e8s bon, et pas cher ! On y gagnait m\u00e8me avec le prix de location d&rsquo;un scooter pour y aller !<\/p>\n\n\n\n<p class=\"wp-block-paragraph\"><strong>Sorties <\/strong>: c&rsquo;est l\u00e0 que Perhentian reste bien plus int\u00e9ressante que Tioman. Ici, peu d&rsquo;excursions en mer, et beaucoup moins de taxis boats ! On n&rsquo;a fait qu&rsquo;une seule excursion, g\u00e9niale, mais une fois termin\u00e9, pas d&rsquo;autres choix vraiment int\u00e9ressants. On est all\u00e9s deux fois \u00e0 Juara, en louant un scooter, mais la route n&rsquo;est pas simple ! Sinon, l&rsquo;\u00eele est tr\u00e8s belle, et certaines de ses plages sont magnifiques, mais il n&rsquo;est pas toujours facile d&rsquo;y aller.<\/p>\n\n\n\n<p class=\"wp-block-paragraph\"><strong>Excursion en mer<\/strong> pendant environ 6 heures, avec 6 spots de snorkeling : 90 Ringgits par personne, soit environ 20 \u20ac.<\/p>\n\n\n\n<p class=\"wp-block-paragraph\"><strong>Taxi boat pour aller \u00e0 la Monkey Beach<\/strong> (magnifique) : 90 Ringgits aller et retour, soit 20 \u20ac (on est rest\u00e9s une heure et demie sur place).<\/p>\n\n\n\n<p class=\"wp-block-paragraph\"><strong>La location d&rsquo;un scooter<\/strong> co\u00fbte 25 Ringgits de l&rsquo;heure, soit un peu plus de 5 \u20ac, mais seulement 70 Ringgits pour la journ\u00e9e, soit 15 \u20ac. Le calcul est vite fait !<\/p>\n\n\n\n<p class=\"wp-block-paragraph\"><strong>Internet <\/strong>: le Wi-Fi de l&rsquo;h\u00f4tel fonctionne parfaitement, ainsi que la 4G, mais seulement \u00e0 Tekek. A Juara par exemple, il n&rsquo;y a pas de r\u00e9seau, hormis le Wi-Fi que vous propose gratuitement presque tous les bars et restaurants.<\/p>\n","protected":false},"excerpt":{"rendered":"<p>Une tr\u00e8s belle \u00eele, plus sauvage mais un peu moins int\u00e9ressante que Perhentian&#8230; H\u00f4tel : Le Berjaya Resort est un bel h\u00f4tel, tr\u00e8s grand, et assez cher. Pour 7 nuits il nous a co\u00fbt\u00e9 650 \u20ac, avec les petits d\u00e9jeuners. Il est au bord d&rsquo;une belle et grande plage, compte deux piscines, trois restaurants, un golf, des courts de tennis&#8230; Notre bungalow \u00e9tait dans la plus haute cat\u00e9gorie, et il \u00e9tait tr\u00e8s confortable. Par contre, certains points n&rsquo;\u00e9taient pas \u00e0&#8230;<\/p>\n<p class=\"read-more\"><a class=\"btn btn-default\" href=\"https:\/\/carnetsdevoyage.net\/singapour2019\/5-sept-jours-a-tioman-island\/\">Lire la suite<span class=\"screen-reader-text\"> Lire la suite<\/span><\/a><\/p>\n","protected":false},"author":2,"featured_media":1061,"parent":0,"menu_order":0,"comment_status":"closed","ping_status":"closed","template":"","meta":{"_crdt_document":"","footnotes":""},"class_list":["post-1276","page","type-page","status-publish","has-post-thumbnail","hentry"],"_links":{"self":[{"href":"https:\/\/carnetsdevoyage.net\/singapour2019\/wp-json\/wp\/v2\/pages\/1276","targetHints":{"allow":["GET"]}}],"collection":[{"href":"https:\/\/carnetsdevoyage.net\/singapour2019\/wp-json\/wp\/v2\/pages"}],"about":[{"href":"https:\/\/carnetsdevoyage.net\/singapour2019\/wp-json\/wp\/v2\/types\/page"}],"author":[{"embeddable":true,"href":"https:\/\/carnetsdevoyage.net\/singapour2019\/wp-json\/wp\/v2\/users\/2"}],"replies":[{"embeddable":true,"href":"https:\/\/carnetsdevoyage.net\/singapour2019\/wp-json\/wp\/v2\/comments?post=1276"}],"version-history":[{"count":3,"href":"https:\/\/carnetsdevoyage.net\/singapour2019\/wp-json\/wp\/v2\/pages\/1276\/revisions"}],"predecessor-version":[{"id":1285,"href":"https:\/\/carnetsdevoyage.net\/singapour2019\/wp-json\/wp\/v2\/pages\/1276\/revisions\/1285"}],"wp:featuredmedia":[{"embeddable":true,"href":"https:\/\/carnetsdevoyage.net\/singapour2019\/wp-json\/wp\/v2\/media\/1061"}],"wp:attachment":[{"href":"https:\/\/carnetsdevoyage.net\/singapour2019\/wp-json\/wp\/v2\/media?parent=1276"}],"curies":[{"name":"wp","href":"https:\/\/api.w.org\/{rel}","templated":true}]}}