{"id":314,"date":"2019-07-28T03:06:28","date_gmt":"2019-07-28T01:06:28","guid":{"rendered":"http:\/\/carnetsdevoyage.net\/singapour2019\/?page_id=314"},"modified":"2019-08-05T16:22:31","modified_gmt":"2019-08-05T14:22:31","slug":"avions-voiture","status":"publish","type":"page","link":"https:\/\/carnetsdevoyage.net\/singapour2019\/avions-voiture\/","title":{"rendered":"1 &#8211; Avions, voiture, bateau"},"content":{"rendered":"\n<p class=\"wp-block-paragraph\"><strong>Vol Paris-Singapour<\/strong> : on a trouv\u00e9 vol Paris-Frankfurt-Singapour, sur la Lufthansa pour 520 \u20ac par personne, avec deux valises de 23 kg.<\/p>\n\n\n\n<p class=\"wp-block-paragraph\"><strong>Vol Singapour-Kota Bharu<\/strong> : vol sur la Malaysian Airlines, avec escal \u00e0 Kuala Lumpur, pour 27 \u20ac par personne&#8230; Comp\u00e9titif non ? Deux sauts de puce, le premier vol \u00e0 dur\u00e9 35 minutes, le second 45 minutes !<\/p>\n\n\n\n<p class=\"wp-block-paragraph\"><strong>Vol Kota Bharu-Kuala Lumpur<\/strong>, sur air Asia, pour 21 \u20ac par personne.<\/p>\n\n\n\n<p class=\"wp-block-paragraph\"><strong>Vol Kuala Lumpur-Singapour<\/strong>, sur Air Asia pour 23 \u20ac par personne.<\/p>\n\n\n\n<p class=\"wp-block-paragraph\"><strong>Location de voiture<\/strong> : nous louons une voiture pendant 12 jours, pour 320 \u20ac. Location chez Auto Europe, avec Super Cover (remboursement de franchise).<\/p>\n\n\n\n<p class=\"wp-block-paragraph\"><strong>Bateau <\/strong>: entre Besut et les \u00eeles Perenthian, et entre Mersing et l&rsquo;\u00eele Tioman, il faut compter environ 70 RM (Ringgit Malaisien) aller-retour par personne (15 \u20ac)<\/p>\n","protected":false},"excerpt":{"rendered":"<p>Vol Paris-Singapour : on a trouv\u00e9 vol Paris-Frankfurt-Singapour, sur la Lufthansa pour 520 \u20ac par personne, avec deux valises de 23 kg. Vol Singapour-Kota Bharu : vol sur la Malaysian Airlines, avec escal \u00e0 Kuala Lumpur, pour 27 \u20ac par personne&#8230; Comp\u00e9titif non ? Deux sauts de puce, le premier vol \u00e0 dur\u00e9 35 minutes, le second 45 minutes ! Vol Kota Bharu-Kuala Lumpur, sur air Asia, pour 21 \u20ac par personne. Vol Kuala Lumpur-Singapour, sur Air Asia pour 23&#8230;<\/p>\n<p class=\"read-more\"><a class=\"btn btn-default\" href=\"https:\/\/carnetsdevoyage.net\/singapour2019\/avions-voiture\/\">Lire la suite<span class=\"screen-reader-text\"> Lire la suite<\/span><\/a><\/p>\n","protected":false},"author":2,"featured_media":0,"parent":0,"menu_order":0,"comment_status":"closed","ping_status":"closed","template":"","meta":{"_crdt_document":"","footnotes":""},"class_list":["post-314","page","type-page","status-publish","hentry"],"_links":{"self":[{"href":"https:\/\/carnetsdevoyage.net\/singapour2019\/wp-json\/wp\/v2\/pages\/314","targetHints":{"allow":["GET"]}}],"collection":[{"href":"https:\/\/carnetsdevoyage.net\/singapour2019\/wp-json\/wp\/v2\/pages"}],"about":[{"href":"https:\/\/carnetsdevoyage.net\/singapour2019\/wp-json\/wp\/v2\/types\/page"}],"author":[{"embeddable":true,"href":"https:\/\/carnetsdevoyage.net\/singapour2019\/wp-json\/wp\/v2\/users\/2"}],"replies":[{"embeddable":true,"href":"https:\/\/carnetsdevoyage.net\/singapour2019\/wp-json\/wp\/v2\/comments?post=314"}],"version-history":[{"count":3,"href":"https:\/\/carnetsdevoyage.net\/singapour2019\/wp-json\/wp\/v2\/pages\/314\/revisions"}],"predecessor-version":[{"id":695,"href":"https:\/\/carnetsdevoyage.net\/singapour2019\/wp-json\/wp\/v2\/pages\/314\/revisions\/695"}],"wp:attachment":[{"href":"https:\/\/carnetsdevoyage.net\/singapour2019\/wp-json\/wp\/v2\/media?parent=314"}],"curies":[{"name":"wp","href":"https:\/\/api.w.org\/{rel}","templated":true}]}}