{"id":688,"date":"2019-08-05T16:18:50","date_gmt":"2019-08-05T14:18:50","guid":{"rendered":"http:\/\/carnetsdevoyage.net\/singapour2019\/?page_id=688"},"modified":"2019-08-11T15:36:54","modified_gmt":"2019-08-11T13:36:54","slug":"6-jours-a-perhentian-besar","status":"publish","type":"page","link":"https:\/\/carnetsdevoyage.net\/singapour2019\/6-jours-a-perhentian-besar\/","title":{"rendered":"3 &#8211; Six  jours \u00e0 Perhentian Besar"},"content":{"rendered":"\n<p class=\"wp-block-paragraph\">Un belle \u00eele tropicale, un vrai coup de c\u0153ur&#8230;<\/p>\n\n\n\n<p class=\"wp-block-paragraph\"><strong>H\u00f4tel <\/strong>: Le Barat Perhentian Resort : pour 6 nuits ici, nous avons pay\u00e9 350 \u20ac. C&rsquo;est un budget moyen pour l&rsquo;Asie, hors Singapour beaucoup plus cher. L&rsquo;h\u00f4tel est pas mal, bien plac\u00e9, m\u00eame si il n&rsquo;a pas de plage juste devant, une des plus belles de l&rsquo;\u00eele n&rsquo;est qu&rsquo;\u00e0 100 m\u00e8tres. Ici les h\u00f4tels s\u2019appellent vite Resort, mais rien ne le justifie ! Et pour celui-l\u00e0 en tout cas, vraiment rien ! Les chambres sont petites, d\u00e9fraichies, et peu \u00e9quip\u00e9es. Un coffre fort, un lit, un petit meuble, deux \u00e9tag\u00e8res. On les a oblig\u00e9s \u00e0 changer de chambre apr\u00e8s la premi\u00e8re nuit, qu&rsquo;on a pass\u00e9 en compagnie de sympathiques rats, qui se baladaient dans la chambre et creusaient des galeries dans un des murs. La seconde chambre n&rsquo;a pas eu les m\u00eames inconv\u00e9nients ! <\/p>\n\n\n\n<p class=\"wp-block-paragraph\"><strong>Excursions <\/strong>: L\u00e0 c&rsquo;est le top ! Directement \u00e0 la sortie de l&rsquo;h\u00f4tel, les taxis boats et les bateaux pour les ballades nous attendent, \u00e0 des prix franchement d\u00e9risoires !<\/p>\n\n\n\n<ul class=\"wp-block-gallery aligncenter columns-1 is-cropped wp-block-gallery-1 is-layout-flex wp-block-gallery-is-layout-flex\"><li class=\"blocks-gallery-item\"><figure><a href=\"https:\/\/carnetsdevoyage.net\/singapour2019\/wp-content\/uploads\/sites\/11\/2019\/08\/IMG_20190728_190722-Copier-1600x800.jpg\"><img loading=\"lazy\" decoding=\"async\" width=\"1600\" height=\"800\" src=\"https:\/\/carnetsdevoyage.net\/singapour2019\/wp-content\/uploads\/sites\/11\/2019\/08\/IMG_20190728_190722-Copier-1600x800.jpg\" alt=\"\" data-id=\"689\" data-link=\"https:\/\/carnetsdevoyage.net\/singapour2019\/?attachment_id=689\" class=\"wp-image-689\" srcset=\"https:\/\/carnetsdevoyage.net\/singapour2019\/wp-content\/uploads\/sites\/11\/2019\/08\/IMG_20190728_190722-Copier.jpg 1600w, https:\/\/carnetsdevoyage.net\/singapour2019\/wp-content\/uploads\/sites\/11\/2019\/08\/IMG_20190728_190722-Copier-800x400.jpg 800w, https:\/\/carnetsdevoyage.net\/singapour2019\/wp-content\/uploads\/sites\/11\/2019\/08\/IMG_20190728_190722-Copier-768x384.jpg 768w, https:\/\/carnetsdevoyage.net\/singapour2019\/wp-content\/uploads\/sites\/11\/2019\/08\/IMG_20190728_190722-Copier-540x270.jpg 540w\" sizes=\"auto, (max-width: 1600px) 100vw, 1600px\" \/><\/a><figcaption>sdr_vivid<\/figcaption><\/figure><\/li><li class=\"blocks-gallery-item\"><figure><a href=\"https:\/\/carnetsdevoyage.net\/singapour2019\/wp-content\/uploads\/sites\/11\/2019\/08\/IMG_20190728_190733-Copier-1600x800.jpg\"><img loading=\"lazy\" decoding=\"async\" width=\"1600\" height=\"800\" src=\"https:\/\/carnetsdevoyage.net\/singapour2019\/wp-content\/uploads\/sites\/11\/2019\/08\/IMG_20190728_190733-Copier-1600x800.jpg\" alt=\"\" data-id=\"690\" data-link=\"https:\/\/carnetsdevoyage.net\/singapour2019\/?attachment_id=690\" class=\"wp-image-690\" srcset=\"https:\/\/carnetsdevoyage.net\/singapour2019\/wp-content\/uploads\/sites\/11\/2019\/08\/IMG_20190728_190733-Copier.jpg 1600w, https:\/\/carnetsdevoyage.net\/singapour2019\/wp-content\/uploads\/sites\/11\/2019\/08\/IMG_20190728_190733-Copier-800x400.jpg 800w, https:\/\/carnetsdevoyage.net\/singapour2019\/wp-content\/uploads\/sites\/11\/2019\/08\/IMG_20190728_190733-Copier-768x384.jpg 768w, https:\/\/carnetsdevoyage.net\/singapour2019\/wp-content\/uploads\/sites\/11\/2019\/08\/IMG_20190728_190733-Copier-540x270.jpg 540w\" sizes=\"auto, (max-width: 1600px) 100vw, 1600px\" \/><\/a><figcaption>cof_vivid<\/figcaption><\/figure><\/li><\/ul>\n\n\n\n<p class=\"wp-block-paragraph\">On a fait les trois trips principaux, avec une vraie pr\u00e9f\u00e9rence pour le trip B. Les taxis boats permettent de quitter l&rsquo;h\u00f4tel en direction d&rsquo;une des autres plages de l&rsquo;\u00eele ou de celle de l&rsquo;\u00eele d&rsquo;en face. 50 Ringgits par personne, soit environ 10 \u20ac pour une ballade de pr\u00e8s de 4 heures en mer, c&rsquo;est sympa !<\/p>\n\n\n\n<p class=\"wp-block-paragraph\"><strong>Repas <\/strong>: Autour de l&rsquo;h\u00f4tel, il y a plusieurs petits restaurants, en plus de celui du Barat. On y mange pas mal, les cartes sont assez vari\u00e9es pour tous les go\u00fbts, et le budget moyen est \u00e0 peu pr\u00e8s le m\u00eame : entre 20 et 35 Ringgits par personne et par repas, soit en gros entre 4 et 8 \u20ac. Les boissons co\u00fbtent environ 4 Ringgits (Coca, eau&#8230;), soit moins d&rsquo;un \u20ac. Peu d&rsquo;alcool ici, seul le Barat en propose \u00e0 sa carte !<\/p>\n\n\n\n<p class=\"wp-block-paragraph\"><strong>Internet <\/strong>: Le Wi-Fi de l&rsquo;h\u00f4tel \u00e9tait nul, et j&rsquo;ai eu le plus grand mal \u00e0 m&rsquo;y connecter. Heureusement, la 3G et la 4G des portables marchait par contre tr\u00e8s bien et avec Free, la Malaisie fait partie des zones o\u00f9 on a acc\u00e8s \u00e0 20 Go d&rsquo;Internet par mois (comme au Yucatan l&rsquo;an dernier).<\/p>\n\n\n\n<p class=\"wp-block-paragraph\"><\/p>\n","protected":false},"excerpt":{"rendered":"<p>Un belle \u00eele tropicale, un vrai coup de c\u0153ur&#8230; H\u00f4tel : Le Barat Perhentian Resort : pour 6 nuits ici, nous avons pay\u00e9 350 \u20ac. C&rsquo;est un budget moyen pour l&rsquo;Asie, hors Singapour beaucoup plus cher. L&rsquo;h\u00f4tel est pas mal, bien plac\u00e9, m\u00eame si il n&rsquo;a pas de plage juste devant, une des plus belles de l&rsquo;\u00eele n&rsquo;est qu&rsquo;\u00e0 100 m\u00e8tres. Ici les h\u00f4tels s\u2019appellent vite Resort, mais rien ne le justifie ! Et pour celui-l\u00e0 en tout cas, vraiment&#8230;<\/p>\n<p class=\"read-more\"><a class=\"btn btn-default\" href=\"https:\/\/carnetsdevoyage.net\/singapour2019\/6-jours-a-perhentian-besar\/\">Lire la suite<span class=\"screen-reader-text\"> Lire la suite<\/span><\/a><\/p>\n","protected":false},"author":2,"featured_media":412,"parent":0,"menu_order":0,"comment_status":"closed","ping_status":"closed","template":"","meta":{"_crdt_document":"","footnotes":""},"class_list":["post-688","page","type-page","status-publish","has-post-thumbnail","hentry"],"_links":{"self":[{"href":"https:\/\/carnetsdevoyage.net\/singapour2019\/wp-json\/wp\/v2\/pages\/688","targetHints":{"allow":["GET"]}}],"collection":[{"href":"https:\/\/carnetsdevoyage.net\/singapour2019\/wp-json\/wp\/v2\/pages"}],"about":[{"href":"https:\/\/carnetsdevoyage.net\/singapour2019\/wp-json\/wp\/v2\/types\/page"}],"author":[{"embeddable":true,"href":"https:\/\/carnetsdevoyage.net\/singapour2019\/wp-json\/wp\/v2\/users\/2"}],"replies":[{"embeddable":true,"href":"https:\/\/carnetsdevoyage.net\/singapour2019\/wp-json\/wp\/v2\/comments?post=688"}],"version-history":[{"count":5,"href":"https:\/\/carnetsdevoyage.net\/singapour2019\/wp-json\/wp\/v2\/pages\/688\/revisions"}],"predecessor-version":[{"id":916,"href":"https:\/\/carnetsdevoyage.net\/singapour2019\/wp-json\/wp\/v2\/pages\/688\/revisions\/916"}],"wp:featuredmedia":[{"embeddable":true,"href":"https:\/\/carnetsdevoyage.net\/singapour2019\/wp-json\/wp\/v2\/media\/412"}],"wp:attachment":[{"href":"https:\/\/carnetsdevoyage.net\/singapour2019\/wp-json\/wp\/v2\/media?parent=688"}],"curies":[{"name":"wp","href":"https:\/\/api.w.org\/{rel}","templated":true}]}}