{"id":940,"date":"2019-08-12T13:00:55","date_gmt":"2019-08-12T11:00:55","guid":{"rendered":"http:\/\/carnetsdevoyage.net\/singapour2019\/?page_id=940"},"modified":"2019-08-12T13:08:20","modified_gmt":"2019-08-12T11:08:20","slug":"4-quatre-jours-a-kuala-lumpur","status":"publish","type":"page","link":"https:\/\/carnetsdevoyage.net\/singapour2019\/4-quatre-jours-a-kuala-lumpur\/","title":{"rendered":"4 &#8211; Quatre jours \u00e0 Kuala Lumpur"},"content":{"rendered":"\n<p class=\"wp-block-paragraph\">Le niveau de vie \u00e0 Kuala Lumpur est un peu plus \u00e9lev\u00e9 que dans le reste du pays, mais reste encore moins cher qu&rsquo;\u00e0 Singapour.<\/p>\n\n\n\n<p class=\"wp-block-paragraph\"><strong>Airbnb <\/strong>: on n&rsquo;\u00e9tait pas \u00e0 l&rsquo;h\u00f4tel ici, mais on avait lou\u00e9 un appartement avec Airbnb. Il nous a co\u00fbt\u00e9 un peu moins de 300 \u20ac pour 5 nuits. Il \u00e9tait bien plac\u00e9, \u00e0 5 minutes \u00e0 pieds des tours Petronas, en plein KLCC. Situ\u00e9 au 27\u00e8me \u00e9tage, la vue \u00e9tait sympa, et la piscine sur le toit de l&rsquo;immeuble nous a permis de buller un peu !<\/p>\n\n\n\n<p class=\"wp-block-paragraph\"><strong>Transports <\/strong>: ici, on a pris que des GRAB. Le m\u00e9tro ou le bus ne nous ont pas inspir\u00e9, et le co\u00fbt d&rsquo;un trajet en GRAB est assez comp\u00e9titif pour ne pas avoir envie de s&#8217;emb\u00eater ! Par exemple, le plus long trajet que nous avons fait, hors a\u00e9roport, nous a conduit vers les Batu Caves, et nous a co\u00fbt\u00e9 18 Ringgits, soit moins de 4 euros. Pour le trajet vers l&rsquo;a\u00e9roport, c&rsquo;est beaucoup plus cher, mais il y a plus d&rsquo;une heure de route, et environ 50 km. L\u00e0, \u00e7a nous a co\u00fbt\u00e9 65 Ringgits, soit un peu moins de 14 \u20ac, en comptant environ 8 Ringgits de p\u00e9age. Pour le reste, comme \u00e0 Singapour, c&rsquo;est tellement pratique et rapide qu&rsquo;on n&rsquo;h\u00e9site pas ! <\/p>\n\n\n\n<p class=\"wp-block-paragraph\"><strong>Bouffe <\/strong>: nos repas nous ont co\u00fbt\u00e9 un peu plus cher, mais surtout parce qu&rsquo;on a principalement mang\u00e9s soit dans de vrais restaurants occidentaux, soit parce qu&rsquo;on a mang\u00e9 dans des malls. Nous avons fait deux restos, une Trattoria Italienne dans laquelle on s&rsquo;est r\u00e9gal\u00e9s, et au Hard Rock Caf\u00e9 le dernier soir. L&rsquo;italien nous a co\u00fbt\u00e9 130 Ringgits, soit un peu moins de 28 \u20ac, et le Hard Rock Caf\u00e9 150 Ringgits, soit un peu moins de 32 \u20ac.<\/p>\n\n\n\n<p class=\"wp-block-paragraph\">Les autres repas nous ont co\u00fbt\u00e9s en moyenne 35 Ringgits, soit moins de 8 \u20ac.<\/p>\n\n\n\n<p class=\"wp-block-paragraph\"><strong>Tous les prix des repas s&rsquo;entendent \u00e0 deux !<\/strong><\/p>\n\n\n\n<p class=\"wp-block-paragraph\"><strong>Shopping <\/strong>: comme \u00e0 Singapour, rien de bien int\u00e9ressant niveau prix. Dans les malls, on est sur des tarifs assez similaires. Dans les petits commerces de rue, rien de bien int\u00e9ressant. On a trouv\u00e9 quelques jolis sarongs, \u00e0 30 Ringgits pi\u00e8ces (moins int\u00e9ressant qu&rsquo;\u00e0 Bali, mais rien de comparable, l\u00e0-bas, on en trouvait par milliers !).<\/p>\n\n\n\n<p class=\"wp-block-paragraph\"><strong>Sorties <\/strong>: l\u00e0 par contre, c&rsquo;est plut\u00f4t cher ! L&rsquo;acc\u00e8s \u00e0 la KL Tower nous a co\u00fbt\u00e9 100 Ringgits par personne, soit en tout un peu plus de 40 \u20ac, et les tour Petronas nous ont co\u00fbt\u00e9 un peu moins cher, alors qu&rsquo;elle sont bien plus int\u00e9ressantes, et on en a eu pour 160 Ringgits \u00e0 deux, soit environ 34 \u20ac. Le prix des quelques autres lieux o\u00f9 l&rsquo;on a eut \u00e0 payer est d\u00e9risoire, moins de 5 \u20ac \u00e0 chaque fois (Batu Caves).<\/p>\n","protected":false},"excerpt":{"rendered":"<p>Le niveau de vie \u00e0 Kuala Lumpur est un peu plus \u00e9lev\u00e9 que dans le reste du pays, mais reste encore moins cher qu&rsquo;\u00e0 Singapour. Airbnb : on n&rsquo;\u00e9tait pas \u00e0 l&rsquo;h\u00f4tel ici, mais on avait lou\u00e9 un appartement avec Airbnb. Il nous a co\u00fbt\u00e9 un peu moins de 300 \u20ac pour 5 nuits. Il \u00e9tait bien plac\u00e9, \u00e0 5 minutes \u00e0 pieds des tours Petronas, en plein KLCC. Situ\u00e9 au 27\u00e8me \u00e9tage, la vue \u00e9tait sympa, et la piscine&#8230;<\/p>\n<p class=\"read-more\"><a class=\"btn btn-default\" href=\"https:\/\/carnetsdevoyage.net\/singapour2019\/4-quatre-jours-a-kuala-lumpur\/\">Lire la suite<span class=\"screen-reader-text\"> Lire la suite<\/span><\/a><\/p>\n","protected":false},"author":2,"featured_media":683,"parent":0,"menu_order":0,"comment_status":"closed","ping_status":"closed","template":"","meta":{"_crdt_document":"","footnotes":""},"class_list":["post-940","page","type-page","status-publish","has-post-thumbnail","hentry"],"_links":{"self":[{"href":"https:\/\/carnetsdevoyage.net\/singapour2019\/wp-json\/wp\/v2\/pages\/940","targetHints":{"allow":["GET"]}}],"collection":[{"href":"https:\/\/carnetsdevoyage.net\/singapour2019\/wp-json\/wp\/v2\/pages"}],"about":[{"href":"https:\/\/carnetsdevoyage.net\/singapour2019\/wp-json\/wp\/v2\/types\/page"}],"author":[{"embeddable":true,"href":"https:\/\/carnetsdevoyage.net\/singapour2019\/wp-json\/wp\/v2\/users\/2"}],"replies":[{"embeddable":true,"href":"https:\/\/carnetsdevoyage.net\/singapour2019\/wp-json\/wp\/v2\/comments?post=940"}],"version-history":[{"count":2,"href":"https:\/\/carnetsdevoyage.net\/singapour2019\/wp-json\/wp\/v2\/pages\/940\/revisions"}],"predecessor-version":[{"id":944,"href":"https:\/\/carnetsdevoyage.net\/singapour2019\/wp-json\/wp\/v2\/pages\/940\/revisions\/944"}],"wp:featuredmedia":[{"embeddable":true,"href":"https:\/\/carnetsdevoyage.net\/singapour2019\/wp-json\/wp\/v2\/media\/683"}],"wp:attachment":[{"href":"https:\/\/carnetsdevoyage.net\/singapour2019\/wp-json\/wp\/v2\/media?parent=940"}],"curies":[{"name":"wp","href":"https:\/\/api.w.org\/{rel}","templated":true}]}}