{"id":1455,"date":"2017-08-29T22:06:25","date_gmt":"2017-08-29T20:06:25","guid":{"rendered":"http:\/\/srilanka2017.free.fr\/?page_id=1455"},"modified":"2017-08-29T22:06:25","modified_gmt":"2017-08-29T20:06:25","slug":"des-trucs-etonnants","status":"publish","type":"page","link":"https:\/\/carnetsdevoyage.net\/srilanka2017\/des-trucs-etonnants\/","title":{"rendered":"Des trucs \u00e9tonnants !"},"content":{"rendered":"<p>Les voyages sont souvent l\u2019occasion de d\u00e9couvrir des trucs \u00e9tonnants ! Des panneaux de signalisation rares chez nous\u2026<\/p>\n<p><img loading=\"lazy\" decoding=\"async\" class=\"aligncenter size-full wp-image-106\" src=\"https:\/\/carnetsdevoyage.net\/srilanka2017\/wp-content\/uploads\/sites\/5\/2017\/07\/P7210002-07-21-2017.jpg\" alt=\"\" width=\"1600\" height=\"900\" srcset=\"https:\/\/carnetsdevoyage.net\/srilanka2017\/wp-content\/uploads\/sites\/5\/2017\/07\/P7210002-07-21-2017.jpg 1600w, https:\/\/carnetsdevoyage.net\/srilanka2017\/wp-content\/uploads\/sites\/5\/2017\/07\/P7210002-07-21-2017-300x169.jpg 300w, https:\/\/carnetsdevoyage.net\/srilanka2017\/wp-content\/uploads\/sites\/5\/2017\/07\/P7210002-07-21-2017-768x432.jpg 768w, https:\/\/carnetsdevoyage.net\/srilanka2017\/wp-content\/uploads\/sites\/5\/2017\/07\/P7210002-07-21-2017-1024x576.jpg 1024w, https:\/\/carnetsdevoyage.net\/srilanka2017\/wp-content\/uploads\/sites\/5\/2017\/07\/P7210002-07-21-2017-480x270.jpg 480w\" sizes=\"auto, (max-width: 1600px) 100vw, 1600px\" \/><\/p>\n<p>Ce brouillard a \u00e9t\u00e9 pulv\u00e9ris\u00e9 dans l\u2019avion avant et pendant le d\u00e9collage, et pendant atterrissage.<\/p>\n<p><img loading=\"lazy\" decoding=\"async\" class=\"aligncenter size-full wp-image-104\" src=\"https:\/\/carnetsdevoyage.net\/srilanka2017\/wp-content\/uploads\/sites\/5\/2017\/07\/IMG_3467-07-21-2017.jpg\" alt=\"\" width=\"1600\" height=\"1200\" srcset=\"https:\/\/carnetsdevoyage.net\/srilanka2017\/wp-content\/uploads\/sites\/5\/2017\/07\/IMG_3467-07-21-2017.jpg 1600w, https:\/\/carnetsdevoyage.net\/srilanka2017\/wp-content\/uploads\/sites\/5\/2017\/07\/IMG_3467-07-21-2017-300x225.jpg 300w, https:\/\/carnetsdevoyage.net\/srilanka2017\/wp-content\/uploads\/sites\/5\/2017\/07\/IMG_3467-07-21-2017-768x576.jpg 768w, https:\/\/carnetsdevoyage.net\/srilanka2017\/wp-content\/uploads\/sites\/5\/2017\/07\/IMG_3467-07-21-2017-1024x768.jpg 1024w, https:\/\/carnetsdevoyage.net\/srilanka2017\/wp-content\/uploads\/sites\/5\/2017\/07\/IMG_3467-07-21-2017-360x270.jpg 360w\" sizes=\"auto, (max-width: 1600px) 100vw, 1600px\" \/><\/p>\n<p>Embouteillages !<\/p>\n<p><img loading=\"lazy\" decoding=\"async\" class=\"aligncenter size-full wp-image-147\" src=\"https:\/\/carnetsdevoyage.net\/srilanka2017\/wp-content\/uploads\/sites\/5\/2017\/07\/P7210057-07-21-2017.jpg\" alt=\"\" width=\"1600\" height=\"900\" srcset=\"https:\/\/carnetsdevoyage.net\/srilanka2017\/wp-content\/uploads\/sites\/5\/2017\/07\/P7210057-07-21-2017.jpg 1600w, https:\/\/carnetsdevoyage.net\/srilanka2017\/wp-content\/uploads\/sites\/5\/2017\/07\/P7210057-07-21-2017-300x169.jpg 300w, https:\/\/carnetsdevoyage.net\/srilanka2017\/wp-content\/uploads\/sites\/5\/2017\/07\/P7210057-07-21-2017-768x432.jpg 768w, https:\/\/carnetsdevoyage.net\/srilanka2017\/wp-content\/uploads\/sites\/5\/2017\/07\/P7210057-07-21-2017-1024x576.jpg 1024w, https:\/\/carnetsdevoyage.net\/srilanka2017\/wp-content\/uploads\/sites\/5\/2017\/07\/P7210057-07-21-2017-480x270.jpg 480w\" sizes=\"auto, (max-width: 1600px) 100vw, 1600px\" \/><\/p>\n","protected":false},"excerpt":{"rendered":"<p>Les voyages sont souvent l\u2019occasion de d\u00e9couvrir des trucs \u00e9tonnants ! Des panneaux de signalisation rares chez nous\u2026 Ce brouillard a \u00e9t\u00e9 pulv\u00e9ris\u00e9 dans l\u2019avion avant et pendant le d\u00e9collage, et pendant atterrissage. Embouteillages !<\/p>\n","protected":false},"author":2,"featured_media":0,"parent":0,"menu_order":3,"comment_status":"closed","ping_status":"closed","template":"","meta":{"_crdt_document":"","footnotes":""},"class_list":["post-1455","page","type-page","status-publish","hentry"],"_links":{"self":[{"href":"https:\/\/carnetsdevoyage.net\/srilanka2017\/wp-json\/wp\/v2\/pages\/1455","targetHints":{"allow":["GET"]}}],"collection":[{"href":"https:\/\/carnetsdevoyage.net\/srilanka2017\/wp-json\/wp\/v2\/pages"}],"about":[{"href":"https:\/\/carnetsdevoyage.net\/srilanka2017\/wp-json\/wp\/v2\/types\/page"}],"author":[{"embeddable":true,"href":"https:\/\/carnetsdevoyage.net\/srilanka2017\/wp-json\/wp\/v2\/users\/2"}],"replies":[{"embeddable":true,"href":"https:\/\/carnetsdevoyage.net\/srilanka2017\/wp-json\/wp\/v2\/comments?post=1455"}],"version-history":[{"count":0,"href":"https:\/\/carnetsdevoyage.net\/srilanka2017\/wp-json\/wp\/v2\/pages\/1455\/revisions"}],"wp:attachment":[{"href":"https:\/\/carnetsdevoyage.net\/srilanka2017\/wp-json\/wp\/v2\/media?parent=1455"}],"curies":[{"name":"wp","href":"https:\/\/api.w.org\/{rel}","templated":true}]}}