{"id":1462,"date":"2017-08-29T22:13:56","date_gmt":"2017-08-29T20:13:56","guid":{"rendered":"http:\/\/srilanka2017.free.fr\/?page_id=1462"},"modified":"2017-08-29T22:13:56","modified_gmt":"2017-08-29T20:13:56","slug":"dudawalawe-a-ella-de-leau-et-du-the","status":"publish","type":"page","link":"https:\/\/carnetsdevoyage.net\/srilanka2017\/dudawalawe-a-ella-de-leau-et-du-the\/","title":{"rendered":"D&rsquo;Udawalawe \u00e0 Ella. De l&rsquo;eau et du th\u00e9 !"},"content":{"rendered":"<p>Grosse journ\u00e9e de route aujourd&rsquo;hui. Nous avons quitt\u00e9 Uduwalawe pour nous rendre en montagne, \u00e0 Ella, haut lieu touristique du Sri Lanka. C&rsquo;est la r\u00e9gion des plantations de th\u00e9.<\/p>\n<p>La longue route tr\u00e8s sinueuse pour y arriver nous a offert quelques jolis sites \u00e0 photographier, entre autres, deux tr\u00e8s belles cascades.<\/p>\n<p>La premi\u00e8re, Diyalua Falls est haute de 170 m\u00e8tres.<\/p>\n<p><img loading=\"lazy\" decoding=\"async\" class=\"aligncenter wp-image-315 size-full\" src=\"https:\/\/carnetsdevoyage.net\/srilanka2017\/wp-content\/uploads\/sites\/5\/2017\/07\/P7230347-Copier.jpg\" alt=\"\" width=\"900\" height=\"1600\" srcset=\"https:\/\/carnetsdevoyage.net\/srilanka2017\/wp-content\/uploads\/sites\/5\/2017\/07\/P7230347-Copier.jpg 900w, https:\/\/carnetsdevoyage.net\/srilanka2017\/wp-content\/uploads\/sites\/5\/2017\/07\/P7230347-Copier-169x300.jpg 169w, https:\/\/carnetsdevoyage.net\/srilanka2017\/wp-content\/uploads\/sites\/5\/2017\/07\/P7230347-Copier-768x1365.jpg 768w, https:\/\/carnetsdevoyage.net\/srilanka2017\/wp-content\/uploads\/sites\/5\/2017\/07\/P7230347-Copier-576x1024.jpg 576w, https:\/\/carnetsdevoyage.net\/srilanka2017\/wp-content\/uploads\/sites\/5\/2017\/07\/P7230347-Copier-152x270.jpg 152w\" sizes=\"auto, (max-width: 900px) 100vw, 900px\" \/><\/p>\n<p><img loading=\"lazy\" decoding=\"async\" class=\"aligncenter wp-image-314 size-full\" src=\"https:\/\/carnetsdevoyage.net\/srilanka2017\/wp-content\/uploads\/sites\/5\/2017\/07\/P7230346-Copier.jpg\" alt=\"\" width=\"1600\" height=\"900\" srcset=\"https:\/\/carnetsdevoyage.net\/srilanka2017\/wp-content\/uploads\/sites\/5\/2017\/07\/P7230346-Copier.jpg 1600w, https:\/\/carnetsdevoyage.net\/srilanka2017\/wp-content\/uploads\/sites\/5\/2017\/07\/P7230346-Copier-300x169.jpg 300w, https:\/\/carnetsdevoyage.net\/srilanka2017\/wp-content\/uploads\/sites\/5\/2017\/07\/P7230346-Copier-768x432.jpg 768w, https:\/\/carnetsdevoyage.net\/srilanka2017\/wp-content\/uploads\/sites\/5\/2017\/07\/P7230346-Copier-1024x576.jpg 1024w, https:\/\/carnetsdevoyage.net\/srilanka2017\/wp-content\/uploads\/sites\/5\/2017\/07\/P7230346-Copier-480x270.jpg 480w\" sizes=\"auto, (max-width: 1600px) 100vw, 1600px\" \/><\/p>\n<p>La seconde, Ravana Falls, haute de 82 m\u00e8tres est plus belle, se terminant en plus petites cascades et bassins.<\/p>\n<p><img loading=\"lazy\" decoding=\"async\" class=\"aligncenter wp-image-320 size-full\" src=\"https:\/\/carnetsdevoyage.net\/srilanka2017\/wp-content\/uploads\/sites\/5\/2017\/07\/P7230355-Copier.jpg\" alt=\"\" width=\"900\" height=\"1600\" srcset=\"https:\/\/carnetsdevoyage.net\/srilanka2017\/wp-content\/uploads\/sites\/5\/2017\/07\/P7230355-Copier.jpg 900w, https:\/\/carnetsdevoyage.net\/srilanka2017\/wp-content\/uploads\/sites\/5\/2017\/07\/P7230355-Copier-169x300.jpg 169w, https:\/\/carnetsdevoyage.net\/srilanka2017\/wp-content\/uploads\/sites\/5\/2017\/07\/P7230355-Copier-768x1365.jpg 768w, https:\/\/carnetsdevoyage.net\/srilanka2017\/wp-content\/uploads\/sites\/5\/2017\/07\/P7230355-Copier-576x1024.jpg 576w, https:\/\/carnetsdevoyage.net\/srilanka2017\/wp-content\/uploads\/sites\/5\/2017\/07\/P7230355-Copier-152x270.jpg 152w\" sizes=\"auto, (max-width: 900px) 100vw, 900px\" \/><\/p>\n<p><img loading=\"lazy\" decoding=\"async\" class=\"aligncenter wp-image-321 size-full\" src=\"https:\/\/carnetsdevoyage.net\/srilanka2017\/wp-content\/uploads\/sites\/5\/2017\/07\/P7230360-Copier.jpg\" alt=\"\" width=\"900\" height=\"1600\" srcset=\"https:\/\/carnetsdevoyage.net\/srilanka2017\/wp-content\/uploads\/sites\/5\/2017\/07\/P7230360-Copier.jpg 900w, https:\/\/carnetsdevoyage.net\/srilanka2017\/wp-content\/uploads\/sites\/5\/2017\/07\/P7230360-Copier-169x300.jpg 169w, https:\/\/carnetsdevoyage.net\/srilanka2017\/wp-content\/uploads\/sites\/5\/2017\/07\/P7230360-Copier-768x1365.jpg 768w, https:\/\/carnetsdevoyage.net\/srilanka2017\/wp-content\/uploads\/sites\/5\/2017\/07\/P7230360-Copier-576x1024.jpg 576w, https:\/\/carnetsdevoyage.net\/srilanka2017\/wp-content\/uploads\/sites\/5\/2017\/07\/P7230360-Copier-152x270.jpg 152w\" sizes=\"auto, (max-width: 900px) 100vw, 900px\" \/><\/p>\n<p><img loading=\"lazy\" decoding=\"async\" class=\"aligncenter wp-image-322 size-full\" src=\"https:\/\/carnetsdevoyage.net\/srilanka2017\/wp-content\/uploads\/sites\/5\/2017\/07\/P7230363-Copier.jpg\" alt=\"\" width=\"900\" height=\"1600\" srcset=\"https:\/\/carnetsdevoyage.net\/srilanka2017\/wp-content\/uploads\/sites\/5\/2017\/07\/P7230363-Copier.jpg 900w, https:\/\/carnetsdevoyage.net\/srilanka2017\/wp-content\/uploads\/sites\/5\/2017\/07\/P7230363-Copier-169x300.jpg 169w, https:\/\/carnetsdevoyage.net\/srilanka2017\/wp-content\/uploads\/sites\/5\/2017\/07\/P7230363-Copier-768x1365.jpg 768w, https:\/\/carnetsdevoyage.net\/srilanka2017\/wp-content\/uploads\/sites\/5\/2017\/07\/P7230363-Copier-576x1024.jpg 576w, https:\/\/carnetsdevoyage.net\/srilanka2017\/wp-content\/uploads\/sites\/5\/2017\/07\/P7230363-Copier-152x270.jpg 152w\" sizes=\"auto, (max-width: 900px) 100vw, 900px\" \/><\/p>\n<p>Nous sommes ensuite mont\u00e9s \u00e0 un point de vue magnifique, situ\u00e9 tout en haut d&rsquo;une des plus grandes plantations de th\u00e9 du Sri Lanka, celle de Lipton !<\/p>\n<p>Le point de vue s&rsquo;appelle Lipton Seat, et garde la m\u00e9moire d&rsquo;un lieu o\u00f9 Sir Lipton aimait s&rsquo;assoir pour admirer la vue \u00e0 360 degr\u00e9s sur la r\u00e9gion. La route pour y acc\u00e9der est plut\u00f4t difficile, et en mauvais \u00e9tat&#8230; Il nous a fallu plus d&rsquo;une heure pour parcourir ses 10 km !<\/p>\n<p><img loading=\"lazy\" decoding=\"async\" class=\"aligncenter wp-image-345 size-full\" src=\"https:\/\/carnetsdevoyage.net\/srilanka2017\/wp-content\/uploads\/sites\/5\/2017\/07\/20289969_10211455064766142_883747667_n.jpg\" alt=\"\" width=\"540\" height=\"960\" srcset=\"https:\/\/carnetsdevoyage.net\/srilanka2017\/wp-content\/uploads\/sites\/5\/2017\/07\/20289969_10211455064766142_883747667_n.jpg 540w, https:\/\/carnetsdevoyage.net\/srilanka2017\/wp-content\/uploads\/sites\/5\/2017\/07\/20289969_10211455064766142_883747667_n-169x300.jpg 169w, https:\/\/carnetsdevoyage.net\/srilanka2017\/wp-content\/uploads\/sites\/5\/2017\/07\/20289969_10211455064766142_883747667_n-152x270.jpg 152w\" sizes=\"auto, (max-width: 540px) 100vw, 540px\" \/><\/p>\n<p><img loading=\"lazy\" decoding=\"async\" class=\"aligncenter wp-image-347 size-full\" src=\"https:\/\/carnetsdevoyage.net\/srilanka2017\/wp-content\/uploads\/sites\/5\/2017\/07\/20370319_10211455062006073_915095894_n.jpg\" alt=\"\" width=\"540\" height=\"960\" srcset=\"https:\/\/carnetsdevoyage.net\/srilanka2017\/wp-content\/uploads\/sites\/5\/2017\/07\/20370319_10211455062006073_915095894_n.jpg 540w, https:\/\/carnetsdevoyage.net\/srilanka2017\/wp-content\/uploads\/sites\/5\/2017\/07\/20370319_10211455062006073_915095894_n-169x300.jpg 169w, https:\/\/carnetsdevoyage.net\/srilanka2017\/wp-content\/uploads\/sites\/5\/2017\/07\/20370319_10211455062006073_915095894_n-152x270.jpg 152w\" sizes=\"auto, (max-width: 540px) 100vw, 540px\" \/><\/p>\n<p>Les plantations de th\u00e9 s&rsquo;\u00e9tendent \u00e0 perte de vue, sur des terrains tr\u00e8s escarp\u00e9s ! On imagine sans mal la difficult\u00e9 du travail sur ces plantations, o\u00f9 tout ne peut \u00eatre fait qu&rsquo;\u00e0 la main !<\/p>\n<p>La plantation principale de Lipton s&rsquo;appelle Dambattenne.<\/p>\n<p><img loading=\"lazy\" decoding=\"async\" class=\"aligncenter wp-image-329 size-full\" src=\"https:\/\/carnetsdevoyage.net\/srilanka2017\/wp-content\/uploads\/sites\/5\/2017\/07\/P7230371-Copier.jpg\" alt=\"\" width=\"1600\" height=\"900\" srcset=\"https:\/\/carnetsdevoyage.net\/srilanka2017\/wp-content\/uploads\/sites\/5\/2017\/07\/P7230371-Copier.jpg 1600w, https:\/\/carnetsdevoyage.net\/srilanka2017\/wp-content\/uploads\/sites\/5\/2017\/07\/P7230371-Copier-300x169.jpg 300w, https:\/\/carnetsdevoyage.net\/srilanka2017\/wp-content\/uploads\/sites\/5\/2017\/07\/P7230371-Copier-768x432.jpg 768w, https:\/\/carnetsdevoyage.net\/srilanka2017\/wp-content\/uploads\/sites\/5\/2017\/07\/P7230371-Copier-1024x576.jpg 1024w, https:\/\/carnetsdevoyage.net\/srilanka2017\/wp-content\/uploads\/sites\/5\/2017\/07\/P7230371-Copier-480x270.jpg 480w\" sizes=\"auto, (max-width: 1600px) 100vw, 1600px\" \/><\/p>\n<p><img loading=\"lazy\" decoding=\"async\" class=\"aligncenter wp-image-323 size-full\" src=\"https:\/\/carnetsdevoyage.net\/srilanka2017\/wp-content\/uploads\/sites\/5\/2017\/07\/P7230364-Copier.jpg\" alt=\"\" width=\"1600\" height=\"900\" srcset=\"https:\/\/carnetsdevoyage.net\/srilanka2017\/wp-content\/uploads\/sites\/5\/2017\/07\/P7230364-Copier.jpg 1600w, https:\/\/carnetsdevoyage.net\/srilanka2017\/wp-content\/uploads\/sites\/5\/2017\/07\/P7230364-Copier-300x169.jpg 300w, https:\/\/carnetsdevoyage.net\/srilanka2017\/wp-content\/uploads\/sites\/5\/2017\/07\/P7230364-Copier-768x432.jpg 768w, https:\/\/carnetsdevoyage.net\/srilanka2017\/wp-content\/uploads\/sites\/5\/2017\/07\/P7230364-Copier-1024x576.jpg 1024w, https:\/\/carnetsdevoyage.net\/srilanka2017\/wp-content\/uploads\/sites\/5\/2017\/07\/P7230364-Copier-480x270.jpg 480w\" sizes=\"auto, (max-width: 1600px) 100vw, 1600px\" \/><\/p>\n<p><img loading=\"lazy\" decoding=\"async\" class=\"size-full wp-image-324 aligncenter\" src=\"https:\/\/carnetsdevoyage.net\/srilanka2017\/wp-content\/uploads\/sites\/5\/2017\/07\/P7230365-Copier.jpg\" alt=\"\" width=\"1600\" height=\"900\" srcset=\"https:\/\/carnetsdevoyage.net\/srilanka2017\/wp-content\/uploads\/sites\/5\/2017\/07\/P7230365-Copier.jpg 1600w, https:\/\/carnetsdevoyage.net\/srilanka2017\/wp-content\/uploads\/sites\/5\/2017\/07\/P7230365-Copier-300x169.jpg 300w, https:\/\/carnetsdevoyage.net\/srilanka2017\/wp-content\/uploads\/sites\/5\/2017\/07\/P7230365-Copier-768x432.jpg 768w, https:\/\/carnetsdevoyage.net\/srilanka2017\/wp-content\/uploads\/sites\/5\/2017\/07\/P7230365-Copier-1024x576.jpg 1024w, https:\/\/carnetsdevoyage.net\/srilanka2017\/wp-content\/uploads\/sites\/5\/2017\/07\/P7230365-Copier-480x270.jpg 480w\" sizes=\"auto, (max-width: 1600px) 100vw, 1600px\" \/><\/p>\n<p><img loading=\"lazy\" decoding=\"async\" class=\"alignnone size-full wp-image-326\" src=\"https:\/\/carnetsdevoyage.net\/srilanka2017\/wp-content\/uploads\/sites\/5\/2017\/07\/P7230366-Copier.jpg\" alt=\"\" width=\"1600\" height=\"900\" srcset=\"https:\/\/carnetsdevoyage.net\/srilanka2017\/wp-content\/uploads\/sites\/5\/2017\/07\/P7230366-Copier.jpg 1600w, https:\/\/carnetsdevoyage.net\/srilanka2017\/wp-content\/uploads\/sites\/5\/2017\/07\/P7230366-Copier-300x169.jpg 300w, https:\/\/carnetsdevoyage.net\/srilanka2017\/wp-content\/uploads\/sites\/5\/2017\/07\/P7230366-Copier-768x432.jpg 768w, https:\/\/carnetsdevoyage.net\/srilanka2017\/wp-content\/uploads\/sites\/5\/2017\/07\/P7230366-Copier-1024x576.jpg 1024w, https:\/\/carnetsdevoyage.net\/srilanka2017\/wp-content\/uploads\/sites\/5\/2017\/07\/P7230366-Copier-480x270.jpg 480w\" sizes=\"auto, (max-width: 1600px) 100vw, 1600px\" \/> <img loading=\"lazy\" decoding=\"async\" class=\"alignnone size-full wp-image-327\" src=\"https:\/\/carnetsdevoyage.net\/srilanka2017\/wp-content\/uploads\/sites\/5\/2017\/07\/P7230367-Copier.jpg\" alt=\"\" width=\"1600\" height=\"900\" srcset=\"https:\/\/carnetsdevoyage.net\/srilanka2017\/wp-content\/uploads\/sites\/5\/2017\/07\/P7230367-Copier.jpg 1600w, https:\/\/carnetsdevoyage.net\/srilanka2017\/wp-content\/uploads\/sites\/5\/2017\/07\/P7230367-Copier-300x169.jpg 300w, https:\/\/carnetsdevoyage.net\/srilanka2017\/wp-content\/uploads\/sites\/5\/2017\/07\/P7230367-Copier-768x432.jpg 768w, https:\/\/carnetsdevoyage.net\/srilanka2017\/wp-content\/uploads\/sites\/5\/2017\/07\/P7230367-Copier-1024x576.jpg 1024w, https:\/\/carnetsdevoyage.net\/srilanka2017\/wp-content\/uploads\/sites\/5\/2017\/07\/P7230367-Copier-480x270.jpg 480w\" sizes=\"auto, (max-width: 1600px) 100vw, 1600px\" \/><\/p>\n<p><img loading=\"lazy\" decoding=\"async\" class=\"aligncenter wp-image-328 size-full\" src=\"https:\/\/carnetsdevoyage.net\/srilanka2017\/wp-content\/uploads\/sites\/5\/2017\/07\/P7230369-Copier.jpg\" alt=\"\" width=\"1600\" height=\"900\" srcset=\"https:\/\/carnetsdevoyage.net\/srilanka2017\/wp-content\/uploads\/sites\/5\/2017\/07\/P7230369-Copier.jpg 1600w, https:\/\/carnetsdevoyage.net\/srilanka2017\/wp-content\/uploads\/sites\/5\/2017\/07\/P7230369-Copier-300x169.jpg 300w, https:\/\/carnetsdevoyage.net\/srilanka2017\/wp-content\/uploads\/sites\/5\/2017\/07\/P7230369-Copier-768x432.jpg 768w, https:\/\/carnetsdevoyage.net\/srilanka2017\/wp-content\/uploads\/sites\/5\/2017\/07\/P7230369-Copier-1024x576.jpg 1024w, https:\/\/carnetsdevoyage.net\/srilanka2017\/wp-content\/uploads\/sites\/5\/2017\/07\/P7230369-Copier-480x270.jpg 480w\" sizes=\"auto, (max-width: 1600px) 100vw, 1600px\" \/><\/p>\n<p><img loading=\"lazy\" decoding=\"async\" class=\"aligncenter wp-image-331 size-full\" src=\"https:\/\/carnetsdevoyage.net\/srilanka2017\/wp-content\/uploads\/sites\/5\/2017\/07\/P7230375-Copier.jpg\" alt=\"\" width=\"1600\" height=\"900\" srcset=\"https:\/\/carnetsdevoyage.net\/srilanka2017\/wp-content\/uploads\/sites\/5\/2017\/07\/P7230375-Copier.jpg 1600w, https:\/\/carnetsdevoyage.net\/srilanka2017\/wp-content\/uploads\/sites\/5\/2017\/07\/P7230375-Copier-300x169.jpg 300w, https:\/\/carnetsdevoyage.net\/srilanka2017\/wp-content\/uploads\/sites\/5\/2017\/07\/P7230375-Copier-768x432.jpg 768w, https:\/\/carnetsdevoyage.net\/srilanka2017\/wp-content\/uploads\/sites\/5\/2017\/07\/P7230375-Copier-1024x576.jpg 1024w, https:\/\/carnetsdevoyage.net\/srilanka2017\/wp-content\/uploads\/sites\/5\/2017\/07\/P7230375-Copier-480x270.jpg 480w\" sizes=\"auto, (max-width: 1600px) 100vw, 1600px\" \/><\/p>\n<p>Les ouvriers du th\u00e9 vivent sur l&rsquo;exploitation. Le propri\u00e9taire est sens\u00e9 leur fournir sur place tout ce dont ils ont besoin, h\u00f4pital, \u00e9cole, sports et loisirs&#8230;<\/p>\n<p><img loading=\"lazy\" decoding=\"async\" class=\"aligncenter wp-image-334 size-full\" src=\"https:\/\/carnetsdevoyage.net\/srilanka2017\/wp-content\/uploads\/sites\/5\/2017\/07\/P7230381-Copier.jpg\" alt=\"\" width=\"1600\" height=\"900\" srcset=\"https:\/\/carnetsdevoyage.net\/srilanka2017\/wp-content\/uploads\/sites\/5\/2017\/07\/P7230381-Copier.jpg 1600w, https:\/\/carnetsdevoyage.net\/srilanka2017\/wp-content\/uploads\/sites\/5\/2017\/07\/P7230381-Copier-300x169.jpg 300w, https:\/\/carnetsdevoyage.net\/srilanka2017\/wp-content\/uploads\/sites\/5\/2017\/07\/P7230381-Copier-768x432.jpg 768w, https:\/\/carnetsdevoyage.net\/srilanka2017\/wp-content\/uploads\/sites\/5\/2017\/07\/P7230381-Copier-1024x576.jpg 1024w, https:\/\/carnetsdevoyage.net\/srilanka2017\/wp-content\/uploads\/sites\/5\/2017\/07\/P7230381-Copier-480x270.jpg 480w\" sizes=\"auto, (max-width: 1600px) 100vw, 1600px\" \/><\/p>\n<p><img loading=\"lazy\" decoding=\"async\" class=\"aligncenter wp-image-330 size-full\" src=\"https:\/\/carnetsdevoyage.net\/srilanka2017\/wp-content\/uploads\/sites\/5\/2017\/07\/P7230372-Copier.jpg\" alt=\"\" width=\"900\" height=\"1600\" srcset=\"https:\/\/carnetsdevoyage.net\/srilanka2017\/wp-content\/uploads\/sites\/5\/2017\/07\/P7230372-Copier.jpg 900w, https:\/\/carnetsdevoyage.net\/srilanka2017\/wp-content\/uploads\/sites\/5\/2017\/07\/P7230372-Copier-169x300.jpg 169w, https:\/\/carnetsdevoyage.net\/srilanka2017\/wp-content\/uploads\/sites\/5\/2017\/07\/P7230372-Copier-768x1365.jpg 768w, https:\/\/carnetsdevoyage.net\/srilanka2017\/wp-content\/uploads\/sites\/5\/2017\/07\/P7230372-Copier-576x1024.jpg 576w, https:\/\/carnetsdevoyage.net\/srilanka2017\/wp-content\/uploads\/sites\/5\/2017\/07\/P7230372-Copier-152x270.jpg 152w\" sizes=\"auto, (max-width: 900px) 100vw, 900px\" \/><\/p>\n<p>Dans la r\u00e9alit\u00e9, les managers et chefs vivent dans de jolies maisons&#8230;<\/p>\n<p><img loading=\"lazy\" decoding=\"async\" class=\"aligncenter wp-image-335 size-full\" src=\"https:\/\/carnetsdevoyage.net\/srilanka2017\/wp-content\/uploads\/sites\/5\/2017\/07\/P7230383-Copier.jpg\" alt=\"\" width=\"1600\" height=\"900\" srcset=\"https:\/\/carnetsdevoyage.net\/srilanka2017\/wp-content\/uploads\/sites\/5\/2017\/07\/P7230383-Copier.jpg 1600w, https:\/\/carnetsdevoyage.net\/srilanka2017\/wp-content\/uploads\/sites\/5\/2017\/07\/P7230383-Copier-300x169.jpg 300w, https:\/\/carnetsdevoyage.net\/srilanka2017\/wp-content\/uploads\/sites\/5\/2017\/07\/P7230383-Copier-768x432.jpg 768w, https:\/\/carnetsdevoyage.net\/srilanka2017\/wp-content\/uploads\/sites\/5\/2017\/07\/P7230383-Copier-1024x576.jpg 1024w, https:\/\/carnetsdevoyage.net\/srilanka2017\/wp-content\/uploads\/sites\/5\/2017\/07\/P7230383-Copier-480x270.jpg 480w\" sizes=\"auto, (max-width: 1600px) 100vw, 1600px\" \/><\/p>\n<p>Les ouvriers vivent plut\u00f4t dans des maisons de t\u00f4les !<\/p>\n<p><img loading=\"lazy\" decoding=\"async\" class=\"aligncenter wp-image-340 size-full\" src=\"https:\/\/carnetsdevoyage.net\/srilanka2017\/wp-content\/uploads\/sites\/5\/2017\/07\/P7230402-Copier.jpg\" alt=\"\" width=\"1600\" height=\"900\" srcset=\"https:\/\/carnetsdevoyage.net\/srilanka2017\/wp-content\/uploads\/sites\/5\/2017\/07\/P7230402-Copier.jpg 1600w, https:\/\/carnetsdevoyage.net\/srilanka2017\/wp-content\/uploads\/sites\/5\/2017\/07\/P7230402-Copier-300x169.jpg 300w, https:\/\/carnetsdevoyage.net\/srilanka2017\/wp-content\/uploads\/sites\/5\/2017\/07\/P7230402-Copier-768x432.jpg 768w, https:\/\/carnetsdevoyage.net\/srilanka2017\/wp-content\/uploads\/sites\/5\/2017\/07\/P7230402-Copier-1024x576.jpg 1024w, https:\/\/carnetsdevoyage.net\/srilanka2017\/wp-content\/uploads\/sites\/5\/2017\/07\/P7230402-Copier-480x270.jpg 480w\" sizes=\"auto, (max-width: 1600px) 100vw, 1600px\" \/><\/p>\n<p><img loading=\"lazy\" decoding=\"async\" class=\"aligncenter wp-image-339 size-full\" src=\"https:\/\/carnetsdevoyage.net\/srilanka2017\/wp-content\/uploads\/sites\/5\/2017\/07\/P7230401-Copier-1.jpg\" alt=\"\" width=\"1600\" height=\"900\" srcset=\"https:\/\/carnetsdevoyage.net\/srilanka2017\/wp-content\/uploads\/sites\/5\/2017\/07\/P7230401-Copier-1.jpg 1600w, https:\/\/carnetsdevoyage.net\/srilanka2017\/wp-content\/uploads\/sites\/5\/2017\/07\/P7230401-Copier-1-300x169.jpg 300w, https:\/\/carnetsdevoyage.net\/srilanka2017\/wp-content\/uploads\/sites\/5\/2017\/07\/P7230401-Copier-1-768x432.jpg 768w, https:\/\/carnetsdevoyage.net\/srilanka2017\/wp-content\/uploads\/sites\/5\/2017\/07\/P7230401-Copier-1-1024x576.jpg 1024w, https:\/\/carnetsdevoyage.net\/srilanka2017\/wp-content\/uploads\/sites\/5\/2017\/07\/P7230401-Copier-1-480x270.jpg 480w\" sizes=\"auto, (max-width: 1600px) 100vw, 1600px\" \/><\/p>\n<p>La Factory o\u00f9 est pr\u00e9par\u00e9 le th\u00e9 apr\u00e8s la cueillette. Les \u00e9tages sup\u00e9rieurs bien a\u00e9r\u00e9s servent \u00e0 faire s\u00e9cher les feuilles de th\u00e9.<\/p>\n<p><img loading=\"lazy\" decoding=\"async\" class=\"aligncenter wp-image-341 size-full\" src=\"https:\/\/carnetsdevoyage.net\/srilanka2017\/wp-content\/uploads\/sites\/5\/2017\/07\/P7230404-Copier.jpg\" alt=\"\" width=\"1600\" height=\"900\" srcset=\"https:\/\/carnetsdevoyage.net\/srilanka2017\/wp-content\/uploads\/sites\/5\/2017\/07\/P7230404-Copier.jpg 1600w, https:\/\/carnetsdevoyage.net\/srilanka2017\/wp-content\/uploads\/sites\/5\/2017\/07\/P7230404-Copier-300x169.jpg 300w, https:\/\/carnetsdevoyage.net\/srilanka2017\/wp-content\/uploads\/sites\/5\/2017\/07\/P7230404-Copier-768x432.jpg 768w, https:\/\/carnetsdevoyage.net\/srilanka2017\/wp-content\/uploads\/sites\/5\/2017\/07\/P7230404-Copier-1024x576.jpg 1024w, https:\/\/carnetsdevoyage.net\/srilanka2017\/wp-content\/uploads\/sites\/5\/2017\/07\/P7230404-Copier-480x270.jpg 480w\" sizes=\"auto, (max-width: 1600px) 100vw, 1600px\" \/><\/p>\n<p>Nous avons ensuite repris la route vers Ella. Au passage, un arr\u00eat \u00e0 Dowa Rajamaha Viharaya pour admirer un antique bouddha g\u00e9ant sculpt\u00e9 dans la roche.<\/p>\n<p><img loading=\"lazy\" decoding=\"async\" class=\"alignnone size-full wp-image-342\" src=\"https:\/\/carnetsdevoyage.net\/srilanka2017\/wp-content\/uploads\/sites\/5\/2017\/07\/P7230407-Copier.jpg\" alt=\"\" width=\"900\" height=\"1600\" srcset=\"https:\/\/carnetsdevoyage.net\/srilanka2017\/wp-content\/uploads\/sites\/5\/2017\/07\/P7230407-Copier.jpg 900w, https:\/\/carnetsdevoyage.net\/srilanka2017\/wp-content\/uploads\/sites\/5\/2017\/07\/P7230407-Copier-169x300.jpg 169w, https:\/\/carnetsdevoyage.net\/srilanka2017\/wp-content\/uploads\/sites\/5\/2017\/07\/P7230407-Copier-768x1365.jpg 768w, https:\/\/carnetsdevoyage.net\/srilanka2017\/wp-content\/uploads\/sites\/5\/2017\/07\/P7230407-Copier-576x1024.jpg 576w, https:\/\/carnetsdevoyage.net\/srilanka2017\/wp-content\/uploads\/sites\/5\/2017\/07\/P7230407-Copier-152x270.jpg 152w\" sizes=\"auto, (max-width: 900px) 100vw, 900px\" \/> <img loading=\"lazy\" decoding=\"async\" class=\"aligncenter wp-image-343 size-full\" src=\"https:\/\/carnetsdevoyage.net\/srilanka2017\/wp-content\/uploads\/sites\/5\/2017\/07\/P7230409-Copier.jpg\" alt=\"\" width=\"1600\" height=\"900\" srcset=\"https:\/\/carnetsdevoyage.net\/srilanka2017\/wp-content\/uploads\/sites\/5\/2017\/07\/P7230409-Copier.jpg 1600w, https:\/\/carnetsdevoyage.net\/srilanka2017\/wp-content\/uploads\/sites\/5\/2017\/07\/P7230409-Copier-300x169.jpg 300w, https:\/\/carnetsdevoyage.net\/srilanka2017\/wp-content\/uploads\/sites\/5\/2017\/07\/P7230409-Copier-768x432.jpg 768w, https:\/\/carnetsdevoyage.net\/srilanka2017\/wp-content\/uploads\/sites\/5\/2017\/07\/P7230409-Copier-1024x576.jpg 1024w, https:\/\/carnetsdevoyage.net\/srilanka2017\/wp-content\/uploads\/sites\/5\/2017\/07\/P7230409-Copier-480x270.jpg 480w\" sizes=\"auto, (max-width: 1600px) 100vw, 1600px\" \/><\/p>\n<p>Ce soir nous allons faire un tour en ville, \u00e0 Ella, qui semble \u00eatre assez anim\u00e9e&#8230;<\/p>\n<p>Nous reprenons la route demain, pour une longue \u00e9tape, direction le bord de mer et la ville de Batticaloa.<\/p>\n<p>A demain !<\/p>\n","protected":false},"excerpt":{"rendered":"<p>Grosse journ\u00e9e de route aujourd&rsquo;hui. Nous avons quitt\u00e9 Uduwalawe pour nous rendre en montagne, \u00e0 Ella, haut lieu touristique du Sri Lanka. C&rsquo;est la r\u00e9gion des plantations de th\u00e9. La longue route tr\u00e8s sinueuse pour y arriver nous a offert quelques jolis sites \u00e0 photographier, entre autres, deux tr\u00e8s belles cascades. La premi\u00e8re, Diyalua Falls est haute de 170 m\u00e8tres. La seconde, Ravana Falls, haute de 82 m\u00e8tres est plus belle, se terminant en plus petites cascades et bassins. Nous&#8230;<\/p>\n<p class=\"read-more\"><a class=\"btn btn-default\" href=\"https:\/\/carnetsdevoyage.net\/srilanka2017\/dudawalawe-a-ella-de-leau-et-du-the\/\">Lire la suite<span class=\"screen-reader-text\"> Lire la suite<\/span><\/a><\/p>\n","protected":false},"author":2,"featured_media":0,"parent":0,"menu_order":5,"comment_status":"closed","ping_status":"closed","template":"","meta":{"_crdt_document":"","footnotes":""},"class_list":["post-1462","page","type-page","status-publish","hentry"],"_links":{"self":[{"href":"https:\/\/carnetsdevoyage.net\/srilanka2017\/wp-json\/wp\/v2\/pages\/1462","targetHints":{"allow":["GET"]}}],"collection":[{"href":"https:\/\/carnetsdevoyage.net\/srilanka2017\/wp-json\/wp\/v2\/pages"}],"about":[{"href":"https:\/\/carnetsdevoyage.net\/srilanka2017\/wp-json\/wp\/v2\/types\/page"}],"author":[{"embeddable":true,"href":"https:\/\/carnetsdevoyage.net\/srilanka2017\/wp-json\/wp\/v2\/users\/2"}],"replies":[{"embeddable":true,"href":"https:\/\/carnetsdevoyage.net\/srilanka2017\/wp-json\/wp\/v2\/comments?post=1462"}],"version-history":[{"count":0,"href":"https:\/\/carnetsdevoyage.net\/srilanka2017\/wp-json\/wp\/v2\/pages\/1462\/revisions"}],"wp:attachment":[{"href":"https:\/\/carnetsdevoyage.net\/srilanka2017\/wp-json\/wp\/v2\/media?parent=1462"}],"curies":[{"name":"wp","href":"https:\/\/api.w.org\/{rel}","templated":true}]}}