{"id":1464,"date":"2017-08-29T22:16:20","date_gmt":"2017-08-29T20:16:20","guid":{"rendered":"http:\/\/srilanka2017.free.fr\/?page_id=1464"},"modified":"2017-08-29T22:16:20","modified_gmt":"2017-08-29T20:16:20","slug":"un-peu-de-marche-et-la-longue-route-jusqua-batticaloa","status":"publish","type":"page","link":"https:\/\/carnetsdevoyage.net\/srilanka2017\/un-peu-de-marche-et-la-longue-route-jusqua-batticaloa\/","title":{"rendered":"Un peu de marche, et la longue route jusqu&rsquo;\u00e0 Batticaloa"},"content":{"rendered":"<p>Ce matin, nous sommes partis en excursion \u00e0 pied, pour monter sur un petit mont qui surplombe Ella et offre une belle vue sur toute la r\u00e9gion : le Little Adam&rsquo;s Peak.<\/p>\n<p>Little, parce que le \u00ab\u00a0vrai\u00a0\u00bb Adam&rsquo;s Peak est autrement plus haut et plus loin d&rsquo;Ella. C&rsquo;est un lieu mythique au Sri Lanka : C&rsquo;est une montagne conique haute de 2243 m, au sommet de laquelle est sens\u00e9e se trouver, pour les Bouddhistes l&#8217;empreinte du pied de Bouddha, pour les hindouistes, l&#8217;empreinte du pied de Shiva, pour les musulmans, ce qui lui a donn\u00e9 son nom, l&#8217;empreinte du pied d&rsquo;Adam lorsqu&rsquo;il est sorti du jardin d&rsquo;Eden. Les catholiques du coin y trouvent aussi leur compte, et pr\u00e9tendent eux que l&#8217;empreinte est celle de Saint Thomas&#8230;<\/p>\n<p>Notre ascension n&rsquo;\u00e9tait pas si haute, et en une bonne trentaine de minutes de marche, nous \u00e9tions au sommet. La vue y est en effet tr\u00e8s belle, et la balade vaut bien les litres de sueur que nous y avons perdu, sous les 30 degr\u00e9s matinaux !<\/p>\n<p>Loin des Shiva, Bouddha, ou autres cr\u00e9atures mythologiques, le Little Adam&rsquo;s Peak porte maintenant en son sommet l&#8217;empreinte de nos pas, la vraie !<\/p>\n<p><img loading=\"lazy\" decoding=\"async\" class=\"aligncenter wp-image-354 size-full\" src=\"https:\/\/carnetsdevoyage.net\/srilanka2017\/wp-content\/uploads\/sites\/5\/2017\/07\/DSC00443-Copier.jpg\" alt=\"\" width=\"1600\" height=\"899\" srcset=\"https:\/\/carnetsdevoyage.net\/srilanka2017\/wp-content\/uploads\/sites\/5\/2017\/07\/DSC00443-Copier.jpg 1600w, https:\/\/carnetsdevoyage.net\/srilanka2017\/wp-content\/uploads\/sites\/5\/2017\/07\/DSC00443-Copier-300x169.jpg 300w, https:\/\/carnetsdevoyage.net\/srilanka2017\/wp-content\/uploads\/sites\/5\/2017\/07\/DSC00443-Copier-768x432.jpg 768w, https:\/\/carnetsdevoyage.net\/srilanka2017\/wp-content\/uploads\/sites\/5\/2017\/07\/DSC00443-Copier-1024x575.jpg 1024w, https:\/\/carnetsdevoyage.net\/srilanka2017\/wp-content\/uploads\/sites\/5\/2017\/07\/DSC00443-Copier-481x270.jpg 481w\" sizes=\"auto, (max-width: 1600px) 100vw, 1600px\" \/><\/p>\n<p>La vue d&rsquo;en haut&#8230; <img loading=\"lazy\" decoding=\"async\" class=\"aligncenter wp-image-356 size-full\" src=\"https:\/\/carnetsdevoyage.net\/srilanka2017\/wp-content\/uploads\/sites\/5\/2017\/07\/DSC00447-Copier.jpg\" alt=\"\" width=\"1600\" height=\"899\" srcset=\"https:\/\/carnetsdevoyage.net\/srilanka2017\/wp-content\/uploads\/sites\/5\/2017\/07\/DSC00447-Copier.jpg 1600w, https:\/\/carnetsdevoyage.net\/srilanka2017\/wp-content\/uploads\/sites\/5\/2017\/07\/DSC00447-Copier-300x169.jpg 300w, https:\/\/carnetsdevoyage.net\/srilanka2017\/wp-content\/uploads\/sites\/5\/2017\/07\/DSC00447-Copier-768x432.jpg 768w, https:\/\/carnetsdevoyage.net\/srilanka2017\/wp-content\/uploads\/sites\/5\/2017\/07\/DSC00447-Copier-1024x575.jpg 1024w, https:\/\/carnetsdevoyage.net\/srilanka2017\/wp-content\/uploads\/sites\/5\/2017\/07\/DSC00447-Copier-481x270.jpg 481w\" sizes=\"auto, (max-width: 1600px) 100vw, 1600px\" \/><\/p>\n<p><img loading=\"lazy\" decoding=\"async\" class=\"aligncenter wp-image-357 size-full\" src=\"https:\/\/carnetsdevoyage.net\/srilanka2017\/wp-content\/uploads\/sites\/5\/2017\/07\/DSC00449-Copier.jpg\" alt=\"\" width=\"1600\" height=\"899\" srcset=\"https:\/\/carnetsdevoyage.net\/srilanka2017\/wp-content\/uploads\/sites\/5\/2017\/07\/DSC00449-Copier.jpg 1600w, https:\/\/carnetsdevoyage.net\/srilanka2017\/wp-content\/uploads\/sites\/5\/2017\/07\/DSC00449-Copier-300x169.jpg 300w, https:\/\/carnetsdevoyage.net\/srilanka2017\/wp-content\/uploads\/sites\/5\/2017\/07\/DSC00449-Copier-768x432.jpg 768w, https:\/\/carnetsdevoyage.net\/srilanka2017\/wp-content\/uploads\/sites\/5\/2017\/07\/DSC00449-Copier-1024x575.jpg 1024w, https:\/\/carnetsdevoyage.net\/srilanka2017\/wp-content\/uploads\/sites\/5\/2017\/07\/DSC00449-Copier-481x270.jpg 481w\" sizes=\"auto, (max-width: 1600px) 100vw, 1600px\" \/><\/p>\n<p>La vue sur la petite ville d&rsquo;Ella<\/p>\n<p><img loading=\"lazy\" decoding=\"async\" class=\"aligncenter wp-image-358 size-full\" src=\"https:\/\/carnetsdevoyage.net\/srilanka2017\/wp-content\/uploads\/sites\/5\/2017\/07\/DSC00452-Copier.jpg\" alt=\"\" width=\"1600\" height=\"899\" srcset=\"https:\/\/carnetsdevoyage.net\/srilanka2017\/wp-content\/uploads\/sites\/5\/2017\/07\/DSC00452-Copier.jpg 1600w, https:\/\/carnetsdevoyage.net\/srilanka2017\/wp-content\/uploads\/sites\/5\/2017\/07\/DSC00452-Copier-300x169.jpg 300w, https:\/\/carnetsdevoyage.net\/srilanka2017\/wp-content\/uploads\/sites\/5\/2017\/07\/DSC00452-Copier-768x432.jpg 768w, https:\/\/carnetsdevoyage.net\/srilanka2017\/wp-content\/uploads\/sites\/5\/2017\/07\/DSC00452-Copier-1024x575.jpg 1024w, https:\/\/carnetsdevoyage.net\/srilanka2017\/wp-content\/uploads\/sites\/5\/2017\/07\/DSC00452-Copier-481x270.jpg 481w\" sizes=\"auto, (max-width: 1600px) 100vw, 1600px\" \/><\/p>\n<p>La Factory de th\u00e9 locale<\/p>\n<p><img loading=\"lazy\" decoding=\"async\" class=\"aligncenter wp-image-360 size-full\" src=\"https:\/\/carnetsdevoyage.net\/srilanka2017\/wp-content\/uploads\/sites\/5\/2017\/07\/DSC00454-Copier.jpg\" alt=\"\" width=\"1600\" height=\"899\" srcset=\"https:\/\/carnetsdevoyage.net\/srilanka2017\/wp-content\/uploads\/sites\/5\/2017\/07\/DSC00454-Copier.jpg 1600w, https:\/\/carnetsdevoyage.net\/srilanka2017\/wp-content\/uploads\/sites\/5\/2017\/07\/DSC00454-Copier-300x169.jpg 300w, https:\/\/carnetsdevoyage.net\/srilanka2017\/wp-content\/uploads\/sites\/5\/2017\/07\/DSC00454-Copier-768x432.jpg 768w, https:\/\/carnetsdevoyage.net\/srilanka2017\/wp-content\/uploads\/sites\/5\/2017\/07\/DSC00454-Copier-1024x575.jpg 1024w, https:\/\/carnetsdevoyage.net\/srilanka2017\/wp-content\/uploads\/sites\/5\/2017\/07\/DSC00454-Copier-481x270.jpg 481w\" sizes=\"auto, (max-width: 1600px) 100vw, 1600px\" \/><\/p>\n<p>La ville d&rsquo;Ella n&rsquo;est pas tr\u00e8s belle, mais son cadre est magnifique. Ceci dit, c&rsquo;est la premi\u00e8re ville que nous voyons qui commence \u00e0 prendre en compte l\u2019int\u00e9r\u00eat du tourisme ! Nous y avons m\u00eame trouv\u00e9 deux boutiques et quelques restaurants !<\/p>\n<p><img loading=\"lazy\" decoding=\"async\" class=\"aligncenter wp-image-390 size-full\" src=\"https:\/\/carnetsdevoyage.net\/srilanka2017\/wp-content\/uploads\/sites\/5\/2017\/07\/20401091_10211467666241171_2008095373_n.jpg\" alt=\"\" width=\"960\" height=\"720\" srcset=\"https:\/\/carnetsdevoyage.net\/srilanka2017\/wp-content\/uploads\/sites\/5\/2017\/07\/20401091_10211467666241171_2008095373_n.jpg 960w, https:\/\/carnetsdevoyage.net\/srilanka2017\/wp-content\/uploads\/sites\/5\/2017\/07\/20401091_10211467666241171_2008095373_n-300x225.jpg 300w, https:\/\/carnetsdevoyage.net\/srilanka2017\/wp-content\/uploads\/sites\/5\/2017\/07\/20401091_10211467666241171_2008095373_n-768x576.jpg 768w, https:\/\/carnetsdevoyage.net\/srilanka2017\/wp-content\/uploads\/sites\/5\/2017\/07\/20401091_10211467666241171_2008095373_n-360x270.jpg 360w\" sizes=\"auto, (max-width: 960px) 100vw, 960px\" \/><\/p>\n<p>Les bus roulent comme des dingues et traversent l&rsquo;\u00eele \u00e0 toute berzingue. Il y a des centaines de lignes, qui permettent aux Sri Lankais de se d\u00e9placer un peu partout, dans un confort tr\u00e8s sommaire !<\/p>\n<p><img loading=\"lazy\" decoding=\"async\" class=\"aligncenter wp-image-387 size-full\" src=\"https:\/\/carnetsdevoyage.net\/srilanka2017\/wp-content\/uploads\/sites\/5\/2017\/07\/20370936_10211467663361099_1472615702_n.jpg\" alt=\"\" width=\"960\" height=\"720\" srcset=\"https:\/\/carnetsdevoyage.net\/srilanka2017\/wp-content\/uploads\/sites\/5\/2017\/07\/20370936_10211467663361099_1472615702_n.jpg 960w, https:\/\/carnetsdevoyage.net\/srilanka2017\/wp-content\/uploads\/sites\/5\/2017\/07\/20370936_10211467663361099_1472615702_n-300x225.jpg 300w, https:\/\/carnetsdevoyage.net\/srilanka2017\/wp-content\/uploads\/sites\/5\/2017\/07\/20370936_10211467663361099_1472615702_n-768x576.jpg 768w, https:\/\/carnetsdevoyage.net\/srilanka2017\/wp-content\/uploads\/sites\/5\/2017\/07\/20370936_10211467663361099_1472615702_n-360x270.jpg 360w\" sizes=\"auto, (max-width: 960px) 100vw, 960px\" \/><\/p>\n<p><img loading=\"lazy\" decoding=\"async\" class=\"aligncenter wp-image-383 size-full\" src=\"https:\/\/carnetsdevoyage.net\/srilanka2017\/wp-content\/uploads\/sites\/5\/2017\/07\/20290013_10211467670561279_1765283107_n.jpg\" alt=\"\" width=\"960\" height=\"720\" srcset=\"https:\/\/carnetsdevoyage.net\/srilanka2017\/wp-content\/uploads\/sites\/5\/2017\/07\/20290013_10211467670561279_1765283107_n.jpg 960w, https:\/\/carnetsdevoyage.net\/srilanka2017\/wp-content\/uploads\/sites\/5\/2017\/07\/20290013_10211467670561279_1765283107_n-300x225.jpg 300w, https:\/\/carnetsdevoyage.net\/srilanka2017\/wp-content\/uploads\/sites\/5\/2017\/07\/20290013_10211467670561279_1765283107_n-768x576.jpg 768w, https:\/\/carnetsdevoyage.net\/srilanka2017\/wp-content\/uploads\/sites\/5\/2017\/07\/20290013_10211467670561279_1765283107_n-360x270.jpg 360w\" sizes=\"auto, (max-width: 960px) 100vw, 960px\" \/><\/p>\n<p>Apr\u00e8s notre petite balade matinale, nous avons repris la route, en direction de Batticaloa, ville au bord de l&rsquo;oc\u00e9an Indien. Cette \u00e9tape \u00e9tait longue, tr\u00e8s longue : plus de 200 km, mais en plus de 4 heures 30 de route !<\/p>\n<p>Comme \u00e0 <a href=\"http:\/\/bali2016.free.fr\">Bali <\/a>ou \u00e0 <a href=\"http:\/\/bali2016.free.fr\">Flores<\/a>, les \u00e9coliers portent l&rsquo;uniforme, et quand on passe au moment de la sortie des classes, on en croise des centaines !<\/p>\n<p><img loading=\"lazy\" decoding=\"async\" class=\"aligncenter wp-image-382 size-full\" src=\"https:\/\/carnetsdevoyage.net\/srilanka2017\/wp-content\/uploads\/sites\/5\/2017\/07\/DSC00468-Copier-1.jpg\" alt=\"\" width=\"1600\" height=\"899\" srcset=\"https:\/\/carnetsdevoyage.net\/srilanka2017\/wp-content\/uploads\/sites\/5\/2017\/07\/DSC00468-Copier-1.jpg 1600w, https:\/\/carnetsdevoyage.net\/srilanka2017\/wp-content\/uploads\/sites\/5\/2017\/07\/DSC00468-Copier-1-300x169.jpg 300w, https:\/\/carnetsdevoyage.net\/srilanka2017\/wp-content\/uploads\/sites\/5\/2017\/07\/DSC00468-Copier-1-768x432.jpg 768w, https:\/\/carnetsdevoyage.net\/srilanka2017\/wp-content\/uploads\/sites\/5\/2017\/07\/DSC00468-Copier-1-1024x575.jpg 1024w, https:\/\/carnetsdevoyage.net\/srilanka2017\/wp-content\/uploads\/sites\/5\/2017\/07\/DSC00468-Copier-1-481x270.jpg 481w\" sizes=\"auto, (max-width: 1600px) 100vw, 1600px\" \/><\/p>\n<p>Apr\u00e8s, ce sont de beaux arbres gigantesques, beaucoup de vaches, des singes&#8230; Longue la route !<\/p>\n<p><img loading=\"lazy\" decoding=\"async\" class=\"aligncenter wp-image-365 size-full\" src=\"https:\/\/carnetsdevoyage.net\/srilanka2017\/wp-content\/uploads\/sites\/5\/2017\/07\/DSC00467-Copier.jpg\" alt=\"\" width=\"1600\" height=\"899\" srcset=\"https:\/\/carnetsdevoyage.net\/srilanka2017\/wp-content\/uploads\/sites\/5\/2017\/07\/DSC00467-Copier.jpg 1600w, https:\/\/carnetsdevoyage.net\/srilanka2017\/wp-content\/uploads\/sites\/5\/2017\/07\/DSC00467-Copier-300x169.jpg 300w, https:\/\/carnetsdevoyage.net\/srilanka2017\/wp-content\/uploads\/sites\/5\/2017\/07\/DSC00467-Copier-768x432.jpg 768w, https:\/\/carnetsdevoyage.net\/srilanka2017\/wp-content\/uploads\/sites\/5\/2017\/07\/DSC00467-Copier-1024x575.jpg 1024w, https:\/\/carnetsdevoyage.net\/srilanka2017\/wp-content\/uploads\/sites\/5\/2017\/07\/DSC00467-Copier-481x270.jpg 481w\" sizes=\"auto, (max-width: 1600px) 100vw, 1600px\" \/><\/p>\n<p><img loading=\"lazy\" decoding=\"async\" class=\"aligncenter wp-image-368 size-full\" src=\"https:\/\/carnetsdevoyage.net\/srilanka2017\/wp-content\/uploads\/sites\/5\/2017\/07\/DSC00471-Copier.jpg\" alt=\"\" width=\"1600\" height=\"899\" srcset=\"https:\/\/carnetsdevoyage.net\/srilanka2017\/wp-content\/uploads\/sites\/5\/2017\/07\/DSC00471-Copier.jpg 1600w, https:\/\/carnetsdevoyage.net\/srilanka2017\/wp-content\/uploads\/sites\/5\/2017\/07\/DSC00471-Copier-300x169.jpg 300w, https:\/\/carnetsdevoyage.net\/srilanka2017\/wp-content\/uploads\/sites\/5\/2017\/07\/DSC00471-Copier-768x432.jpg 768w, https:\/\/carnetsdevoyage.net\/srilanka2017\/wp-content\/uploads\/sites\/5\/2017\/07\/DSC00471-Copier-1024x575.jpg 1024w, https:\/\/carnetsdevoyage.net\/srilanka2017\/wp-content\/uploads\/sites\/5\/2017\/07\/DSC00471-Copier-481x270.jpg 481w\" sizes=\"auto, (max-width: 1600px) 100vw, 1600px\" \/><\/p>\n<p><img loading=\"lazy\" decoding=\"async\" class=\"aligncenter wp-image-369 size-full\" src=\"https:\/\/carnetsdevoyage.net\/srilanka2017\/wp-content\/uploads\/sites\/5\/2017\/07\/DSC00472-Copier.jpg\" alt=\"\" width=\"1600\" height=\"899\" srcset=\"https:\/\/carnetsdevoyage.net\/srilanka2017\/wp-content\/uploads\/sites\/5\/2017\/07\/DSC00472-Copier.jpg 1600w, https:\/\/carnetsdevoyage.net\/srilanka2017\/wp-content\/uploads\/sites\/5\/2017\/07\/DSC00472-Copier-300x169.jpg 300w, https:\/\/carnetsdevoyage.net\/srilanka2017\/wp-content\/uploads\/sites\/5\/2017\/07\/DSC00472-Copier-768x432.jpg 768w, https:\/\/carnetsdevoyage.net\/srilanka2017\/wp-content\/uploads\/sites\/5\/2017\/07\/DSC00472-Copier-1024x575.jpg 1024w, https:\/\/carnetsdevoyage.net\/srilanka2017\/wp-content\/uploads\/sites\/5\/2017\/07\/DSC00472-Copier-481x270.jpg 481w\" sizes=\"auto, (max-width: 1600px) 100vw, 1600px\" \/><\/p>\n<p><img loading=\"lazy\" decoding=\"async\" class=\"aligncenter wp-image-370 size-full\" src=\"https:\/\/carnetsdevoyage.net\/srilanka2017\/wp-content\/uploads\/sites\/5\/2017\/07\/DSC00473-Copier.jpg\" alt=\"\" width=\"1600\" height=\"899\" srcset=\"https:\/\/carnetsdevoyage.net\/srilanka2017\/wp-content\/uploads\/sites\/5\/2017\/07\/DSC00473-Copier.jpg 1600w, https:\/\/carnetsdevoyage.net\/srilanka2017\/wp-content\/uploads\/sites\/5\/2017\/07\/DSC00473-Copier-300x169.jpg 300w, https:\/\/carnetsdevoyage.net\/srilanka2017\/wp-content\/uploads\/sites\/5\/2017\/07\/DSC00473-Copier-768x432.jpg 768w, https:\/\/carnetsdevoyage.net\/srilanka2017\/wp-content\/uploads\/sites\/5\/2017\/07\/DSC00473-Copier-1024x575.jpg 1024w, https:\/\/carnetsdevoyage.net\/srilanka2017\/wp-content\/uploads\/sites\/5\/2017\/07\/DSC00473-Copier-481x270.jpg 481w\" sizes=\"auto, (max-width: 1600px) 100vw, 1600px\" \/><\/p>\n<p><img loading=\"lazy\" decoding=\"async\" class=\"aligncenter wp-image-364 size-full\" src=\"https:\/\/carnetsdevoyage.net\/srilanka2017\/wp-content\/uploads\/sites\/5\/2017\/07\/DSC00466-Copier.jpg\" alt=\"\" width=\"1600\" height=\"899\" srcset=\"https:\/\/carnetsdevoyage.net\/srilanka2017\/wp-content\/uploads\/sites\/5\/2017\/07\/DSC00466-Copier.jpg 1600w, https:\/\/carnetsdevoyage.net\/srilanka2017\/wp-content\/uploads\/sites\/5\/2017\/07\/DSC00466-Copier-300x169.jpg 300w, https:\/\/carnetsdevoyage.net\/srilanka2017\/wp-content\/uploads\/sites\/5\/2017\/07\/DSC00466-Copier-768x432.jpg 768w, https:\/\/carnetsdevoyage.net\/srilanka2017\/wp-content\/uploads\/sites\/5\/2017\/07\/DSC00466-Copier-1024x575.jpg 1024w, https:\/\/carnetsdevoyage.net\/srilanka2017\/wp-content\/uploads\/sites\/5\/2017\/07\/DSC00466-Copier-481x270.jpg 481w\" sizes=\"auto, (max-width: 1600px) 100vw, 1600px\" \/><\/p>\n<p><img loading=\"lazy\" decoding=\"async\" class=\"aligncenter wp-image-363 size-full\" src=\"https:\/\/carnetsdevoyage.net\/srilanka2017\/wp-content\/uploads\/sites\/5\/2017\/07\/DSC00463-Copier.jpg\" alt=\"\" width=\"1600\" height=\"899\" srcset=\"https:\/\/carnetsdevoyage.net\/srilanka2017\/wp-content\/uploads\/sites\/5\/2017\/07\/DSC00463-Copier.jpg 1600w, https:\/\/carnetsdevoyage.net\/srilanka2017\/wp-content\/uploads\/sites\/5\/2017\/07\/DSC00463-Copier-300x169.jpg 300w, https:\/\/carnetsdevoyage.net\/srilanka2017\/wp-content\/uploads\/sites\/5\/2017\/07\/DSC00463-Copier-768x432.jpg 768w, https:\/\/carnetsdevoyage.net\/srilanka2017\/wp-content\/uploads\/sites\/5\/2017\/07\/DSC00463-Copier-1024x575.jpg 1024w, https:\/\/carnetsdevoyage.net\/srilanka2017\/wp-content\/uploads\/sites\/5\/2017\/07\/DSC00463-Copier-481x270.jpg 481w\" sizes=\"auto, (max-width: 1600px) 100vw, 1600px\" \/><\/p>\n<p><img loading=\"lazy\" decoding=\"async\" class=\"aligncenter wp-image-372 size-full\" src=\"https:\/\/carnetsdevoyage.net\/srilanka2017\/wp-content\/uploads\/sites\/5\/2017\/07\/DSC00474-Copier-1.jpg\" alt=\"\" width=\"1600\" height=\"899\" srcset=\"https:\/\/carnetsdevoyage.net\/srilanka2017\/wp-content\/uploads\/sites\/5\/2017\/07\/DSC00474-Copier-1.jpg 1600w, https:\/\/carnetsdevoyage.net\/srilanka2017\/wp-content\/uploads\/sites\/5\/2017\/07\/DSC00474-Copier-1-300x169.jpg 300w, https:\/\/carnetsdevoyage.net\/srilanka2017\/wp-content\/uploads\/sites\/5\/2017\/07\/DSC00474-Copier-1-768x432.jpg 768w, https:\/\/carnetsdevoyage.net\/srilanka2017\/wp-content\/uploads\/sites\/5\/2017\/07\/DSC00474-Copier-1-1024x575.jpg 1024w, https:\/\/carnetsdevoyage.net\/srilanka2017\/wp-content\/uploads\/sites\/5\/2017\/07\/DSC00474-Copier-1-481x270.jpg 481w\" sizes=\"auto, (max-width: 1600px) 100vw, 1600px\" \/><\/p>\n<p>Arriv\u00e9s \u00e0 Batticaloa, nous avons enfin d\u00e9couvert notre premier \u00ab\u00a0vrai\u00a0\u00bb h\u00f4tel : un endroit avec un sol en dur, une piscine, un accueil&#8230; Jusqu&rsquo;\u00e0 pr\u00e9sent, nos arr\u00eats se sont plut\u00f4t trouv\u00e9s dans des endroits tr\u00e8s sommaires, tr\u00e8s typiques, un peu cheap, mais par contre on a toujours \u00e9t\u00e9 tr\u00e8s bien accueillis !<\/p>\n<p>L&rsquo;h\u00f4tel East Lagoon, au bord de la lagune de Batticaloa (ou il y a des crocodiles, mais que l&rsquo;on pas encore vus !).<\/p>\n<p><img loading=\"lazy\" decoding=\"async\" class=\"aligncenter wp-image-385 size-full\" src=\"https:\/\/carnetsdevoyage.net\/srilanka2017\/wp-content\/uploads\/sites\/5\/2017\/07\/20370798_10211467671721308_1905124304_n.jpg\" alt=\"\" width=\"960\" height=\"720\" srcset=\"https:\/\/carnetsdevoyage.net\/srilanka2017\/wp-content\/uploads\/sites\/5\/2017\/07\/20370798_10211467671721308_1905124304_n.jpg 960w, https:\/\/carnetsdevoyage.net\/srilanka2017\/wp-content\/uploads\/sites\/5\/2017\/07\/20370798_10211467671721308_1905124304_n-300x225.jpg 300w, https:\/\/carnetsdevoyage.net\/srilanka2017\/wp-content\/uploads\/sites\/5\/2017\/07\/20370798_10211467671721308_1905124304_n-768x576.jpg 768w, https:\/\/carnetsdevoyage.net\/srilanka2017\/wp-content\/uploads\/sites\/5\/2017\/07\/20370798_10211467671721308_1905124304_n-360x270.jpg 360w\" sizes=\"auto, (max-width: 960px) 100vw, 960px\" \/><\/p>\n<p><img loading=\"lazy\" decoding=\"async\" class=\"aligncenter wp-image-384 size-full\" src=\"https:\/\/carnetsdevoyage.net\/srilanka2017\/wp-content\/uploads\/sites\/5\/2017\/07\/20370542_10211467672441326_22955479_n.jpg\" alt=\"\" width=\"960\" height=\"720\" srcset=\"https:\/\/carnetsdevoyage.net\/srilanka2017\/wp-content\/uploads\/sites\/5\/2017\/07\/20370542_10211467672441326_22955479_n.jpg 960w, https:\/\/carnetsdevoyage.net\/srilanka2017\/wp-content\/uploads\/sites\/5\/2017\/07\/20370542_10211467672441326_22955479_n-300x225.jpg 300w, https:\/\/carnetsdevoyage.net\/srilanka2017\/wp-content\/uploads\/sites\/5\/2017\/07\/20370542_10211467672441326_22955479_n-768x576.jpg 768w, https:\/\/carnetsdevoyage.net\/srilanka2017\/wp-content\/uploads\/sites\/5\/2017\/07\/20370542_10211467672441326_22955479_n-360x270.jpg 360w\" sizes=\"auto, (max-width: 960px) 100vw, 960px\" \/><\/p>\n<p><img loading=\"lazy\" decoding=\"async\" class=\"aligncenter wp-image-376 size-full\" src=\"https:\/\/carnetsdevoyage.net\/srilanka2017\/wp-content\/uploads\/sites\/5\/2017\/07\/IMG_3551-Copier.jpg\" alt=\"\" width=\"1600\" height=\"1200\" srcset=\"https:\/\/carnetsdevoyage.net\/srilanka2017\/wp-content\/uploads\/sites\/5\/2017\/07\/IMG_3551-Copier.jpg 1600w, https:\/\/carnetsdevoyage.net\/srilanka2017\/wp-content\/uploads\/sites\/5\/2017\/07\/IMG_3551-Copier-300x225.jpg 300w, https:\/\/carnetsdevoyage.net\/srilanka2017\/wp-content\/uploads\/sites\/5\/2017\/07\/IMG_3551-Copier-768x576.jpg 768w, https:\/\/carnetsdevoyage.net\/srilanka2017\/wp-content\/uploads\/sites\/5\/2017\/07\/IMG_3551-Copier-1024x768.jpg 1024w, https:\/\/carnetsdevoyage.net\/srilanka2017\/wp-content\/uploads\/sites\/5\/2017\/07\/IMG_3551-Copier-360x270.jpg 360w\" sizes=\"auto, (max-width: 1600px) 100vw, 1600px\" \/><\/p>\n<p><img loading=\"lazy\" decoding=\"async\" class=\"aligncenter wp-image-373 size-full\" src=\"https:\/\/carnetsdevoyage.net\/srilanka2017\/wp-content\/uploads\/sites\/5\/2017\/07\/IMG_3546-Copier.jpg\" alt=\"\" width=\"1600\" height=\"1200\" srcset=\"https:\/\/carnetsdevoyage.net\/srilanka2017\/wp-content\/uploads\/sites\/5\/2017\/07\/IMG_3546-Copier.jpg 1600w, https:\/\/carnetsdevoyage.net\/srilanka2017\/wp-content\/uploads\/sites\/5\/2017\/07\/IMG_3546-Copier-300x225.jpg 300w, https:\/\/carnetsdevoyage.net\/srilanka2017\/wp-content\/uploads\/sites\/5\/2017\/07\/IMG_3546-Copier-768x576.jpg 768w, https:\/\/carnetsdevoyage.net\/srilanka2017\/wp-content\/uploads\/sites\/5\/2017\/07\/IMG_3546-Copier-1024x768.jpg 1024w, https:\/\/carnetsdevoyage.net\/srilanka2017\/wp-content\/uploads\/sites\/5\/2017\/07\/IMG_3546-Copier-360x270.jpg 360w\" sizes=\"auto, (max-width: 1600px) 100vw, 1600px\" \/><\/p>\n<p>Nous avons fini l&rsquo;apr\u00e8s-midi au bord et dans la piscine&#8230; L&rsquo;eau y est presque plus chaude que l&rsquo;air, soit un bon 35 degr\u00e9s minimum !<\/p>\n<p><img loading=\"lazy\" decoding=\"async\" class=\"aligncenter wp-image-389 size-full\" src=\"https:\/\/carnetsdevoyage.net\/srilanka2017\/wp-content\/uploads\/sites\/5\/2017\/07\/20400947_10211467671121293_1516404291_n.jpg\" alt=\"\" width=\"960\" height=\"720\" srcset=\"https:\/\/carnetsdevoyage.net\/srilanka2017\/wp-content\/uploads\/sites\/5\/2017\/07\/20400947_10211467671121293_1516404291_n.jpg 960w, https:\/\/carnetsdevoyage.net\/srilanka2017\/wp-content\/uploads\/sites\/5\/2017\/07\/20400947_10211467671121293_1516404291_n-300x225.jpg 300w, https:\/\/carnetsdevoyage.net\/srilanka2017\/wp-content\/uploads\/sites\/5\/2017\/07\/20400947_10211467671121293_1516404291_n-768x576.jpg 768w, https:\/\/carnetsdevoyage.net\/srilanka2017\/wp-content\/uploads\/sites\/5\/2017\/07\/20400947_10211467671121293_1516404291_n-360x270.jpg 360w\" sizes=\"auto, (max-width: 960px) 100vw, 960px\" \/> Demain nous partons explorer au nord de Batticaloa, vers ce qui est consid\u00e9r\u00e9 comme le plus beau littoral du coin !<\/p>\n<p>A demain !<\/p>\n","protected":false},"excerpt":{"rendered":"<p>Ce matin, nous sommes partis en excursion \u00e0 pied, pour monter sur un petit mont qui surplombe Ella et offre une belle vue sur toute la r\u00e9gion : le Little Adam&rsquo;s Peak. Little, parce que le \u00ab\u00a0vrai\u00a0\u00bb Adam&rsquo;s Peak est autrement plus haut et plus loin d&rsquo;Ella. C&rsquo;est un lieu mythique au Sri Lanka : C&rsquo;est une montagne conique haute de 2243 m, au sommet de laquelle est sens\u00e9e se trouver, pour les Bouddhistes l&#8217;empreinte du pied de Bouddha, pour&#8230;<\/p>\n<p class=\"read-more\"><a class=\"btn btn-default\" href=\"https:\/\/carnetsdevoyage.net\/srilanka2017\/un-peu-de-marche-et-la-longue-route-jusqua-batticaloa\/\">Lire la suite<span class=\"screen-reader-text\"> Lire la suite<\/span><\/a><\/p>\n","protected":false},"author":2,"featured_media":0,"parent":0,"menu_order":6,"comment_status":"closed","ping_status":"closed","template":"","meta":{"_crdt_document":"","footnotes":""},"class_list":["post-1464","page","type-page","status-publish","hentry"],"_links":{"self":[{"href":"https:\/\/carnetsdevoyage.net\/srilanka2017\/wp-json\/wp\/v2\/pages\/1464","targetHints":{"allow":["GET"]}}],"collection":[{"href":"https:\/\/carnetsdevoyage.net\/srilanka2017\/wp-json\/wp\/v2\/pages"}],"about":[{"href":"https:\/\/carnetsdevoyage.net\/srilanka2017\/wp-json\/wp\/v2\/types\/page"}],"author":[{"embeddable":true,"href":"https:\/\/carnetsdevoyage.net\/srilanka2017\/wp-json\/wp\/v2\/users\/2"}],"replies":[{"embeddable":true,"href":"https:\/\/carnetsdevoyage.net\/srilanka2017\/wp-json\/wp\/v2\/comments?post=1464"}],"version-history":[{"count":0,"href":"https:\/\/carnetsdevoyage.net\/srilanka2017\/wp-json\/wp\/v2\/pages\/1464\/revisions"}],"wp:attachment":[{"href":"https:\/\/carnetsdevoyage.net\/srilanka2017\/wp-json\/wp\/v2\/media?parent=1464"}],"curies":[{"name":"wp","href":"https:\/\/api.w.org\/{rel}","templated":true}]}}