{"id":1472,"date":"2017-08-29T22:21:17","date_gmt":"2017-08-29T20:21:17","guid":{"rendered":"http:\/\/srilanka2017.free.fr\/?page_id=1472"},"modified":"2017-08-29T22:21:17","modified_gmt":"2017-08-29T20:21:17","slug":"pigeon-island-et-les-dents-de-la-mer","status":"publish","type":"page","link":"https:\/\/carnetsdevoyage.net\/srilanka2017\/pigeon-island-et-les-dents-de-la-mer\/","title":{"rendered":"Pigeon Island et les Dents de la mer !"},"content":{"rendered":"<p>Au r\u00e9veil ce matin, plus de pluie, plus d&rsquo;orage, plus de gros nuages mena\u00e7ants&#8230; La mousson d&rsquo;hier est oubli\u00e9e, et on retrouve un magnifique ciel bleu et la chaleur qu&rsquo;on aime !<\/p>\n<p>Direction Pigeon Island, une petite \u00eele toute proche de la plage de Nilaveli.<\/p>\n<p><img loading=\"lazy\" decoding=\"async\" class=\"aligncenter wp-image-454 size-full\" src=\"https:\/\/carnetsdevoyage.net\/srilanka2017\/wp-content\/uploads\/sites\/5\/2017\/07\/20427853_10213662628869669_1395955375_n-Copier.jpg\" alt=\"\" width=\"1600\" height=\"1200\" srcset=\"https:\/\/carnetsdevoyage.net\/srilanka2017\/wp-content\/uploads\/sites\/5\/2017\/07\/20427853_10213662628869669_1395955375_n-Copier.jpg 1600w, https:\/\/carnetsdevoyage.net\/srilanka2017\/wp-content\/uploads\/sites\/5\/2017\/07\/20427853_10213662628869669_1395955375_n-Copier-300x225.jpg 300w, https:\/\/carnetsdevoyage.net\/srilanka2017\/wp-content\/uploads\/sites\/5\/2017\/07\/20427853_10213662628869669_1395955375_n-Copier-768x576.jpg 768w, https:\/\/carnetsdevoyage.net\/srilanka2017\/wp-content\/uploads\/sites\/5\/2017\/07\/20427853_10213662628869669_1395955375_n-Copier-1024x768.jpg 1024w, https:\/\/carnetsdevoyage.net\/srilanka2017\/wp-content\/uploads\/sites\/5\/2017\/07\/20427853_10213662628869669_1395955375_n-Copier-360x270.jpg 360w\" sizes=\"auto, (max-width: 1600px) 100vw, 1600px\" \/><\/p>\n<p>Avant d&rsquo;arriver, nous sommes tomb\u00e9s sur un groupe de petits singes \u00e0 face noire.<\/p>\n<p><img loading=\"lazy\" decoding=\"async\" class=\"aligncenter wp-image-492 size-large\" src=\"https:\/\/carnetsdevoyage.net\/srilanka2017\/wp-content\/uploads\/sites\/5\/2017\/07\/20428570_10211504688486704_1721159212_n-Copier-576x1024.jpg\" alt=\"\" width=\"576\" height=\"1024\" srcset=\"https:\/\/carnetsdevoyage.net\/srilanka2017\/wp-content\/uploads\/sites\/5\/2017\/07\/20428570_10211504688486704_1721159212_n-Copier-576x1024.jpg 576w, https:\/\/carnetsdevoyage.net\/srilanka2017\/wp-content\/uploads\/sites\/5\/2017\/07\/20428570_10211504688486704_1721159212_n-Copier-169x300.jpg 169w, https:\/\/carnetsdevoyage.net\/srilanka2017\/wp-content\/uploads\/sites\/5\/2017\/07\/20428570_10211504688486704_1721159212_n-Copier-768x1365.jpg 768w, https:\/\/carnetsdevoyage.net\/srilanka2017\/wp-content\/uploads\/sites\/5\/2017\/07\/20428570_10211504688486704_1721159212_n-Copier-152x270.jpg 152w, https:\/\/carnetsdevoyage.net\/srilanka2017\/wp-content\/uploads\/sites\/5\/2017\/07\/20428570_10211504688486704_1721159212_n-Copier.jpg 1600w\" sizes=\"auto, (max-width: 576px) 100vw, 576px\" \/><\/p>\n<p><img loading=\"lazy\" decoding=\"async\" class=\"aligncenter wp-image-496 size-full\" src=\"https:\/\/carnetsdevoyage.net\/srilanka2017\/wp-content\/uploads\/sites\/5\/2017\/07\/20471791_10211504687166671_1844827102_n-Copier.jpg\" alt=\"\" width=\"1600\" height=\"1200\" srcset=\"https:\/\/carnetsdevoyage.net\/srilanka2017\/wp-content\/uploads\/sites\/5\/2017\/07\/20471791_10211504687166671_1844827102_n-Copier.jpg 1600w, https:\/\/carnetsdevoyage.net\/srilanka2017\/wp-content\/uploads\/sites\/5\/2017\/07\/20471791_10211504687166671_1844827102_n-Copier-300x225.jpg 300w, https:\/\/carnetsdevoyage.net\/srilanka2017\/wp-content\/uploads\/sites\/5\/2017\/07\/20471791_10211504687166671_1844827102_n-Copier-768x576.jpg 768w, https:\/\/carnetsdevoyage.net\/srilanka2017\/wp-content\/uploads\/sites\/5\/2017\/07\/20471791_10211504687166671_1844827102_n-Copier-1024x768.jpg 1024w, https:\/\/carnetsdevoyage.net\/srilanka2017\/wp-content\/uploads\/sites\/5\/2017\/07\/20471791_10211504687166671_1844827102_n-Copier-360x270.jpg 360w\" sizes=\"auto, (max-width: 1600px) 100vw, 1600px\" \/><\/p>\n<p><img loading=\"lazy\" decoding=\"async\" class=\"aligncenter wp-image-497 size-full\" src=\"https:\/\/carnetsdevoyage.net\/srilanka2017\/wp-content\/uploads\/sites\/5\/2017\/07\/20471879_10211504687606682_1448815395_n-Copier.jpg\" alt=\"\" width=\"1600\" height=\"1200\" srcset=\"https:\/\/carnetsdevoyage.net\/srilanka2017\/wp-content\/uploads\/sites\/5\/2017\/07\/20471879_10211504687606682_1448815395_n-Copier.jpg 1600w, https:\/\/carnetsdevoyage.net\/srilanka2017\/wp-content\/uploads\/sites\/5\/2017\/07\/20471879_10211504687606682_1448815395_n-Copier-300x225.jpg 300w, https:\/\/carnetsdevoyage.net\/srilanka2017\/wp-content\/uploads\/sites\/5\/2017\/07\/20471879_10211504687606682_1448815395_n-Copier-768x576.jpg 768w, https:\/\/carnetsdevoyage.net\/srilanka2017\/wp-content\/uploads\/sites\/5\/2017\/07\/20471879_10211504687606682_1448815395_n-Copier-1024x768.jpg 1024w, https:\/\/carnetsdevoyage.net\/srilanka2017\/wp-content\/uploads\/sites\/5\/2017\/07\/20471879_10211504687606682_1448815395_n-Copier-360x270.jpg 360w\" sizes=\"auto, (max-width: 1600px) 100vw, 1600px\" \/><\/p>\n<p><img loading=\"lazy\" decoding=\"async\" class=\"aligncenter wp-image-495 size-large\" src=\"https:\/\/carnetsdevoyage.net\/srilanka2017\/wp-content\/uploads\/sites\/5\/2017\/07\/20464565_10211504688566706_1033930512_n-Copier-576x1024.jpg\" alt=\"\" width=\"576\" height=\"1024\" srcset=\"https:\/\/carnetsdevoyage.net\/srilanka2017\/wp-content\/uploads\/sites\/5\/2017\/07\/20464565_10211504688566706_1033930512_n-Copier-576x1024.jpg 576w, https:\/\/carnetsdevoyage.net\/srilanka2017\/wp-content\/uploads\/sites\/5\/2017\/07\/20464565_10211504688566706_1033930512_n-Copier-169x300.jpg 169w, https:\/\/carnetsdevoyage.net\/srilanka2017\/wp-content\/uploads\/sites\/5\/2017\/07\/20464565_10211504688566706_1033930512_n-Copier-768x1365.jpg 768w, https:\/\/carnetsdevoyage.net\/srilanka2017\/wp-content\/uploads\/sites\/5\/2017\/07\/20464565_10211504688566706_1033930512_n-Copier-152x270.jpg 152w, https:\/\/carnetsdevoyage.net\/srilanka2017\/wp-content\/uploads\/sites\/5\/2017\/07\/20464565_10211504688566706_1033930512_n-Copier.jpg 1600w\" sizes=\"auto, (max-width: 576px) 100vw, 576px\" \/><\/p>\n<p>L&rsquo;\u00eele est dans un parc naturel prot\u00e9g\u00e9, et il faut payer un droit d&rsquo;acc\u00e8s pour y aller. 5000 roupies, environ 28 \u20ac pour deux. A cela s&rsquo;ajoute le tarif du bateau, 2000 roupies, environ 11 \u20ac. La travers\u00e9e ne dure qu&rsquo;un quart d&rsquo;heure.<\/p>\n<p>Nous sommes arriv\u00e9s les premiers sur l&rsquo;\u00eele, et j&rsquo;ai pu en profiter pour partir tout de suite en snorkeling, avant que les autres touristes arrivent.<\/p>\n<p>Depuis la <a href=\"http:\/\/thailande2015.free.fr\">Tha\u00eflande<\/a>, puis ensuite \u00e0 <a href=\"http:\/\/www.bali2016.fr\">Bali et Flores<\/a>, je cherche \u00e0 voir un animal : une tortue&#8230; J&rsquo;en ai rat\u00e9 une de peu pendant ma certification de plong\u00e9e \u00e0 <a href=\"http:\/\/www.bali2016.fr\">Bali<\/a>, et j&rsquo;avais eu la chance de voir un requin \u00e0 la place !<\/p>\n<p>Mais l\u00e0, enfin, j&rsquo;ai pu en observer une tranquillement, pendant plusieurs minutes, alors qu&rsquo;elle \u00e9tait tr\u00e8s occup\u00e9e \u00e0 manger. Alors je vous pr\u00e9viens, il va y avoir quelques photos de la b\u00eate !<\/p>\n<p><img loading=\"lazy\" decoding=\"async\" class=\"aligncenter wp-image-500 size-full\" src=\"https:\/\/carnetsdevoyage.net\/srilanka2017\/wp-content\/uploads\/sites\/5\/2017\/07\/DSCN1167-Copier.jpg\" alt=\"\" width=\"1600\" height=\"1200\" srcset=\"https:\/\/carnetsdevoyage.net\/srilanka2017\/wp-content\/uploads\/sites\/5\/2017\/07\/DSCN1167-Copier.jpg 1600w, https:\/\/carnetsdevoyage.net\/srilanka2017\/wp-content\/uploads\/sites\/5\/2017\/07\/DSCN1167-Copier-300x225.jpg 300w, https:\/\/carnetsdevoyage.net\/srilanka2017\/wp-content\/uploads\/sites\/5\/2017\/07\/DSCN1167-Copier-768x576.jpg 768w, https:\/\/carnetsdevoyage.net\/srilanka2017\/wp-content\/uploads\/sites\/5\/2017\/07\/DSCN1167-Copier-1024x768.jpg 1024w, https:\/\/carnetsdevoyage.net\/srilanka2017\/wp-content\/uploads\/sites\/5\/2017\/07\/DSCN1167-Copier-360x270.jpg 360w\" sizes=\"auto, (max-width: 1600px) 100vw, 1600px\" \/><\/p>\n<p><img loading=\"lazy\" decoding=\"async\" class=\"size-full wp-image-501 aligncenter\" src=\"https:\/\/carnetsdevoyage.net\/srilanka2017\/wp-content\/uploads\/sites\/5\/2017\/07\/DSCN1169-Copier.jpg\" alt=\"\" width=\"1600\" height=\"1200\" srcset=\"https:\/\/carnetsdevoyage.net\/srilanka2017\/wp-content\/uploads\/sites\/5\/2017\/07\/DSCN1169-Copier.jpg 1600w, https:\/\/carnetsdevoyage.net\/srilanka2017\/wp-content\/uploads\/sites\/5\/2017\/07\/DSCN1169-Copier-300x225.jpg 300w, https:\/\/carnetsdevoyage.net\/srilanka2017\/wp-content\/uploads\/sites\/5\/2017\/07\/DSCN1169-Copier-768x576.jpg 768w, https:\/\/carnetsdevoyage.net\/srilanka2017\/wp-content\/uploads\/sites\/5\/2017\/07\/DSCN1169-Copier-1024x768.jpg 1024w, https:\/\/carnetsdevoyage.net\/srilanka2017\/wp-content\/uploads\/sites\/5\/2017\/07\/DSCN1169-Copier-360x270.jpg 360w\" sizes=\"auto, (max-width: 1600px) 100vw, 1600px\" \/><\/p>\n<p><img loading=\"lazy\" decoding=\"async\" class=\"alignnone size-full wp-image-502\" src=\"https:\/\/carnetsdevoyage.net\/srilanka2017\/wp-content\/uploads\/sites\/5\/2017\/07\/DSCN1182-Copier.jpg\" alt=\"\" width=\"1600\" height=\"1200\" srcset=\"https:\/\/carnetsdevoyage.net\/srilanka2017\/wp-content\/uploads\/sites\/5\/2017\/07\/DSCN1182-Copier.jpg 1600w, https:\/\/carnetsdevoyage.net\/srilanka2017\/wp-content\/uploads\/sites\/5\/2017\/07\/DSCN1182-Copier-300x225.jpg 300w, https:\/\/carnetsdevoyage.net\/srilanka2017\/wp-content\/uploads\/sites\/5\/2017\/07\/DSCN1182-Copier-768x576.jpg 768w, https:\/\/carnetsdevoyage.net\/srilanka2017\/wp-content\/uploads\/sites\/5\/2017\/07\/DSCN1182-Copier-1024x768.jpg 1024w, https:\/\/carnetsdevoyage.net\/srilanka2017\/wp-content\/uploads\/sites\/5\/2017\/07\/DSCN1182-Copier-360x270.jpg 360w\" sizes=\"auto, (max-width: 1600px) 100vw, 1600px\" \/><\/p>\n<p><img loading=\"lazy\" decoding=\"async\" class=\"alignnone size-full wp-image-503\" src=\"https:\/\/carnetsdevoyage.net\/srilanka2017\/wp-content\/uploads\/sites\/5\/2017\/07\/DSCN1183-Copier.jpg\" alt=\"\" width=\"1600\" height=\"1200\" srcset=\"https:\/\/carnetsdevoyage.net\/srilanka2017\/wp-content\/uploads\/sites\/5\/2017\/07\/DSCN1183-Copier.jpg 1600w, https:\/\/carnetsdevoyage.net\/srilanka2017\/wp-content\/uploads\/sites\/5\/2017\/07\/DSCN1183-Copier-300x225.jpg 300w, https:\/\/carnetsdevoyage.net\/srilanka2017\/wp-content\/uploads\/sites\/5\/2017\/07\/DSCN1183-Copier-768x576.jpg 768w, https:\/\/carnetsdevoyage.net\/srilanka2017\/wp-content\/uploads\/sites\/5\/2017\/07\/DSCN1183-Copier-1024x768.jpg 1024w, https:\/\/carnetsdevoyage.net\/srilanka2017\/wp-content\/uploads\/sites\/5\/2017\/07\/DSCN1183-Copier-360x270.jpg 360w\" sizes=\"auto, (max-width: 1600px) 100vw, 1600px\" \/><\/p>\n<p><img loading=\"lazy\" decoding=\"async\" class=\"alignnone size-full wp-image-504\" src=\"https:\/\/carnetsdevoyage.net\/srilanka2017\/wp-content\/uploads\/sites\/5\/2017\/07\/DSCN1185-Copier.jpg\" alt=\"\" width=\"1600\" height=\"1200\" \/><\/p>\n<p><img loading=\"lazy\" decoding=\"async\" class=\"alignnone size-full wp-image-505\" src=\"https:\/\/carnetsdevoyage.net\/srilanka2017\/wp-content\/uploads\/sites\/5\/2017\/07\/DSCN1186-Copier.jpg\" alt=\"\" width=\"1600\" height=\"1200\" \/><\/p>\n<p><img loading=\"lazy\" decoding=\"async\" class=\"alignnone size-full wp-image-506\" src=\"https:\/\/carnetsdevoyage.net\/srilanka2017\/wp-content\/uploads\/sites\/5\/2017\/07\/DSCN1187-Copier.jpg\" alt=\"\" width=\"1600\" height=\"1200\" \/> <img loading=\"lazy\" decoding=\"async\" class=\"aligncenter wp-image-507 size-full\" src=\"https:\/\/carnetsdevoyage.net\/srilanka2017\/wp-content\/uploads\/sites\/5\/2017\/07\/DSCN1188-Copier.jpg\" alt=\"\" width=\"1600\" height=\"1200\" \/><\/p>\n<p>Apr\u00e8s la tortue, j&rsquo;ai continu\u00e9 mon p\u00e9riple aquatique, et je suis tomb\u00e9 sur plusieurs requins \u00e0 pointes noires ! De belle taille, mais sans aucun danger&#8230; J&rsquo;en ai m\u00eame caress\u00e9 un du bout de son nez au bout de sa queue ! La peau est \u00e0 la fois une peu rugueuse et douce.<\/p>\n<p><img loading=\"lazy\" decoding=\"async\" class=\"alignnone size-full wp-image-509\" src=\"https:\/\/carnetsdevoyage.net\/srilanka2017\/wp-content\/uploads\/sites\/5\/2017\/07\/DSCN1200-Copier.jpg\" alt=\"\" width=\"1600\" height=\"1200\" \/> <img loading=\"lazy\" decoding=\"async\" class=\"alignnone size-full wp-image-510\" src=\"https:\/\/carnetsdevoyage.net\/srilanka2017\/wp-content\/uploads\/sites\/5\/2017\/07\/DSCN1201-Copier.jpg\" alt=\"\" width=\"1600\" height=\"1200\" \/><\/p>\n<p><img loading=\"lazy\" decoding=\"async\" class=\"alignnone size-full wp-image-511\" src=\"https:\/\/carnetsdevoyage.net\/srilanka2017\/wp-content\/uploads\/sites\/5\/2017\/07\/DSCN1203-Copier.jpg\" alt=\"\" width=\"1600\" height=\"1200\" \/><\/p>\n<p>Et bien s\u00fbr des poissons de toutes les formes et couleurs !<\/p>\n<p><img loading=\"lazy\" decoding=\"async\" class=\"alignnone size-full wp-image-512\" src=\"https:\/\/carnetsdevoyage.net\/srilanka2017\/wp-content\/uploads\/sites\/5\/2017\/07\/DSCN1209-Copier.jpg\" alt=\"\" width=\"1600\" height=\"1200\" \/> <img loading=\"lazy\" decoding=\"async\" class=\"aligncenter wp-image-516 size-full\" src=\"https:\/\/carnetsdevoyage.net\/srilanka2017\/wp-content\/uploads\/sites\/5\/2017\/07\/DSCN1216-Copier.jpg\" alt=\"\" width=\"1600\" height=\"1200\" \/><\/p>\n<p><img loading=\"lazy\" decoding=\"async\" class=\"aligncenter wp-image-518 size-full\" src=\"https:\/\/carnetsdevoyage.net\/srilanka2017\/wp-content\/uploads\/sites\/5\/2017\/07\/DSCN1220-Copier.jpg\" alt=\"\" width=\"1600\" height=\"1200\" \/><\/p>\n<p><img loading=\"lazy\" decoding=\"async\" class=\"aligncenter wp-image-520 size-full\" src=\"https:\/\/carnetsdevoyage.net\/srilanka2017\/wp-content\/uploads\/sites\/5\/2017\/07\/DSCN1239-Copier.jpg\" alt=\"\" width=\"1600\" height=\"1200\" \/><\/p>\n<p><img loading=\"lazy\" decoding=\"async\" class=\"aligncenter wp-image-521 size-full\" src=\"https:\/\/carnetsdevoyage.net\/srilanka2017\/wp-content\/uploads\/sites\/5\/2017\/07\/DSCN1240-Copier.jpg\" alt=\"\" width=\"1600\" height=\"1200\" \/><\/p>\n<p><img loading=\"lazy\" decoding=\"async\" class=\"alignnone size-full wp-image-513\" src=\"https:\/\/carnetsdevoyage.net\/srilanka2017\/wp-content\/uploads\/sites\/5\/2017\/07\/DSCN1210-Copier.jpg\" alt=\"\" width=\"1600\" height=\"1200\" \/><\/p>\n<p><img loading=\"lazy\" decoding=\"async\" class=\"aligncenter wp-image-514 size-full\" src=\"https:\/\/carnetsdevoyage.net\/srilanka2017\/wp-content\/uploads\/sites\/5\/2017\/07\/DSCN1211-Copier.jpg\" alt=\"\" width=\"1600\" height=\"1200\" \/><\/p>\n<p><img loading=\"lazy\" decoding=\"async\" class=\"aligncenter wp-image-515 size-full\" src=\"https:\/\/carnetsdevoyage.net\/srilanka2017\/wp-content\/uploads\/sites\/5\/2017\/07\/DSCN1213-Copier.jpg\" alt=\"\" width=\"1600\" height=\"1200\" \/><\/p>\n<p>Celui l\u00e0 \u00e9tait particuli\u00e8rement amoch\u00e9 ! Vous le verrez aussi dans la vid\u00e9o 2 en dessous.<\/p>\n<p><img loading=\"lazy\" decoding=\"async\" class=\"size-full wp-image-519 aligncenter\" src=\"https:\/\/carnetsdevoyage.net\/srilanka2017\/wp-content\/uploads\/sites\/5\/2017\/07\/DSCN1232-Copier.jpg\" alt=\"\" width=\"1600\" height=\"1200\" \/><\/p>\n<p>Le reste de l&rsquo;ile, hors de l&rsquo;eau est assez sympa aussi !<\/p>\n<p><img loading=\"lazy\" decoding=\"async\" class=\"aligncenter wp-image-490 size-full\" src=\"https:\/\/carnetsdevoyage.net\/srilanka2017\/wp-content\/uploads\/sites\/5\/2017\/07\/20428374_10211504689526730_577782139_n-Copier.jpg\" alt=\"\" width=\"1600\" height=\"900\" srcset=\"https:\/\/carnetsdevoyage.net\/srilanka2017\/wp-content\/uploads\/sites\/5\/2017\/07\/20428374_10211504689526730_577782139_n-Copier.jpg 1600w, https:\/\/carnetsdevoyage.net\/srilanka2017\/wp-content\/uploads\/sites\/5\/2017\/07\/20428374_10211504689526730_577782139_n-Copier-300x169.jpg 300w, https:\/\/carnetsdevoyage.net\/srilanka2017\/wp-content\/uploads\/sites\/5\/2017\/07\/20428374_10211504689526730_577782139_n-Copier-768x432.jpg 768w, https:\/\/carnetsdevoyage.net\/srilanka2017\/wp-content\/uploads\/sites\/5\/2017\/07\/20428374_10211504689526730_577782139_n-Copier-1024x576.jpg 1024w, https:\/\/carnetsdevoyage.net\/srilanka2017\/wp-content\/uploads\/sites\/5\/2017\/07\/20428374_10211504689526730_577782139_n-Copier-480x270.jpg 480w\" sizes=\"auto, (max-width: 1600px) 100vw, 1600px\" \/><\/p>\n<p><img loading=\"lazy\" decoding=\"async\" class=\"aligncenter wp-image-491 size-full\" src=\"https:\/\/carnetsdevoyage.net\/srilanka2017\/wp-content\/uploads\/sites\/5\/2017\/07\/20428501_10211504689326725_1685234649_n-Copier.jpg\" alt=\"\" width=\"1600\" height=\"900\" srcset=\"https:\/\/carnetsdevoyage.net\/srilanka2017\/wp-content\/uploads\/sites\/5\/2017\/07\/20428501_10211504689326725_1685234649_n-Copier.jpg 1600w, https:\/\/carnetsdevoyage.net\/srilanka2017\/wp-content\/uploads\/sites\/5\/2017\/07\/20428501_10211504689326725_1685234649_n-Copier-300x169.jpg 300w, https:\/\/carnetsdevoyage.net\/srilanka2017\/wp-content\/uploads\/sites\/5\/2017\/07\/20428501_10211504689326725_1685234649_n-Copier-768x432.jpg 768w, https:\/\/carnetsdevoyage.net\/srilanka2017\/wp-content\/uploads\/sites\/5\/2017\/07\/20428501_10211504689326725_1685234649_n-Copier-1024x576.jpg 1024w, https:\/\/carnetsdevoyage.net\/srilanka2017\/wp-content\/uploads\/sites\/5\/2017\/07\/20428501_10211504689326725_1685234649_n-Copier-480x270.jpg 480w\" sizes=\"auto, (max-width: 1600px) 100vw, 1600px\" \/><\/p>\n<p>Depuis arriv\u00e9e au Sri Lanka, un animal se fait particuli\u00e8rement remarquer : le corbeau ! Il y en a partout, et leur chant m\u00e9lodieux rythme nos journ\u00e9es !<\/p>\n<p><img loading=\"lazy\" decoding=\"async\" class=\"aligncenter wp-image-488 size-full\" src=\"https:\/\/carnetsdevoyage.net\/srilanka2017\/wp-content\/uploads\/sites\/5\/2017\/07\/20428178_10211504688806712_1552249408_n-Copier.jpg\" alt=\"\" width=\"1600\" height=\"900\" srcset=\"https:\/\/carnetsdevoyage.net\/srilanka2017\/wp-content\/uploads\/sites\/5\/2017\/07\/20428178_10211504688806712_1552249408_n-Copier.jpg 1600w, https:\/\/carnetsdevoyage.net\/srilanka2017\/wp-content\/uploads\/sites\/5\/2017\/07\/20428178_10211504688806712_1552249408_n-Copier-300x169.jpg 300w, https:\/\/carnetsdevoyage.net\/srilanka2017\/wp-content\/uploads\/sites\/5\/2017\/07\/20428178_10211504688806712_1552249408_n-Copier-768x432.jpg 768w, https:\/\/carnetsdevoyage.net\/srilanka2017\/wp-content\/uploads\/sites\/5\/2017\/07\/20428178_10211504688806712_1552249408_n-Copier-1024x576.jpg 1024w, https:\/\/carnetsdevoyage.net\/srilanka2017\/wp-content\/uploads\/sites\/5\/2017\/07\/20428178_10211504688806712_1552249408_n-Copier-480x270.jpg 480w\" sizes=\"auto, (max-width: 1600px) 100vw, 1600px\" \/><\/p>\n<p><img loading=\"lazy\" decoding=\"async\" class=\"aligncenter wp-image-493 size-large\" src=\"https:\/\/carnetsdevoyage.net\/srilanka2017\/wp-content\/uploads\/sites\/5\/2017\/07\/20464359_10211504688606707_1184871466_n-Copier-576x1024.jpg\" alt=\"\" width=\"576\" height=\"1024\" srcset=\"https:\/\/carnetsdevoyage.net\/srilanka2017\/wp-content\/uploads\/sites\/5\/2017\/07\/20464359_10211504688606707_1184871466_n-Copier-576x1024.jpg 576w, https:\/\/carnetsdevoyage.net\/srilanka2017\/wp-content\/uploads\/sites\/5\/2017\/07\/20464359_10211504688606707_1184871466_n-Copier-169x300.jpg 169w, https:\/\/carnetsdevoyage.net\/srilanka2017\/wp-content\/uploads\/sites\/5\/2017\/07\/20464359_10211504688606707_1184871466_n-Copier-768x1365.jpg 768w, https:\/\/carnetsdevoyage.net\/srilanka2017\/wp-content\/uploads\/sites\/5\/2017\/07\/20464359_10211504688606707_1184871466_n-Copier-152x270.jpg 152w, https:\/\/carnetsdevoyage.net\/srilanka2017\/wp-content\/uploads\/sites\/5\/2017\/07\/20464359_10211504688606707_1184871466_n-Copier.jpg 1600w\" sizes=\"auto, (max-width: 576px) 100vw, 576px\" \/><\/p>\n<p><img loading=\"lazy\" decoding=\"async\" class=\"aligncenter wp-image-498 size-full\" src=\"https:\/\/carnetsdevoyage.net\/srilanka2017\/wp-content\/uploads\/sites\/5\/2017\/07\/20472252_10211504688886714_98002842_n-Copier.jpg\" alt=\"\" width=\"1600\" height=\"898\" srcset=\"https:\/\/carnetsdevoyage.net\/srilanka2017\/wp-content\/uploads\/sites\/5\/2017\/07\/20472252_10211504688886714_98002842_n-Copier.jpg 1600w, https:\/\/carnetsdevoyage.net\/srilanka2017\/wp-content\/uploads\/sites\/5\/2017\/07\/20472252_10211504688886714_98002842_n-Copier-300x168.jpg 300w, https:\/\/carnetsdevoyage.net\/srilanka2017\/wp-content\/uploads\/sites\/5\/2017\/07\/20472252_10211504688886714_98002842_n-Copier-768x431.jpg 768w, https:\/\/carnetsdevoyage.net\/srilanka2017\/wp-content\/uploads\/sites\/5\/2017\/07\/20472252_10211504688886714_98002842_n-Copier-1024x575.jpg 1024w, https:\/\/carnetsdevoyage.net\/srilanka2017\/wp-content\/uploads\/sites\/5\/2017\/07\/20472252_10211504688886714_98002842_n-Copier-481x270.jpg 481w\" sizes=\"auto, (max-width: 1600px) 100vw, 1600px\" \/><\/p>\n<p>Nous avons quitt\u00e9 l&rsquo;\u00eele en fin de matin\u00e9e, pour finir au bord de la piscine ! Vers 15 heures, comme hier, le temps s&rsquo;est tout \u00e0 coup couvert, et la pluie est tomb\u00e9e. Moins forte qu&rsquo;hier cependant, et \u00e0 l&rsquo;heure o\u00f9 j&rsquo;\u00e9cris ces lignes (18 heures), il ne pleut plus depuis un bon moment, et le ciel se d\u00e9gage !<\/p>\n<p>Une derni\u00e8re vue sur Pigeon Island.<\/p>\n<p><img loading=\"lazy\" decoding=\"async\" class=\"aligncenter wp-image-494 size-full\" src=\"https:\/\/carnetsdevoyage.net\/srilanka2017\/wp-content\/uploads\/sites\/5\/2017\/07\/20464387_10211504689406727_1974114881_n-Copier.jpg\" alt=\"\" width=\"1600\" height=\"898\" srcset=\"https:\/\/carnetsdevoyage.net\/srilanka2017\/wp-content\/uploads\/sites\/5\/2017\/07\/20464387_10211504689406727_1974114881_n-Copier.jpg 1600w, https:\/\/carnetsdevoyage.net\/srilanka2017\/wp-content\/uploads\/sites\/5\/2017\/07\/20464387_10211504689406727_1974114881_n-Copier-300x168.jpg 300w, https:\/\/carnetsdevoyage.net\/srilanka2017\/wp-content\/uploads\/sites\/5\/2017\/07\/20464387_10211504689406727_1974114881_n-Copier-768x431.jpg 768w, https:\/\/carnetsdevoyage.net\/srilanka2017\/wp-content\/uploads\/sites\/5\/2017\/07\/20464387_10211504689406727_1974114881_n-Copier-1024x575.jpg 1024w, https:\/\/carnetsdevoyage.net\/srilanka2017\/wp-content\/uploads\/sites\/5\/2017\/07\/20464387_10211504689406727_1974114881_n-Copier-481x270.jpg 481w\" sizes=\"auto, (max-width: 1600px) 100vw, 1600px\" \/><\/p>\n<p>Demain matin nous partons visiter quelques ruines&#8230;<\/p>\n<p>Quelques petites vid\u00e9o du jour. Spielberg n&rsquo;a qu&rsquo;\u00e0 bien se tenir !<\/p>\n<p>Un petit aper\u00e7u de la conduite au Sri Lanka : l\u00e0, c&rsquo;est plut\u00f4t calme&#8230; Un coup de klaxon quand on double, deux coups pour dire de d\u00e9gager, et en g\u00e9n\u00e9ral, \u00e7a passe \ud83d\ude09<\/p>\n<p>A demain !<\/p>\n","protected":false},"excerpt":{"rendered":"<p>Au r\u00e9veil ce matin, plus de pluie, plus d&rsquo;orage, plus de gros nuages mena\u00e7ants&#8230; La mousson d&rsquo;hier est oubli\u00e9e, et on retrouve un magnifique ciel bleu et la chaleur qu&rsquo;on aime ! Direction Pigeon Island, une petite \u00eele toute proche de la plage de Nilaveli. Avant d&rsquo;arriver, nous sommes tomb\u00e9s sur un groupe de petits singes \u00e0 face noire. L&rsquo;\u00eele est dans un parc naturel prot\u00e9g\u00e9, et il faut payer un droit d&rsquo;acc\u00e8s pour y aller. 5000 roupies, environ 28&#8230;<\/p>\n<p class=\"read-more\"><a class=\"btn btn-default\" href=\"https:\/\/carnetsdevoyage.net\/srilanka2017\/pigeon-island-et-les-dents-de-la-mer\/\">Lire la suite<span class=\"screen-reader-text\"> Lire la suite<\/span><\/a><\/p>\n","protected":false},"author":2,"featured_media":0,"parent":0,"menu_order":10,"comment_status":"closed","ping_status":"closed","template":"","meta":{"_crdt_document":"","footnotes":""},"class_list":["post-1472","page","type-page","status-publish","hentry"],"_links":{"self":[{"href":"https:\/\/carnetsdevoyage.net\/srilanka2017\/wp-json\/wp\/v2\/pages\/1472","targetHints":{"allow":["GET"]}}],"collection":[{"href":"https:\/\/carnetsdevoyage.net\/srilanka2017\/wp-json\/wp\/v2\/pages"}],"about":[{"href":"https:\/\/carnetsdevoyage.net\/srilanka2017\/wp-json\/wp\/v2\/types\/page"}],"author":[{"embeddable":true,"href":"https:\/\/carnetsdevoyage.net\/srilanka2017\/wp-json\/wp\/v2\/users\/2"}],"replies":[{"embeddable":true,"href":"https:\/\/carnetsdevoyage.net\/srilanka2017\/wp-json\/wp\/v2\/comments?post=1472"}],"version-history":[{"count":0,"href":"https:\/\/carnetsdevoyage.net\/srilanka2017\/wp-json\/wp\/v2\/pages\/1472\/revisions"}],"wp:attachment":[{"href":"https:\/\/carnetsdevoyage.net\/srilanka2017\/wp-json\/wp\/v2\/media?parent=1472"}],"curies":[{"name":"wp","href":"https:\/\/api.w.org\/{rel}","templated":true}]}}