{"id":1476,"date":"2017-08-29T22:22:19","date_gmt":"2017-08-29T20:22:19","guid":{"rendered":"http:\/\/srilanka2017.free.fr\/?page_id=1476"},"modified":"2017-08-29T22:22:19","modified_gmt":"2017-08-29T20:22:19","slug":"velgam-vehera-soleil-mousson-soleil","status":"publish","type":"page","link":"https:\/\/carnetsdevoyage.net\/srilanka2017\/velgam-vehera-soleil-mousson-soleil\/","title":{"rendered":"Velgam Vehera, soleil, mousson, soleil&#8230;"},"content":{"rendered":"<p>Petite matin\u00e9e de balade aujourd&rsquo;hui. Nous sommes partis \u00e0 quelques km de Nilaveli, visiter les ruines d&rsquo;un temple Tamoulo-Bouddhiste, Velgam Vehera.<\/p>\n<p>Il se situe \u00e0 environ 10 km au nord de Trincomalee, et la route (piste !) qui nous y a men\u00e9s longe un lagon.<\/p>\n<p><img loading=\"lazy\" decoding=\"async\" class=\"wp-image-525 size-full aligncenter\" src=\"https:\/\/carnetsdevoyage.net\/srilanka2017\/wp-content\/uploads\/sites\/5\/2017\/07\/P7291148-Copier.jpg\" alt=\"\" width=\"1600\" height=\"900\" \/><\/p>\n<p><img loading=\"lazy\" decoding=\"async\" class=\"wp-image-526 size-full aligncenter\" src=\"https:\/\/carnetsdevoyage.net\/srilanka2017\/wp-content\/uploads\/sites\/5\/2017\/07\/P7291149-Copier.jpg\" alt=\"\" width=\"1600\" height=\"900\" \/><\/p>\n<p><img loading=\"lazy\" decoding=\"async\" class=\"wp-image-527 size-full aligncenter\" src=\"https:\/\/carnetsdevoyage.net\/srilanka2017\/wp-content\/uploads\/sites\/5\/2017\/07\/P7291152-Copier.jpg\" alt=\"\" width=\"1600\" height=\"900\" \/><\/p>\n<p><img loading=\"lazy\" decoding=\"async\" class=\"size-full wp-image-528 aligncenter\" src=\"https:\/\/carnetsdevoyage.net\/srilanka2017\/wp-content\/uploads\/sites\/5\/2017\/07\/P7291155-Copier.jpg\" alt=\"\" width=\"1600\" height=\"900\" \/><\/p>\n<p>Ce temple date du II\u00e8me si\u00e8cle avant JC, et t\u00e9moigne de l&rsquo;occupation Tamoul dans cette r\u00e9gion depuis des mill\u00e9naires. Ils \u00e9taient \u00e0 l&rsquo;\u00e9poque des conqu\u00e9rants venant de l&rsquo;Inde toute proche.<\/p>\n<p>On peut encore apercevoir quelques colonnes, une statue de Bouddha, et de nombreuses st\u00e8les en Tamoul.<\/p>\n<p><img loading=\"lazy\" decoding=\"async\" class=\"wp-image-532 size-full aligncenter\" src=\"https:\/\/carnetsdevoyage.net\/srilanka2017\/wp-content\/uploads\/sites\/5\/2017\/07\/P7291160-Copier.jpg\" alt=\"\" width=\"1600\" height=\"900\" \/><\/p>\n<p><img loading=\"lazy\" decoding=\"async\" class=\"aligncenter wp-image-533 size-full\" src=\"https:\/\/carnetsdevoyage.net\/srilanka2017\/wp-content\/uploads\/sites\/5\/2017\/07\/P7291163-Copier.jpg\" alt=\"\" width=\"1600\" height=\"900\" \/><\/p>\n<p>Le site est maintenant peupl\u00e9 de macaques. Nous ne sommes pas dans une zone tr\u00e8s touristique, et les singes ici ne nous sautent pas dessus, mais pr\u00e9f\u00e8rent nous fuir.<\/p>\n<p><img loading=\"lazy\" decoding=\"async\" class=\"size-full wp-image-530 aligncenter\" src=\"https:\/\/carnetsdevoyage.net\/srilanka2017\/wp-content\/uploads\/sites\/5\/2017\/07\/P7291156-Copier.jpg\" alt=\"\" width=\"1600\" height=\"900\" \/><\/p>\n<p><img loading=\"lazy\" decoding=\"async\" class=\"aligncenter wp-image-531 size-full\" src=\"https:\/\/carnetsdevoyage.net\/srilanka2017\/wp-content\/uploads\/sites\/5\/2017\/07\/P7291158-Copier.jpg\" alt=\"\" width=\"1600\" height=\"900\" \/><\/p>\n<p><img loading=\"lazy\" decoding=\"async\" class=\"aligncenter wp-image-535 size-full\" src=\"https:\/\/carnetsdevoyage.net\/srilanka2017\/wp-content\/uploads\/sites\/5\/2017\/07\/P7291165-Copier.jpg\" alt=\"\" width=\"1600\" height=\"900\" \/><\/p>\n<p><img loading=\"lazy\" decoding=\"async\" class=\"size-full wp-image-538 aligncenter\" src=\"https:\/\/carnetsdevoyage.net\/srilanka2017\/wp-content\/uploads\/sites\/5\/2017\/07\/P7291167-Copier.jpg\" alt=\"\" width=\"1600\" height=\"900\" \/><\/p>\n<p><img loading=\"lazy\" decoding=\"async\" class=\"wp-image-539 size-full aligncenter\" src=\"https:\/\/carnetsdevoyage.net\/srilanka2017\/wp-content\/uploads\/sites\/5\/2017\/07\/P7291168-Copier.jpg\" alt=\"\" width=\"900\" height=\"1600\" \/><\/p>\n<p><img loading=\"lazy\" decoding=\"async\" class=\"aligncenter wp-image-544 size-full\" src=\"https:\/\/carnetsdevoyage.net\/srilanka2017\/wp-content\/uploads\/sites\/5\/2017\/07\/P7291176-Copier.jpg\" alt=\"\" width=\"1600\" height=\"900\" \/><\/p>\n<p><img loading=\"lazy\" decoding=\"async\" class=\"wp-image-540 size-full aligncenter\" src=\"https:\/\/carnetsdevoyage.net\/srilanka2017\/wp-content\/uploads\/sites\/5\/2017\/07\/P7291170-Copier.jpg\" alt=\"\" width=\"900\" height=\"1600\" \/><\/p>\n<p>Les traces d&rsquo;un ancien stuppa, ces temples ronds et de forme pointue, qui abritent en g\u00e9n\u00e9ral des reliques sacr\u00e9es.<\/p>\n<p><img loading=\"lazy\" decoding=\"async\" class=\"size-full wp-image-545 aligncenter\" src=\"https:\/\/carnetsdevoyage.net\/srilanka2017\/wp-content\/uploads\/sites\/5\/2017\/07\/P7291179-Copier.jpg\" alt=\"\" width=\"1600\" height=\"900\" \/><\/p>\n<p><img loading=\"lazy\" decoding=\"async\" class=\"wp-image-546 size-full aligncenter\" src=\"https:\/\/carnetsdevoyage.net\/srilanka2017\/wp-content\/uploads\/sites\/5\/2017\/07\/P7291181-Copier.jpg\" alt=\"\" width=\"1600\" height=\"900\" \/><\/p>\n<p>On trouve \u00e9galement de nombreuses termiti\u00e8res.<\/p>\n<p><img loading=\"lazy\" decoding=\"async\" class=\"aligncenter wp-image-547 size-full\" src=\"https:\/\/carnetsdevoyage.net\/srilanka2017\/wp-content\/uploads\/sites\/5\/2017\/07\/P7291182-Copier.jpg\" alt=\"\" width=\"1600\" height=\"900\" \/><\/p>\n<p><img loading=\"lazy\" decoding=\"async\" class=\"size-full wp-image-548 aligncenter\" src=\"https:\/\/carnetsdevoyage.net\/srilanka2017\/wp-content\/uploads\/sites\/5\/2017\/07\/P7291183-Copier.jpg\" alt=\"\" width=\"900\" height=\"1600\" \/><\/p>\n<p><img loading=\"lazy\" decoding=\"async\" class=\"size-full wp-image-549 aligncenter\" src=\"https:\/\/carnetsdevoyage.net\/srilanka2017\/wp-content\/uploads\/sites\/5\/2017\/07\/P7291185-Copier.jpg\" alt=\"\" width=\"900\" height=\"1600\" \/><\/p>\n<p>Encore quelques singes !<\/p>\n<p><img loading=\"lazy\" decoding=\"async\" class=\"size-full wp-image-541 aligncenter\" src=\"https:\/\/carnetsdevoyage.net\/srilanka2017\/wp-content\/uploads\/sites\/5\/2017\/07\/P7291171-Copier.jpg\" alt=\"\" width=\"1600\" height=\"900\" \/><\/p>\n<p><img loading=\"lazy\" decoding=\"async\" class=\"size-full wp-image-543 aligncenter\" src=\"https:\/\/carnetsdevoyage.net\/srilanka2017\/wp-content\/uploads\/sites\/5\/2017\/07\/P7291174-Copier.jpg\" alt=\"\" width=\"1600\" height=\"900\" \/><\/p>\n<p>Apr\u00e8s avoir quitt\u00e9 les ruines, nous sommes partis vers Uppuveli, petite ville entre Nilaveli et Trincomalee, \u00e0 la recherche de plages, de bars, de restaurants, de vie touristique quoi !<\/p>\n<p>La plage est comme toujours ici, bond\u00e9e !<\/p>\n<p><img loading=\"lazy\" decoding=\"async\" class=\"aligncenter wp-image-552 size-full\" src=\"https:\/\/carnetsdevoyage.net\/srilanka2017\/wp-content\/uploads\/sites\/5\/2017\/07\/P7291189-Copier.jpg\" alt=\"\" width=\"1600\" height=\"900\" \/><\/p>\n<p><img loading=\"lazy\" decoding=\"async\" class=\"aligncenter wp-image-551 size-full\" src=\"https:\/\/carnetsdevoyage.net\/srilanka2017\/wp-content\/uploads\/sites\/5\/2017\/07\/P7291188-Copier.jpg\" alt=\"\" width=\"1600\" height=\"900\" \/><\/p>\n<p><img loading=\"lazy\" decoding=\"async\" class=\"aligncenter wp-image-550 size-full\" src=\"https:\/\/carnetsdevoyage.net\/srilanka2017\/wp-content\/uploads\/sites\/5\/2017\/07\/P7291187-Copier.jpg\" alt=\"\" width=\"1600\" height=\"900\" \/><\/p>\n<p>Nous sommes ensuite rentr\u00e9s \u00e0 l&rsquo;h\u00f4tel, pour profiter de la piscine. Une jolie d\u00e9coration nous attendait dans la chambre !<\/p>\n<p><img loading=\"lazy\" decoding=\"async\" class=\"aligncenter wp-image-556 size-full\" src=\"https:\/\/carnetsdevoyage.net\/srilanka2017\/wp-content\/uploads\/sites\/5\/2017\/07\/20374551_10211511765863634_8433339900546715228_n.jpg\" alt=\"\" width=\"960\" height=\"540\" \/><\/p>\n<h2 style=\"text-align: center\">Relax !<\/h2>\n<p><img loading=\"lazy\" decoding=\"async\" class=\"aligncenter wp-image-557 size-full\" src=\"https:\/\/carnetsdevoyage.net\/srilanka2017\/wp-content\/uploads\/sites\/5\/2017\/07\/20374573_10211512192714305_245995778668329241_n.jpg\" alt=\"\" width=\"720\" height=\"960\" \/><\/p>\n<p>Comme tous les jours, apr\u00e8s une matin\u00e9e tr\u00e8s chaude et ensoleill\u00e9e, une belle pluie de mousson nous est tomb\u00e9e dessus, tout d&rsquo;un coup ! Le changement de temps ici, un peu comme en <a href=\"http:\/\/thailande2015.free.fr\">Tha\u00eflande<\/a>, est aussi rapide que soudain ! Ciel bleu, soleil, et en 5 minutes, on a \u00e7a :<\/p>\n<p>Et une fois toute cette flotte tomb\u00e9e, le ciel se d\u00e9gage, et le soleil revient !<\/p>\n<p><img loading=\"lazy\" decoding=\"async\" class=\"aligncenter wp-image-553 size-full\" src=\"https:\/\/carnetsdevoyage.net\/srilanka2017\/wp-content\/uploads\/sites\/5\/2017\/07\/SUZZ2031-Copier.jpg\" alt=\"\" width=\"1600\" height=\"900\" \/><\/p>\n<p>Nous avons donc repris notre intense activit\u00e9 de bronzage !<\/p>\n<p>A demain !<\/p>\n<p>&nbsp;<\/p>\n<p>&nbsp;<\/p>\n<p>&nbsp;<\/p>\n<p>&nbsp;<\/p>\n<p>&nbsp;<\/p>\n","protected":false},"excerpt":{"rendered":"<p>Petite matin\u00e9e de balade aujourd&rsquo;hui. Nous sommes partis \u00e0 quelques km de Nilaveli, visiter les ruines d&rsquo;un temple Tamoulo-Bouddhiste, Velgam Vehera. Il se situe \u00e0 environ 10 km au nord de Trincomalee, et la route (piste !) qui nous y a men\u00e9s longe un lagon. Ce temple date du II\u00e8me si\u00e8cle avant JC, et t\u00e9moigne de l&rsquo;occupation Tamoul dans cette r\u00e9gion depuis des mill\u00e9naires. Ils \u00e9taient \u00e0 l&rsquo;\u00e9poque des conqu\u00e9rants venant de l&rsquo;Inde toute proche. On peut encore apercevoir quelques&#8230;<\/p>\n<p class=\"read-more\"><a class=\"btn btn-default\" href=\"https:\/\/carnetsdevoyage.net\/srilanka2017\/velgam-vehera-soleil-mousson-soleil\/\">Lire la suite<span class=\"screen-reader-text\"> Lire la suite<\/span><\/a><\/p>\n","protected":false},"author":2,"featured_media":0,"parent":0,"menu_order":11,"comment_status":"closed","ping_status":"closed","template":"","meta":{"_crdt_document":"","footnotes":""},"class_list":["post-1476","page","type-page","status-publish","hentry"],"_links":{"self":[{"href":"https:\/\/carnetsdevoyage.net\/srilanka2017\/wp-json\/wp\/v2\/pages\/1476","targetHints":{"allow":["GET"]}}],"collection":[{"href":"https:\/\/carnetsdevoyage.net\/srilanka2017\/wp-json\/wp\/v2\/pages"}],"about":[{"href":"https:\/\/carnetsdevoyage.net\/srilanka2017\/wp-json\/wp\/v2\/types\/page"}],"author":[{"embeddable":true,"href":"https:\/\/carnetsdevoyage.net\/srilanka2017\/wp-json\/wp\/v2\/users\/2"}],"replies":[{"embeddable":true,"href":"https:\/\/carnetsdevoyage.net\/srilanka2017\/wp-json\/wp\/v2\/comments?post=1476"}],"version-history":[{"count":0,"href":"https:\/\/carnetsdevoyage.net\/srilanka2017\/wp-json\/wp\/v2\/pages\/1476\/revisions"}],"wp:attachment":[{"href":"https:\/\/carnetsdevoyage.net\/srilanka2017\/wp-json\/wp\/v2\/media?parent=1476"}],"curies":[{"name":"wp","href":"https:\/\/api.w.org\/{rel}","templated":true}]}}