{"id":1483,"date":"2017-08-29T22:25:50","date_gmt":"2017-08-29T20:25:50","guid":{"rendered":"http:\/\/srilanka2017.free.fr\/?page_id=1483"},"modified":"2017-08-29T22:25:50","modified_gmt":"2017-08-29T20:25:50","slug":"de-nilaveli-a-jaffna","status":"publish","type":"page","link":"https:\/\/carnetsdevoyage.net\/srilanka2017\/de-nilaveli-a-jaffna\/","title":{"rendered":"De Nilaveli \u00e0 Jaffna"},"content":{"rendered":"<p>Jour de d\u00e9part : nous quittons un peu tristes Nilaveli, notre magnifique h\u00f4tel et ses belles plages, mais aussi les amis rencontr\u00e9s sur place, \u00e0 qui nous faisons un petit coucou ici&#8230;<\/p>\n<p>Nos deux jeunes infirmi\u00e8res Suisses, qui avant d&rsquo;arriver au Sri Lanka ont pass\u00e9 un mois et demi en mission humanitaire \u00e0 Calcutta et ont su g\u00e9rer l\u00e0-bas la crasse et l&rsquo;immense pauvret\u00e9, et ont r\u00e9ussi \u00e0 trouver dans le sordide de la situation des habitants, des qualit\u00e9s humaines sans doute insoup\u00e7onn\u00e9es ! Le r\u00e9cit de leurs aventures nous a souvent laiss\u00e9 bouche b\u00e9e ! Bonne f\u00eate nationale Suisse ! Pas de fondue ce soir, mais la carte des fromages est l\u00e0 \ud83d\ude09<\/p>\n<p><img loading=\"lazy\" decoding=\"async\" class=\"aligncenter wp-image-590 size-full\" src=\"https:\/\/carnetsdevoyage.net\/srilanka2017\/wp-content\/uploads\/sites\/5\/2017\/08\/Fromage-de-Suisse-Appenzeller-Emmentaler-Etivaz-Gruy\u00e8re-Raclette-T\u00eate-de-Moine-Sbrinz-Tilister-Tomme-Vacherin.jpg\" alt=\"\" width=\"600\" height=\"283\" \/><\/p>\n<p>Les copains plus proches (de l\u2019Essonne) et leurs deux charmantes filles avec qui nous avons pass\u00e9 de supers moments !<\/p>\n<p>Merci \u00e0 tous les six pour ces journ\u00e9es et soir\u00e9es amusantes et enrichissantes ! Nous n&rsquo;aurions jamais connu le tennis-billard sans vous ! Bonne fin de voyage !<\/p>\n<p>Une derni\u00e8re vue de notre h\u00f4tel ce matin. Les vaches sont de promenade.<\/p>\n<p><img loading=\"lazy\" decoding=\"async\" class=\"aligncenter wp-image-594 size-full\" src=\"https:\/\/carnetsdevoyage.net\/srilanka2017\/wp-content\/uploads\/sites\/5\/2017\/08\/P8011219-Copier.jpg\" alt=\"\" width=\"1600\" height=\"900\" \/><\/p>\n<p><img loading=\"lazy\" decoding=\"async\" class=\"aligncenter wp-image-592 size-full\" src=\"https:\/\/carnetsdevoyage.net\/srilanka2017\/wp-content\/uploads\/sites\/5\/2017\/08\/P8011221-Copier.jpg\" alt=\"\" width=\"1600\" height=\"900\" \/><\/p>\n<p>La longue route qui nous conduit vers Jaffna nous rappelle un  peu les paysages d&rsquo;Udulawe. Les panneaux sont l\u00e0 pour nous rappeler les curieuses rencontres que l&rsquo;on peut faire sur ces routes !<\/p>\n<p><img loading=\"lazy\" decoding=\"async\" class=\"alignnone wp-image-596 size-full\" src=\"https:\/\/carnetsdevoyage.net\/srilanka2017\/wp-content\/uploads\/sites\/5\/2017\/08\/P8011226-Copier.jpg\" alt=\"\" width=\"900\" height=\"1600\" \/><\/p>\n<p>Et va expliquer \u00e7a \u00e0 ton assureur ! L&rsquo;\u00e9l\u00e9phant m&rsquo;a grill\u00e9 la priorit\u00e9 !<\/p>\n<p>La r\u00e9gion de Jaffna est la plus au nord de l&rsquo;\u00eele. Elle est compos\u00e9e de plusieurs \u00eeles, avec tr\u00e8s peu de relief. Cette zone a \u00e9t\u00e9 la plus durement touch\u00e9e pendant la guerre, et n&rsquo;est rouverte au tourisme que depuis quelques ann\u00e9es. On ne compte plus les ruines sur le bord de la route. Nous avions lu que la zone \u00e9tait encore sous surveillance militaire, mais pour l&rsquo;instant, il n&rsquo;y a pas plus de pr\u00e9sence qu&rsquo;ailleurs. La police quadrille toute l&rsquo;\u00eele, mais nous ne ressentons pas de pression particuli\u00e8re. Pour ce que nous en avons vu pour l&rsquo;instant, elle se borne aux contr\u00f4les routiers (et semble \u00e9viter d&rsquo;importuner les touristes blancs que nous sommes. Presque arr\u00eat\u00e9s plusieurs fois, mais toujours laiss\u00e9s filer en voyant nos t\u00eates !).<\/p>\n<p>L&rsquo;entr\u00e9e de la zone de Jaffna se fait par un isthme, qui s&rsquo;appelle Elephant Pass. On utilisait jadis les \u00e9l\u00e9phants pour traverser la baie peu profonde qui s\u00e9pare la p\u00e9ninsule de Jaffna du reste de l&rsquo;\u00eele.<\/p>\n<p>Un monument \u00e0 la m\u00e9moire des combattants Sri Lankais a \u00e9t\u00e9 \u00e9rig\u00e9 l\u00e0. Pas tr\u00e8s beau&#8230;<\/p>\n<p><img loading=\"lazy\" decoding=\"async\" class=\"aligncenter wp-image-589 size-full\" src=\"https:\/\/carnetsdevoyage.net\/srilanka2017\/wp-content\/uploads\/sites\/5\/2017\/08\/P8011228-Copier.jpg\" alt=\"\" width=\"1600\" height=\"900\" \/><\/p>\n<p>La r\u00e9gion est tr\u00e8s plate !<\/p>\n<p><img loading=\"lazy\" decoding=\"async\" class=\"aligncenter wp-image-607 size-full\" src=\"https:\/\/carnetsdevoyage.net\/srilanka2017\/wp-content\/uploads\/sites\/5\/2017\/08\/P8011244-Copier.jpg\" alt=\"\" width=\"1600\" height=\"900\" \/><\/p>\n<p>Arriv\u00e9s \u00e0 Jaffna, nous avons trouv\u00e9 une ville assez semblable aux autres, sans grand int\u00e9r\u00eat. Un grand temple, Nallur Kovil, le plus important de la r\u00e9gion et le plus visit\u00e9. Comme dans les autres temples, on doit se s\u00e9parer de nos chaussures, mais l\u00e0, les hommes doivent aussi se s\u00e9parer de leur hauts. Comme tous les temples hindous, c&rsquo;est toujours un peu kitch, mais celui l\u00e0 \u00e9tait assez joli.<\/p>\n<p><img loading=\"lazy\" decoding=\"async\" class=\"aligncenter wp-image-598 size-full\" src=\"https:\/\/carnetsdevoyage.net\/srilanka2017\/wp-content\/uploads\/sites\/5\/2017\/08\/P8011230-Copier.jpg\" alt=\"\" width=\"1600\" height=\"900\" \/><\/p>\n<p><img loading=\"lazy\" decoding=\"async\" class=\"aligncenter wp-image-601 size-full\" src=\"https:\/\/carnetsdevoyage.net\/srilanka2017\/wp-content\/uploads\/sites\/5\/2017\/08\/P8011236-Copier.jpg\" alt=\"\" width=\"900\" height=\"1600\" \/><\/p>\n<p><img loading=\"lazy\" decoding=\"async\" class=\"aligncenter wp-image-600 size-full\" src=\"https:\/\/carnetsdevoyage.net\/srilanka2017\/wp-content\/uploads\/sites\/5\/2017\/08\/P8011234-Copier.jpg\" alt=\"\" width=\"1600\" height=\"900\" \/><\/p>\n<p><img loading=\"lazy\" decoding=\"async\" class=\"aligncenter wp-image-599 size-full\" src=\"https:\/\/carnetsdevoyage.net\/srilanka2017\/wp-content\/uploads\/sites\/5\/2017\/08\/P8011232-Copier.jpg\" alt=\"\" width=\"1600\" height=\"900\" \/><\/p>\n<p><img loading=\"lazy\" decoding=\"async\" class=\"size-full wp-image-602 aligncenter\" src=\"https:\/\/carnetsdevoyage.net\/srilanka2017\/wp-content\/uploads\/sites\/5\/2017\/08\/P8011237-Copier.jpg\" alt=\"\" width=\"1600\" height=\"900\" \/><\/p>\n<p><img loading=\"lazy\" decoding=\"async\" class=\"aligncenter wp-image-603 size-full\" src=\"https:\/\/carnetsdevoyage.net\/srilanka2017\/wp-content\/uploads\/sites\/5\/2017\/08\/P8011239-Copier.jpg\" alt=\"\" width=\"1600\" height=\"900\" \/><\/p>\n<p>Dans une des boutiques qui sont \u00e0 c\u00f4t\u00e9, nous avons trouv\u00e9 un magnifique Sari pour notre fille qui nous en r\u00e9clame un depuis notre voyage en <a href=\"http:\/\/thailande2015.free.fr\">Tha\u00eflande <\/a>!&#8230;<\/p>\n<p><img loading=\"lazy\" decoding=\"async\" class=\"aligncenter wp-image-604 size-full\" src=\"https:\/\/carnetsdevoyage.net\/srilanka2017\/wp-content\/uploads\/sites\/5\/2017\/08\/P8011242-Copier.jpg\" alt=\"\" width=\"1600\" height=\"900\" \/><\/p>\n<p>Nous avons continu\u00e9 notre balade vers les \u00eeles qui entourent Jaffna, et que nous allons explorer les jours qui viennent.<\/p>\n<p>Avant la guerre, la r\u00e9gion \u00e9tait plut\u00f4t riche, et on peut voir des ruines qui laissent imaginer de belles maisons&#8230;<\/p>\n<p><img loading=\"lazy\" decoding=\"async\" class=\"size-full wp-image-608 aligncenter\" src=\"https:\/\/carnetsdevoyage.net\/srilanka2017\/wp-content\/uploads\/sites\/5\/2017\/08\/P8011247-Copier.jpg\" alt=\"\" width=\"1600\" height=\"900\" \/><\/p>\n<p><img loading=\"lazy\" decoding=\"async\" class=\"aligncenter wp-image-609 size-full\" src=\"https:\/\/carnetsdevoyage.net\/srilanka2017\/wp-content\/uploads\/sites\/5\/2017\/08\/P8011249-Copier.jpg\" alt=\"\" width=\"1600\" height=\"900\" \/><\/p>\n<p>Des ponts relient certaines \u00eeles, mais pour d&rsquo;autres, les plus int\u00e9ressantes, nous devrons prendre un bateau. Un peu comme \u00e0 Nilaveli, le ciel s&rsquo;est couvert dans l&rsquo;apr\u00e8s-midi, mais \u00e7a a \u00e9t\u00e9 de courte dur\u00e9e, et nous n&rsquo;avons pas vu de pluie. Le soleil est ensuite revenu.<\/p>\n<p>Si la majeure partie des routes est plut\u00f4t en excellent \u00e9tat, certaines le sont moins, et on a un peu l&rsquo;impression d&rsquo;\u00eatre dans une lessiveuse !<\/p>\n<p>Nous sommes ensuite repartis vers Jaffna, visiter un march\u00e9. Bon, c&rsquo;\u00e9tait bruyant, sale et malodorant ! Mais on a pu faire quelques photos&#8230;<\/p>\n<p><img loading=\"lazy\" decoding=\"async\" class=\"alignnone wp-image-611 size-full\" src=\"https:\/\/carnetsdevoyage.net\/srilanka2017\/wp-content\/uploads\/sites\/5\/2017\/08\/P8011252-Copier.jpg\" alt=\"\" width=\"1600\" height=\"900\" \/><\/p>\n<p><img loading=\"lazy\" decoding=\"async\" class=\"aligncenter wp-image-613 size-full\" src=\"https:\/\/carnetsdevoyage.net\/srilanka2017\/wp-content\/uploads\/sites\/5\/2017\/08\/P8011256-Copier.jpg\" alt=\"\" width=\"1600\" height=\"900\" \/><\/p>\n<p><img loading=\"lazy\" decoding=\"async\" class=\"aligncenter wp-image-614 size-full\" src=\"https:\/\/carnetsdevoyage.net\/srilanka2017\/wp-content\/uploads\/sites\/5\/2017\/08\/P8011257-Copier.jpg\" alt=\"\" width=\"1600\" height=\"900\" \/><\/p>\n<p>Sp\u00e9ciale d\u00e9dicace \u00e0 Sandrine&#8230; Le paradis des l\u00e9gumes, de toutes les formes, de toutes les couleurs !<\/p>\n<p><img loading=\"lazy\" decoding=\"async\" class=\"aligncenter wp-image-615 size-full\" src=\"https:\/\/carnetsdevoyage.net\/srilanka2017\/wp-content\/uploads\/sites\/5\/2017\/08\/P8011263-Copier.jpg\" alt=\"\" width=\"1600\" height=\"900\" \/><\/p>\n<p><img loading=\"lazy\" decoding=\"async\" class=\"aligncenter wp-image-616 size-full\" src=\"https:\/\/carnetsdevoyage.net\/srilanka2017\/wp-content\/uploads\/sites\/5\/2017\/08\/P8011264-Copier.jpg\" alt=\"\" width=\"1600\" height=\"900\" \/><\/p>\n<p><img loading=\"lazy\" decoding=\"async\" class=\"aligncenter wp-image-617 size-full\" src=\"https:\/\/carnetsdevoyage.net\/srilanka2017\/wp-content\/uploads\/sites\/5\/2017\/08\/P8011265-Copier.jpg\" alt=\"\" width=\"1600\" height=\"900\" \/><\/p>\n<p>Une partie du march\u00e9 r\u00e9serv\u00e9 aux tailleurs.<\/p>\n<p><img loading=\"lazy\" decoding=\"async\" class=\"aligncenter wp-image-618 size-full\" src=\"https:\/\/carnetsdevoyage.net\/srilanka2017\/wp-content\/uploads\/sites\/5\/2017\/08\/P8011277-Copier.jpg\" alt=\"\" width=\"1600\" height=\"900\" \/><\/p>\n<p><img loading=\"lazy\" decoding=\"async\" class=\"aligncenter wp-image-619 size-full\" src=\"https:\/\/carnetsdevoyage.net\/srilanka2017\/wp-content\/uploads\/sites\/5\/2017\/08\/P8011281-Copier.jpg\" alt=\"\" width=\"1600\" height=\"900\" \/><\/p>\n<p><img loading=\"lazy\" decoding=\"async\" class=\"aligncenter wp-image-620 size-full\" src=\"https:\/\/carnetsdevoyage.net\/srilanka2017\/wp-content\/uploads\/sites\/5\/2017\/08\/P8011282-Copier.jpg\" alt=\"\" width=\"1600\" height=\"900\" \/><\/p>\n<p><img loading=\"lazy\" decoding=\"async\" class=\"alignnone wp-image-622 size-full\" src=\"https:\/\/carnetsdevoyage.net\/srilanka2017\/wp-content\/uploads\/sites\/5\/2017\/08\/P8011285-Copier.jpg\" alt=\"\" width=\"1600\" height=\"900\" \/><\/p>\n<p>Notre h\u00f4tel, le PJ H\u00f4tel n&rsquo;est pas \u00e0 la hauteur du Palm Resort Nilaveli&#8230; La chambre est propre, le personnel est comme toujours adorable, et on vient d&rsquo;y faire un excellent repas !<\/p>\n<p><img loading=\"lazy\" decoding=\"async\" class=\"aligncenter wp-image-623 size-full\" src=\"https:\/\/carnetsdevoyage.net\/srilanka2017\/wp-content\/uploads\/sites\/5\/2017\/08\/P8011286-Copier.jpg\" alt=\"\" width=\"1600\" height=\"900\" \/><\/p>\n<p>A demain !<\/p>\n","protected":false},"excerpt":{"rendered":"<p>Jour de d\u00e9part : nous quittons un peu tristes Nilaveli, notre magnifique h\u00f4tel et ses belles plages, mais aussi les amis rencontr\u00e9s sur place, \u00e0 qui nous faisons un petit coucou ici&#8230; Nos deux jeunes infirmi\u00e8res Suisses, qui avant d&rsquo;arriver au Sri Lanka ont pass\u00e9 un mois et demi en mission humanitaire \u00e0 Calcutta et ont su g\u00e9rer l\u00e0-bas la crasse et l&rsquo;immense pauvret\u00e9, et ont r\u00e9ussi \u00e0 trouver dans le sordide de la situation des habitants, des qualit\u00e9s humaines&#8230;<\/p>\n<p class=\"read-more\"><a class=\"btn btn-default\" href=\"https:\/\/carnetsdevoyage.net\/srilanka2017\/de-nilaveli-a-jaffna\/\">Lire la suite<span class=\"screen-reader-text\"> Lire la suite<\/span><\/a><\/p>\n","protected":false},"author":2,"featured_media":0,"parent":0,"menu_order":14,"comment_status":"closed","ping_status":"closed","template":"","meta":{"_crdt_document":"","footnotes":""},"class_list":["post-1483","page","type-page","status-publish","hentry"],"_links":{"self":[{"href":"https:\/\/carnetsdevoyage.net\/srilanka2017\/wp-json\/wp\/v2\/pages\/1483","targetHints":{"allow":["GET"]}}],"collection":[{"href":"https:\/\/carnetsdevoyage.net\/srilanka2017\/wp-json\/wp\/v2\/pages"}],"about":[{"href":"https:\/\/carnetsdevoyage.net\/srilanka2017\/wp-json\/wp\/v2\/types\/page"}],"author":[{"embeddable":true,"href":"https:\/\/carnetsdevoyage.net\/srilanka2017\/wp-json\/wp\/v2\/users\/2"}],"replies":[{"embeddable":true,"href":"https:\/\/carnetsdevoyage.net\/srilanka2017\/wp-json\/wp\/v2\/comments?post=1483"}],"version-history":[{"count":0,"href":"https:\/\/carnetsdevoyage.net\/srilanka2017\/wp-json\/wp\/v2\/pages\/1483\/revisions"}],"wp:attachment":[{"href":"https:\/\/carnetsdevoyage.net\/srilanka2017\/wp-json\/wp\/v2\/media?parent=1483"}],"curies":[{"name":"wp","href":"https:\/\/api.w.org\/{rel}","templated":true}]}}