{"id":1493,"date":"2017-08-29T22:29:33","date_gmt":"2017-08-29T20:29:33","guid":{"rendered":"http:\/\/srilanka2017.free.fr\/?page_id=1493"},"modified":"2017-08-29T22:29:33","modified_gmt":"2017-08-29T20:29:33","slug":"une-barbe-a-papa-sous-un-baobab","status":"publish","type":"page","link":"https:\/\/carnetsdevoyage.net\/srilanka2017\/une-barbe-a-papa-sous-un-baobab\/","title":{"rendered":"Une barbe \u00e0 Papa sous un Baobab !"},"content":{"rendered":"<p>Petit article aujourd&rsquo;hui, et pas grand chose \u00e0 montrer et \u00e0 raconter.<\/p>\n<p>Nous sommes partis de l&rsquo;\u00eele de Mannar ce matin, vers Anuradhapura, l&rsquo;ancienne capitale royale du Sri Lanka, version entre le III\u00e8me si\u00e8cle avant JC, jusqu&rsquo;en l&rsquo;an 990 environ.<\/p>\n<p>En partant, nous avons fait une petite halte \u00e0 la sortie de l&rsquo;\u00eele, pour voir un second baobab g\u00e9ant, lui aussi amen\u00e9 ici par des marchands arabes (\u00e0 dos d&rsquo;\u00e2ne vraisemblablement !). La r\u00e9gion de Mannar \u00e9tait sp\u00e9cialis\u00e9e dans la culture de perles, et les \u00e9changeaient avec les princes arabes contre des chevaux.<\/p>\n<p><img loading=\"lazy\" decoding=\"async\" class=\"size-full wp-image-792 aligncenter\" src=\"https:\/\/carnetsdevoyage.net\/srilanka2017\/wp-content\/uploads\/sites\/5\/2017\/08\/P8051602-Copier-1.jpg\" alt=\"\" width=\"1600\" height=\"900\" \/><\/p>\n<p>Il est \u00e9norme, et mesure pr\u00e8s de 20 m\u00e8tres de circonf\u00e9rence, pour pr\u00e8s de 8 m\u00e8tres de haut !<\/p>\n<p>J&rsquo;ai mis un rep\u00e8re rouge devant pour qu&rsquo;on voit la proportion \ud83d\ude09<\/p>\n<p><img loading=\"lazy\" decoding=\"async\" class=\"size-full wp-image-793 aligncenter\" src=\"https:\/\/carnetsdevoyage.net\/srilanka2017\/wp-content\/uploads\/sites\/5\/2017\/08\/P8051604-Copier.jpg\" alt=\"\" width=\"1600\" height=\"900\" \/><\/p>\n<p>Au pied du baobab, un vieux type fabriquait de la barbe \u00e0 papa, \u00e0 la main !<\/p>\n<p><img loading=\"lazy\" decoding=\"async\" class=\"aligncenter wp-image-790 size-full\" src=\"https:\/\/carnetsdevoyage.net\/srilanka2017\/wp-content\/uploads\/sites\/5\/2017\/08\/P8051611-Copier.jpg\" alt=\"\" width=\"900\" height=\"1600\" \/><\/p>\n<p>Nous avons ensuite pris la route pendant deux petites heures pour parcourir les quelques 130 km qui nous s\u00e9parent de nos h\u00f4tels.<\/p>\n<p>Nous avons fini la journ\u00e9e \u00e0 la piscine de notre nouvel h\u00f4tel, le Rajarata H\u00f4tel, une de nos activit\u00e9s favorites&#8230;<\/p>\n<p><img loading=\"lazy\" decoding=\"async\" class=\"alignnone wp-image-796 size-full\" src=\"https:\/\/carnetsdevoyage.net\/srilanka2017\/wp-content\/uploads\/sites\/5\/2017\/08\/20526078_10211565195719347_959572544803376213_n.jpg\" alt=\"\" width=\"540\" height=\"960\" \/><\/p>\n<p>Demain nous partons explorer les ruines d&rsquo;Anuradhapura. Le Tuk-Tuk est r\u00e9serv\u00e9, avec son chauffeur qui est para\u00eet-il un super guide !<\/p>\n<p>A demain !<\/p>\n<p><img loading=\"lazy\" decoding=\"async\" class=\"size-full wp-image-794 aligncenter\" src=\"https:\/\/carnetsdevoyage.net\/srilanka2017\/wp-content\/uploads\/sites\/5\/2017\/08\/P8051608-Copier.jpg\" alt=\"\" width=\"1600\" height=\"900\" \/><\/p>\n","protected":false},"excerpt":{"rendered":"<p>Petit article aujourd&rsquo;hui, et pas grand chose \u00e0 montrer et \u00e0 raconter. Nous sommes partis de l&rsquo;\u00eele de Mannar ce matin, vers Anuradhapura, l&rsquo;ancienne capitale royale du Sri Lanka, version entre le III\u00e8me si\u00e8cle avant JC, jusqu&rsquo;en l&rsquo;an 990 environ. En partant, nous avons fait une petite halte \u00e0 la sortie de l&rsquo;\u00eele, pour voir un second baobab g\u00e9ant, lui aussi amen\u00e9 ici par des marchands arabes (\u00e0 dos d&rsquo;\u00e2ne vraisemblablement !). La r\u00e9gion de Mannar \u00e9tait sp\u00e9cialis\u00e9e dans la&#8230;<\/p>\n<p class=\"read-more\"><a class=\"btn btn-default\" href=\"https:\/\/carnetsdevoyage.net\/srilanka2017\/une-barbe-a-papa-sous-un-baobab\/\">Lire la suite<span class=\"screen-reader-text\"> Lire la suite<\/span><\/a><\/p>\n","protected":false},"author":2,"featured_media":0,"parent":0,"menu_order":18,"comment_status":"closed","ping_status":"closed","template":"","meta":{"_crdt_document":"","footnotes":""},"class_list":["post-1493","page","type-page","status-publish","hentry"],"_links":{"self":[{"href":"https:\/\/carnetsdevoyage.net\/srilanka2017\/wp-json\/wp\/v2\/pages\/1493","targetHints":{"allow":["GET"]}}],"collection":[{"href":"https:\/\/carnetsdevoyage.net\/srilanka2017\/wp-json\/wp\/v2\/pages"}],"about":[{"href":"https:\/\/carnetsdevoyage.net\/srilanka2017\/wp-json\/wp\/v2\/types\/page"}],"author":[{"embeddable":true,"href":"https:\/\/carnetsdevoyage.net\/srilanka2017\/wp-json\/wp\/v2\/users\/2"}],"replies":[{"embeddable":true,"href":"https:\/\/carnetsdevoyage.net\/srilanka2017\/wp-json\/wp\/v2\/comments?post=1493"}],"version-history":[{"count":0,"href":"https:\/\/carnetsdevoyage.net\/srilanka2017\/wp-json\/wp\/v2\/pages\/1493\/revisions"}],"wp:attachment":[{"href":"https:\/\/carnetsdevoyage.net\/srilanka2017\/wp-json\/wp\/v2\/media?parent=1493"}],"curies":[{"name":"wp","href":"https:\/\/api.w.org\/{rel}","templated":true}]}}