{"id":1508,"date":"2017-08-29T22:34:04","date_gmt":"2017-08-29T20:34:04","guid":{"rendered":"http:\/\/srilanka2017.free.fr\/?page_id=1508"},"modified":"2017-08-29T22:34:04","modified_gmt":"2017-08-29T20:34:04","slug":"la-cite-antique-de-polonnaruwa","status":"publish","type":"page","link":"https:\/\/carnetsdevoyage.net\/srilanka2017\/la-cite-antique-de-polonnaruwa\/","title":{"rendered":"La Cit\u00e9 antique de Polonnaruwa"},"content":{"rendered":"<p>Nous partons ce matin en visite de la seconde grande capitale du Sri Lanka, apr\u00e8s Arunadhapura.<\/p>\n<p>La ville a \u00e9t\u00e9 fond\u00e9e par les Cholas, venus d&rsquo;Inde. Ce sont eux qui ont vaincu le roi d&rsquo;Anuradhapura, et ont ensuite d\u00e9truit sa cit\u00e9. Les Cholas ne sont pas rest\u00e9s l\u00e0 longtemps, ils ont \u00e9t\u00e9 chass\u00e9s rapidement par le roi Vihaya Bahu Ier (1055-1110). Mais le nom de la cit\u00e9 est, \u00e0 juste titre, plut\u00f4t associ\u00e9 Parakrama Bahu (1153-1196) et \u00e0 son successeur, Nissamka Malla (1187-1196), qui en firent une merveille architecturale.<\/p>\n<p>Les ruines sont plus r\u00e9centes, et donc en bien meilleur \u00e9tat que celles de la premi\u00e8re capitale. La ville a \u00e9t\u00e9 oubli\u00e9e sous la jungle pendant pr\u00e8s de 700 ans avant d&rsquo;\u00eatre red\u00e9couverte et nettoy\u00e9e par les britanniques au d\u00e9but du XX\u00e8me si\u00e8cle.<\/p>\n<p>La visite commence par la citadelle et le palais royal. Ce palais, b\u00e2ti par Parakrama Bahu comptait 7 \u00e9tages et 1000 pi\u00e8ces, reposant sur plusieurs centaines de piliers peints, rayonnants de motifs de fleur et de plantes grimpantes. Il f\u00fbt d\u00e9truit par un incendie, seuls deux \u00e9tages de cette magnifique demeure ont \u00e9chapp\u00e9 au flammes. Tout autour, les maisons des serviteurs.<\/p>\n<p><img loading=\"lazy\" decoding=\"async\" class=\"aligncenter size-full wp-image-1019\" src=\"https:\/\/carnetsdevoyage.net\/srilanka2017\/wp-content\/uploads\/sites\/5\/2017\/08\/P8102032-Copier.jpg\" alt=\"\" width=\"1600\" height=\"900\" \/><\/p>\n<p><img loading=\"lazy\" decoding=\"async\" class=\"aligncenter size-full wp-image-1018\" src=\"https:\/\/carnetsdevoyage.net\/srilanka2017\/wp-content\/uploads\/sites\/5\/2017\/08\/P8102042-Copier.jpg\" alt=\"\" width=\"1600\" height=\"900\" \/><\/p>\n<p><img loading=\"lazy\" decoding=\"async\" class=\"aligncenter size-full wp-image-1017\" src=\"https:\/\/carnetsdevoyage.net\/srilanka2017\/wp-content\/uploads\/sites\/5\/2017\/08\/P8102040-Copier.jpg\" alt=\"\" width=\"1600\" height=\"900\" \/><\/p>\n<p><img loading=\"lazy\" decoding=\"async\" class=\"aligncenter size-full wp-image-1014\" src=\"https:\/\/carnetsdevoyage.net\/srilanka2017\/wp-content\/uploads\/sites\/5\/2017\/08\/P8102036-Copier.jpg\" alt=\"\" width=\"1600\" height=\"900\" \/><\/p>\n<p><img loading=\"lazy\" decoding=\"async\" class=\"aligncenter size-full wp-image-1016\" src=\"https:\/\/carnetsdevoyage.net\/srilanka2017\/wp-content\/uploads\/sites\/5\/2017\/08\/P8102038-Copier.jpg\" alt=\"\" width=\"1600\" height=\"900\" \/><\/p>\n<p>La salle du Conseil et un grand bassin tout proche.<\/p>\n<p><img loading=\"lazy\" decoding=\"async\" class=\"aligncenter size-full wp-image-1021\" src=\"https:\/\/carnetsdevoyage.net\/srilanka2017\/wp-content\/uploads\/sites\/5\/2017\/08\/P8102044-Copier.jpg\" alt=\"\" width=\"1600\" height=\"900\" \/><\/p>\n<p><img loading=\"lazy\" decoding=\"async\" class=\"aligncenter size-full wp-image-1022\" src=\"https:\/\/carnetsdevoyage.net\/srilanka2017\/wp-content\/uploads\/sites\/5\/2017\/08\/P8102046-Copier.jpg\" alt=\"\" width=\"900\" height=\"1600\" \/><\/p>\n<p><img loading=\"lazy\" decoding=\"async\" class=\"aligncenter size-full wp-image-1023\" src=\"https:\/\/carnetsdevoyage.net\/srilanka2017\/wp-content\/uploads\/sites\/5\/2017\/08\/P8102047-Copier.jpg\" alt=\"\" width=\"1600\" height=\"900\" \/><\/p>\n<p><img loading=\"lazy\" decoding=\"async\" class=\"aligncenter size-full wp-image-1024\" src=\"https:\/\/carnetsdevoyage.net\/srilanka2017\/wp-content\/uploads\/sites\/5\/2017\/08\/P8102048-Copier.jpg\" alt=\"\" width=\"900\" height=\"1600\" \/><\/p>\n<p><img loading=\"lazy\" decoding=\"async\" class=\"aligncenter size-full wp-image-1025\" src=\"https:\/\/carnetsdevoyage.net\/srilanka2017\/wp-content\/uploads\/sites\/5\/2017\/08\/P8102050-Copier.jpg\" alt=\"\" width=\"1600\" height=\"900\" \/><\/p>\n<p><img loading=\"lazy\" decoding=\"async\" class=\"aligncenter size-full wp-image-1026\" src=\"https:\/\/carnetsdevoyage.net\/srilanka2017\/wp-content\/uploads\/sites\/5\/2017\/08\/P8102051-Copier.jpg\" alt=\"\" width=\"1600\" height=\"900\" \/><\/p>\n<p>La reconstitution du palais royal pr\u00e9sent\u00e9e au mus\u00e9e.<\/p>\n<p><img loading=\"lazy\" decoding=\"async\" class=\"aligncenter size-full wp-image-1027\" src=\"https:\/\/carnetsdevoyage.net\/srilanka2017\/wp-content\/uploads\/sites\/5\/2017\/08\/P8102218-Copier.jpg\" alt=\"\" width=\"1600\" height=\"900\" \/><\/p>\n<p>Le site suivant est appel\u00e9 le quadrilat\u00e8re sacr\u00e9. Il est situ\u00e9 \u00e0 l&rsquo;ext\u00e9rieur des remparts de la citadelle. Il est compos\u00e9 de plusieurs b\u00e2timents.<\/p>\n<p>Le Vatadage, appel\u00e9 aussi chambres des reliques. c&rsquo;est l&rsquo;un des plus anciens \u00e9difices de Polonnaruwa. Bien qu&rsquo;il porte une inscription mentionnant le nom de Nissamka Malla, on attribue la construction \u00e0 Parakrama Bahu. Son successeur se serait content\u00e9 de le restaurer et de l&#8217;embellir.<\/p>\n<p>Ce vatadage, se dresse sur une plateforme circulaire \u00e0 deux niveaux, quatre escaliers situ\u00e9s aux points cardinaux conduisaient \u00e0 quatre portes, aujourd&rsquo;hui disparues, qui ouvraient sur la rotonde du dagoba, d\u00e9cor\u00e9 de quatre Bouddhas assis dans l&rsquo;attitude de la m\u00e9ditation.<\/p>\n<p>Une toiture conique reposait sur les deux rang\u00e9es de piliers et sur les murs circulaires.<\/p>\n<p><img loading=\"lazy\" decoding=\"async\" class=\"aligncenter size-full wp-image-1031\" src=\"https:\/\/carnetsdevoyage.net\/srilanka2017\/wp-content\/uploads\/sites\/5\/2017\/08\/P8102062-Copier.jpg\" alt=\"\" width=\"1600\" height=\"900\" \/><\/p>\n<p><img loading=\"lazy\" decoding=\"async\" class=\"aligncenter size-full wp-image-1029\" src=\"https:\/\/carnetsdevoyage.net\/srilanka2017\/wp-content\/uploads\/sites\/5\/2017\/08\/P8102061-Copier.jpg\" alt=\"\" width=\"900\" height=\"1600\" \/><\/p>\n<p><img loading=\"lazy\" decoding=\"async\" class=\"aligncenter size-full wp-image-1032\" src=\"https:\/\/carnetsdevoyage.net\/srilanka2017\/wp-content\/uploads\/sites\/5\/2017\/08\/P8102063-Copier.jpg\" alt=\"\" width=\"1600\" height=\"900\" \/><\/p>\n<p><img loading=\"lazy\" decoding=\"async\" class=\"aligncenter size-full wp-image-1033\" src=\"https:\/\/carnetsdevoyage.net\/srilanka2017\/wp-content\/uploads\/sites\/5\/2017\/08\/P8102066-Copier.jpg\" alt=\"\" width=\"900\" height=\"1600\" \/><\/p>\n<p><img loading=\"lazy\" decoding=\"async\" class=\"aligncenter size-full wp-image-1034\" src=\"https:\/\/carnetsdevoyage.net\/srilanka2017\/wp-content\/uploads\/sites\/5\/2017\/08\/P8102070-Copier.jpg\" alt=\"\" width=\"1600\" height=\"900\" \/> <img loading=\"lazy\" decoding=\"async\" class=\"aligncenter size-full wp-image-1035\" src=\"https:\/\/carnetsdevoyage.net\/srilanka2017\/wp-content\/uploads\/sites\/5\/2017\/08\/P8102072-Copier.jpg\" alt=\"\" width=\"1600\" height=\"900\" \/><\/p>\n<p>L\u00e0 encore, le mus\u00e9e nous permet de voir \u00e0 quoi ce magnifique ouvrage ressemblait.<\/p>\n<p><img loading=\"lazy\" decoding=\"async\" class=\"aligncenter size-full wp-image-1036\" src=\"https:\/\/carnetsdevoyage.net\/srilanka2017\/wp-content\/uploads\/sites\/5\/2017\/08\/P8102220-Copier.jpg\" alt=\"\" width=\"1600\" height=\"900\" \/> <img loading=\"lazy\" decoding=\"async\" class=\"aligncenter size-full wp-image-1037\" src=\"https:\/\/carnetsdevoyage.net\/srilanka2017\/wp-content\/uploads\/sites\/5\/2017\/08\/P8102222-Copier.jpg\" alt=\"\" width=\"1600\" height=\"900\" \/><\/p>\n<p>A c\u00f4t\u00e9, le Hatadage, connu comme le premier temple de la Relique de la Dent de Bouddha de Polonnaruwa, il f\u00fbt construit sous Vijaya Bahu Ier (1055-1110). Les 54 piliers provenant, pour la plupart, de monuments d&rsquo;Anurahdapura, soutenaient un \u00e9difice de bois de plusieurs \u00e9tages. Au centre se dresse un Bouddha aux bras cass\u00e9s.<\/p>\n<p><img loading=\"lazy\" decoding=\"async\" class=\"aligncenter size-full wp-image-1038\" src=\"https:\/\/carnetsdevoyage.net\/srilanka2017\/wp-content\/uploads\/sites\/5\/2017\/08\/P8102079-Copier.jpg\" alt=\"\" width=\"1600\" height=\"900\" \/><\/p>\n<p><img loading=\"lazy\" decoding=\"async\" class=\"aligncenter size-full wp-image-1039\" src=\"https:\/\/carnetsdevoyage.net\/srilanka2017\/wp-content\/uploads\/sites\/5\/2017\/08\/P8102080-Copier.jpg\" alt=\"\" width=\"1600\" height=\"900\" \/><\/p>\n<p>A c\u00f4t\u00e9 encore, le Gal Pota, ou livre de pierre. Ce morceau de roche grav\u00e9 p\u00e8se 25 tonnes, mesure 9 m sur 4,5 m et relate les exploits du roi Malla face aux arm\u00e9es Indiennes.<\/p>\n<p><img loading=\"lazy\" decoding=\"async\" class=\"aligncenter size-full wp-image-1041\" src=\"https:\/\/carnetsdevoyage.net\/srilanka2017\/wp-content\/uploads\/sites\/5\/2017\/08\/P8102100-Copier.jpg\" alt=\"\" width=\"1600\" height=\"900\" \/><\/p>\n<p><img loading=\"lazy\" decoding=\"async\" class=\"aligncenter size-full wp-image-1040\" src=\"https:\/\/carnetsdevoyage.net\/srilanka2017\/wp-content\/uploads\/sites\/5\/2017\/08\/P8102098-Copier.jpg\" alt=\"\" width=\"1600\" height=\"900\" \/><\/p>\n<p>La salle du Chapitre et ses colonnes torsad\u00e9es.<\/p>\n<p><img loading=\"lazy\" decoding=\"async\" class=\"aligncenter size-full wp-image-1042\" src=\"https:\/\/carnetsdevoyage.net\/srilanka2017\/wp-content\/uploads\/sites\/5\/2017\/08\/P8102087-Copier.jpg\" alt=\"\" width=\"1600\" height=\"900\" \/><\/p>\n<p><img loading=\"lazy\" decoding=\"async\" class=\"aligncenter size-full wp-image-1043\" src=\"https:\/\/carnetsdevoyage.net\/srilanka2017\/wp-content\/uploads\/sites\/5\/2017\/08\/P8102088-Copier.jpg\" alt=\"\" width=\"900\" height=\"1600\" \/><\/p>\n<p>Thuparama. Cette \u00ab\u00a0maison de l&rsquo;image\u00a0\u00bb en cours de restauration, est la plus ancienne construction vout\u00e9e. L&rsquo;\u00e9difice en brique sur une assise en pierre, \u00e9tait recouvert d&rsquo;un d\u00e9cor en stuc. De style hindou, les murs sont si \u00e9pais (1,30m) qu&rsquo;un escalier y est creus\u00e9. Plusieurs Bouddhas du XII\u00e8me si\u00e8cle sont \u00e0 l&rsquo;int\u00e9rieur.<\/p>\n<p><img loading=\"lazy\" decoding=\"async\" class=\"aligncenter size-full wp-image-1044\" src=\"https:\/\/carnetsdevoyage.net\/srilanka2017\/wp-content\/uploads\/sites\/5\/2017\/08\/P8102075-Copier.jpg\" alt=\"\" width=\"1600\" height=\"900\" \/><\/p>\n<p><img loading=\"lazy\" decoding=\"async\" class=\"aligncenter size-full wp-image-1045\" src=\"https:\/\/carnetsdevoyage.net\/srilanka2017\/wp-content\/uploads\/sites\/5\/2017\/08\/P8102076-Copier.jpg\" alt=\"\" width=\"1600\" height=\"900\" \/><\/p>\n<p><img loading=\"lazy\" decoding=\"async\" class=\"aligncenter size-full wp-image-1046\" src=\"https:\/\/carnetsdevoyage.net\/srilanka2017\/wp-content\/uploads\/sites\/5\/2017\/08\/P8102077-Copier.jpg\" alt=\"\" width=\"1600\" height=\"900\" \/><\/p>\n<p>Plus loin sur le site, un petit bassin, le Lotus Pond, qui tient son nom de sa forme.<\/p>\n<p><img loading=\"lazy\" decoding=\"async\" class=\"aligncenter size-full wp-image-1047\" src=\"https:\/\/carnetsdevoyage.net\/srilanka2017\/wp-content\/uploads\/sites\/5\/2017\/08\/P8102105-Copier.jpg\" alt=\"\" width=\"1600\" height=\"900\" \/><\/p>\n<p>Le plus bel \u00e9difice du site, impressionnant et magnifique, le monast\u00e8re de Jevatana. Aussi appel\u00e9 Tivanka, qui veut dire trois fois inclin\u00e9, en raison de la courbure de l&rsquo;immense statue de Bouddha \u00e0 l&rsquo;int\u00e9rieur. Il est c\u00e9l\u00e8bre pour ses peintures du XII\u00e8me si\u00e8cle, et la bonne conservation d&rsquo;une partie de ses fa\u00e7ades.<\/p>\n<p><img loading=\"lazy\" decoding=\"async\" class=\"aligncenter size-full wp-image-1049\" src=\"https:\/\/carnetsdevoyage.net\/srilanka2017\/wp-content\/uploads\/sites\/5\/2017\/08\/P8102107-Copier.jpg\" alt=\"\" width=\"1600\" height=\"900\" \/><\/p>\n<p><img loading=\"lazy\" decoding=\"async\" class=\"aligncenter size-full wp-image-1051\" src=\"https:\/\/carnetsdevoyage.net\/srilanka2017\/wp-content\/uploads\/sites\/5\/2017\/08\/P8102109-Copier.jpg\" alt=\"\" width=\"1600\" height=\"900\" \/><\/p>\n<p><img loading=\"lazy\" decoding=\"async\" class=\"aligncenter size-full wp-image-1052\" src=\"https:\/\/carnetsdevoyage.net\/srilanka2017\/wp-content\/uploads\/sites\/5\/2017\/08\/P8102111-Copier.jpg\" alt=\"\" width=\"1600\" height=\"900\" \/><\/p>\n<p><img loading=\"lazy\" decoding=\"async\" class=\"aligncenter size-full wp-image-1053\" src=\"https:\/\/carnetsdevoyage.net\/srilanka2017\/wp-content\/uploads\/sites\/5\/2017\/08\/P8102112-Copier.jpg\" alt=\"\" width=\"1600\" height=\"900\" \/><\/p>\n<p><img loading=\"lazy\" decoding=\"async\" class=\"aligncenter size-full wp-image-1054\" src=\"https:\/\/carnetsdevoyage.net\/srilanka2017\/wp-content\/uploads\/sites\/5\/2017\/08\/P8102113-Copier.jpg\" alt=\"\" width=\"900\" height=\"1600\" \/><\/p>\n<p><img loading=\"lazy\" decoding=\"async\" class=\"aligncenter size-full wp-image-1055\" src=\"https:\/\/carnetsdevoyage.net\/srilanka2017\/wp-content\/uploads\/sites\/5\/2017\/08\/P8102114-Copier.jpg\" alt=\"\" width=\"1600\" height=\"900\" \/><\/p>\n<p><img loading=\"lazy\" decoding=\"async\" class=\"aligncenter size-full wp-image-1056\" src=\"https:\/\/carnetsdevoyage.net\/srilanka2017\/wp-content\/uploads\/sites\/5\/2017\/08\/P8102117-Copier.jpg\" alt=\"\" width=\"900\" height=\"1600\" \/><\/p>\n<p><img loading=\"lazy\" decoding=\"async\" class=\"aligncenter size-full wp-image-1057\" src=\"https:\/\/carnetsdevoyage.net\/srilanka2017\/wp-content\/uploads\/sites\/5\/2017\/08\/20732739_10213782376543286_832448068_n.jpg\" alt=\"\" width=\"720\" height=\"960\" \/><\/p>\n<p>Sur le chemin, de belles petites biches ont accept\u00e9 de poser quelques secondes pour nos photos !<\/p>\n<p><img loading=\"lazy\" decoding=\"async\" class=\"aligncenter size-full wp-image-1058\" src=\"https:\/\/carnetsdevoyage.net\/srilanka2017\/wp-content\/uploads\/sites\/5\/2017\/08\/P8102120-Copier.jpg\" alt=\"\" width=\"1600\" height=\"900\" \/><\/p>\n<p><img loading=\"lazy\" decoding=\"async\" class=\"aligncenter size-full wp-image-1059\" src=\"https:\/\/carnetsdevoyage.net\/srilanka2017\/wp-content\/uploads\/sites\/5\/2017\/08\/P8102121-Copier.jpg\" alt=\"\" width=\"1600\" height=\"900\" \/><\/p>\n<p><img loading=\"lazy\" decoding=\"async\" class=\"aligncenter size-full wp-image-1060\" src=\"https:\/\/carnetsdevoyage.net\/srilanka2017\/wp-content\/uploads\/sites\/5\/2017\/08\/P8102124-Copier.jpg\" alt=\"\" width=\"1600\" height=\"900\" \/><\/p>\n<p><img loading=\"lazy\" decoding=\"async\" class=\"aligncenter size-full wp-image-1061\" src=\"https:\/\/carnetsdevoyage.net\/srilanka2017\/wp-content\/uploads\/sites\/5\/2017\/08\/P8102127-Copier.jpg\" alt=\"\" width=\"1600\" height=\"900\" \/><\/p>\n<p>Kalu Gal Vihara : quatre statues taill\u00e9es dans une paroi de granit.<\/p>\n<p>La premi\u00e8re statue (5 m de haut repr\u00e9sente un Bouddha aur\u00e9ol\u00e9 en m\u00e9ditation sur un tr\u00f4ne dans une attitude sereine, le deuxi\u00e8me taill\u00e9 dans une cavit\u00e9 prot\u00e9g\u00e9e par un grillage, le troisi\u00e8me debout et le quatri\u00e8me le plus impressionnant un Bouddha couch\u00e9 (14 m de long) le visage empreint d&rsquo;une d&rsquo;une grande s\u00e9r\u00e9nit\u00e9 soudaine.<\/p>\n<p><img loading=\"lazy\" decoding=\"async\" class=\"aligncenter size-full wp-image-1062\" src=\"https:\/\/carnetsdevoyage.net\/srilanka2017\/wp-content\/uploads\/sites\/5\/2017\/08\/P8102130-Copier.jpg\" alt=\"\" width=\"1600\" height=\"900\" \/><\/p>\n<p><img loading=\"lazy\" decoding=\"async\" class=\"aligncenter size-full wp-image-1064\" src=\"https:\/\/carnetsdevoyage.net\/srilanka2017\/wp-content\/uploads\/sites\/5\/2017\/08\/P8102136-Copier.jpg\" alt=\"\" width=\"1600\" height=\"900\" \/><\/p>\n<p><img loading=\"lazy\" decoding=\"async\" class=\"aligncenter size-full wp-image-1065\" src=\"https:\/\/carnetsdevoyage.net\/srilanka2017\/wp-content\/uploads\/sites\/5\/2017\/08\/P8102141-Copier.jpg\" alt=\"\" width=\"900\" height=\"1600\" \/><\/p>\n<p><img loading=\"lazy\" decoding=\"async\" class=\"aligncenter size-full wp-image-1066\" src=\"https:\/\/carnetsdevoyage.net\/srilanka2017\/wp-content\/uploads\/sites\/5\/2017\/08\/P8102142-Copier.jpg\" alt=\"\" width=\"1600\" height=\"900\" \/><\/p>\n<p><img loading=\"lazy\" decoding=\"async\" class=\"aligncenter size-full wp-image-1067\" src=\"https:\/\/carnetsdevoyage.net\/srilanka2017\/wp-content\/uploads\/sites\/5\/2017\/08\/P8102144-Copier.jpg\" alt=\"\" width=\"1600\" height=\"900\" \/><\/p>\n<p><img loading=\"lazy\" decoding=\"async\" class=\"aligncenter size-full wp-image-1068\" src=\"https:\/\/carnetsdevoyage.net\/srilanka2017\/wp-content\/uploads\/sites\/5\/2017\/08\/P8102147-Copier.jpg\" alt=\"\" width=\"1600\" height=\"900\" \/><\/p>\n<p>Rankot Vihara. Construit par Nissam Kamala, le plus grand dagoba de Polonnaruwa dresse sur plus pr\u00e8s de 60m sa fl\u00e8che, jadis couverte d&rsquo;or.<\/p>\n<p><img loading=\"lazy\" decoding=\"async\" class=\"aligncenter size-full wp-image-1069\" src=\"https:\/\/carnetsdevoyage.net\/srilanka2017\/wp-content\/uploads\/sites\/5\/2017\/08\/P8102153-Copier.jpg\" alt=\"\" width=\"1600\" height=\"900\" \/><\/p>\n<p><img loading=\"lazy\" decoding=\"async\" class=\"aligncenter size-full wp-image-1072\" src=\"https:\/\/carnetsdevoyage.net\/srilanka2017\/wp-content\/uploads\/sites\/5\/2017\/08\/P8102158-Copier.jpg\" alt=\"\" width=\"1600\" height=\"900\" \/><\/p>\n<p><img loading=\"lazy\" decoding=\"async\" class=\"aligncenter size-full wp-image-1071\" src=\"https:\/\/carnetsdevoyage.net\/srilanka2017\/wp-content\/uploads\/sites\/5\/2017\/08\/P8102154-Copier.jpg\" alt=\"\" width=\"1600\" height=\"900\" \/><\/p>\n<p>Un petit temple de Vishnou.<\/p>\n<p><img loading=\"lazy\" decoding=\"async\" class=\"aligncenter size-full wp-image-1073\" src=\"https:\/\/carnetsdevoyage.net\/srilanka2017\/wp-content\/uploads\/sites\/5\/2017\/08\/P8102168-Copier.jpg\" alt=\"\" width=\"1600\" height=\"900\" \/><\/p>\n<p>Les singes, toujours dans le coin. Ce petit l\u00e0 ne doit pas avoir plus de quelques jours.<\/p>\n<p><img loading=\"lazy\" decoding=\"async\" class=\"aligncenter size-full wp-image-1096\" src=\"https:\/\/carnetsdevoyage.net\/srilanka2017\/wp-content\/uploads\/sites\/5\/2017\/08\/P8102198-Copier.jpg\" alt=\"\" width=\"1600\" height=\"900\" \/><\/p>\n<p><img loading=\"lazy\" decoding=\"async\" class=\"aligncenter size-full wp-image-1095\" src=\"https:\/\/carnetsdevoyage.net\/srilanka2017\/wp-content\/uploads\/sites\/5\/2017\/08\/P8102196-Copier.jpg\" alt=\"\" width=\"900\" height=\"1600\" \/><\/p>\n<p><img loading=\"lazy\" decoding=\"async\" class=\"aligncenter size-full wp-image-1094\" src=\"https:\/\/carnetsdevoyage.net\/srilanka2017\/wp-content\/uploads\/sites\/5\/2017\/08\/P8102195-Copier.jpg\" alt=\"\" width=\"1600\" height=\"900\" \/><\/p>\n<p>A l&rsquo;ext\u00e9rieur du site, proche du grand r\u00e9servoir creus\u00e9 par le roi Parakrama, et qui permet encore aujourd&rsquo;hui d&rsquo;alimenter en haut la ville de Polonnaruwa, se dresse une statue, taill\u00e9e \u00e0 m\u00eame le roc en haut relief sur 4 m de hauteur. Elle repr\u00e9senterait le roi tenant un joug ou un manuscrit.<\/p>\n<p><img loading=\"lazy\" decoding=\"async\" class=\"aligncenter size-full wp-image-1074\" src=\"https:\/\/carnetsdevoyage.net\/srilanka2017\/wp-content\/uploads\/sites\/5\/2017\/08\/P8102203-Copier.jpg\" alt=\"\" width=\"900\" height=\"1600\" \/><\/p>\n<p>Tout pr\u00e8s, Potgul Vihara, la biblioth\u00e8que du monast\u00e8re. C&rsquo;est un b\u00e2timent rond, o\u00f9 l&rsquo;on conservait les livres saints.<\/p>\n<p><img loading=\"lazy\" decoding=\"async\" class=\"aligncenter size-full wp-image-1075\" src=\"https:\/\/carnetsdevoyage.net\/srilanka2017\/wp-content\/uploads\/sites\/5\/2017\/08\/P8102208-Copier.jpg\" alt=\"\" width=\"1600\" height=\"900\" \/><\/p>\n<p>Un petit l\u00e9zard en ballade !<\/p>\n<p><img loading=\"lazy\" decoding=\"async\" class=\"aligncenter size-full wp-image-1093\" src=\"https:\/\/carnetsdevoyage.net\/srilanka2017\/wp-content\/uploads\/sites\/5\/2017\/08\/P8102228-Copier.jpg\" alt=\"\" width=\"1600\" height=\"900\" \/><\/p>\n<p>A deux kilom\u00e8tres de l\u00e0, les quartiers d&rsquo;un autre roi, le roi Malla. Il ne reste presque plus rien de son palais, mais il subsiste la salle du conseil, o\u00f9 tr\u00f4ne un magnifique lion. Il reste aussi quelques magnifiques bas-reliefs.<\/p>\n<p><img loading=\"lazy\" decoding=\"async\" class=\"aligncenter size-full wp-image-1076\" src=\"https:\/\/carnetsdevoyage.net\/srilanka2017\/wp-content\/uploads\/sites\/5\/2017\/08\/P8102229-Copier.jpg\" alt=\"\" width=\"1600\" height=\"900\" \/><\/p>\n<p><img loading=\"lazy\" decoding=\"async\" class=\"aligncenter size-full wp-image-1078\" src=\"https:\/\/carnetsdevoyage.net\/srilanka2017\/wp-content\/uploads\/sites\/5\/2017\/08\/P8102232-Copier.jpg\" alt=\"\" width=\"1600\" height=\"900\" \/><\/p>\n<p><img loading=\"lazy\" decoding=\"async\" class=\"aligncenter size-full wp-image-1081\" src=\"https:\/\/carnetsdevoyage.net\/srilanka2017\/wp-content\/uploads\/sites\/5\/2017\/08\/P8102236-Copier.jpg\" alt=\"\" width=\"1600\" height=\"900\" \/><\/p>\n<p><img loading=\"lazy\" decoding=\"async\" class=\"aligncenter size-full wp-image-1083\" src=\"https:\/\/carnetsdevoyage.net\/srilanka2017\/wp-content\/uploads\/sites\/5\/2017\/08\/P8102241-Copier.jpg\" alt=\"\" width=\"1600\" height=\"900\" \/><\/p>\n<p><img loading=\"lazy\" decoding=\"async\" class=\"aligncenter size-full wp-image-1085\" src=\"https:\/\/carnetsdevoyage.net\/srilanka2017\/wp-content\/uploads\/sites\/5\/2017\/08\/P8102245-Copier.jpg\" alt=\"\" width=\"1600\" height=\"900\" \/><\/p>\n<p><img loading=\"lazy\" decoding=\"async\" class=\"aligncenter size-full wp-image-1086\" src=\"https:\/\/carnetsdevoyage.net\/srilanka2017\/wp-content\/uploads\/sites\/5\/2017\/08\/P8102252-Copier.jpg\" alt=\"\" width=\"900\" height=\"1600\" \/><\/p>\n<p><img loading=\"lazy\" decoding=\"async\" class=\"aligncenter size-full wp-image-1087\" src=\"https:\/\/carnetsdevoyage.net\/srilanka2017\/wp-content\/uploads\/sites\/5\/2017\/08\/P8102255-Copier.jpg\" alt=\"\" width=\"1600\" height=\"900\" \/><\/p>\n<p><img loading=\"lazy\" decoding=\"async\" class=\"aligncenter size-full wp-image-1088\" src=\"https:\/\/carnetsdevoyage.net\/srilanka2017\/wp-content\/uploads\/sites\/5\/2017\/08\/P8102256-Copier.jpg\" alt=\"\" width=\"1600\" height=\"900\" \/><\/p>\n<p><img loading=\"lazy\" decoding=\"async\" class=\"aligncenter size-full wp-image-1089\" src=\"https:\/\/carnetsdevoyage.net\/srilanka2017\/wp-content\/uploads\/sites\/5\/2017\/08\/P8102257-Copier.jpg\" alt=\"\" width=\"1600\" height=\"900\" \/><\/p>\n<p><img loading=\"lazy\" decoding=\"async\" class=\"aligncenter size-full wp-image-1090\" src=\"https:\/\/carnetsdevoyage.net\/srilanka2017\/wp-content\/uploads\/sites\/5\/2017\/08\/P8102259-Copier.jpg\" alt=\"\" width=\"1600\" height=\"900\" \/><\/p>\n<p>En fin de visite, les macaques ont su profiter d&rsquo;une mare cr\u00e9\u00e9e par les pluies d&rsquo;hier, et s&rsquo;en sont donn\u00e9 \u00e0 c\u0153ur joie !<\/p>\n<p>Demain, nous partons un peu avant l&rsquo;aube, vers Sigiriya, le rocher au lion. C&rsquo;est environ \u00e0 une heure de route, et l&rsquo;id\u00e9e est d&rsquo;avoir un panorama magnifique au lever du soleil.<\/p>\n<p>A demain !<\/p>\n<p><img loading=\"lazy\" decoding=\"async\" class=\"aligncenter size-full wp-image-1097\" src=\"https:\/\/carnetsdevoyage.net\/srilanka2017\/wp-content\/uploads\/sites\/5\/2017\/08\/P8102210-Copier.jpg\" alt=\"\" width=\"1600\" height=\"900\" \/><\/p>\n<p>&nbsp;<\/p>\n<p>&nbsp;<\/p>\n<p>&nbsp;<\/p>\n<p>&nbsp;<\/p>\n","protected":false},"excerpt":{"rendered":"<p>Nous partons ce matin en visite de la seconde grande capitale du Sri Lanka, apr\u00e8s Arunadhapura. La ville a \u00e9t\u00e9 fond\u00e9e par les Cholas, venus d&rsquo;Inde. Ce sont eux qui ont vaincu le roi d&rsquo;Anuradhapura, et ont ensuite d\u00e9truit sa cit\u00e9. Les Cholas ne sont pas rest\u00e9s l\u00e0 longtemps, ils ont \u00e9t\u00e9 chass\u00e9s rapidement par le roi Vihaya Bahu Ier (1055-1110). Mais le nom de la cit\u00e9 est, \u00e0 juste titre, plut\u00f4t associ\u00e9 Parakrama Bahu (1153-1196) et \u00e0 son successeur,&#8230;<\/p>\n<p class=\"read-more\"><a class=\"btn btn-default\" href=\"https:\/\/carnetsdevoyage.net\/srilanka2017\/la-cite-antique-de-polonnaruwa\/\">Lire la suite<span class=\"screen-reader-text\"> Lire la suite<\/span><\/a><\/p>\n","protected":false},"author":2,"featured_media":0,"parent":0,"menu_order":23,"comment_status":"closed","ping_status":"closed","template":"","meta":{"_crdt_document":"","footnotes":""},"class_list":["post-1508","page","type-page","status-publish","hentry"],"_links":{"self":[{"href":"https:\/\/carnetsdevoyage.net\/srilanka2017\/wp-json\/wp\/v2\/pages\/1508","targetHints":{"allow":["GET"]}}],"collection":[{"href":"https:\/\/carnetsdevoyage.net\/srilanka2017\/wp-json\/wp\/v2\/pages"}],"about":[{"href":"https:\/\/carnetsdevoyage.net\/srilanka2017\/wp-json\/wp\/v2\/types\/page"}],"author":[{"embeddable":true,"href":"https:\/\/carnetsdevoyage.net\/srilanka2017\/wp-json\/wp\/v2\/users\/2"}],"replies":[{"embeddable":true,"href":"https:\/\/carnetsdevoyage.net\/srilanka2017\/wp-json\/wp\/v2\/comments?post=1508"}],"version-history":[{"count":0,"href":"https:\/\/carnetsdevoyage.net\/srilanka2017\/wp-json\/wp\/v2\/pages\/1508\/revisions"}],"wp:attachment":[{"href":"https:\/\/carnetsdevoyage.net\/srilanka2017\/wp-json\/wp\/v2\/media?parent=1508"}],"curies":[{"name":"wp","href":"https:\/\/api.w.org\/{rel}","templated":true}]}}