{"id":1517,"date":"2017-08-29T22:36:55","date_gmt":"2017-08-29T20:36:55","guid":{"rendered":"http:\/\/srilanka2017.free.fr\/?page_id=1517"},"modified":"2017-08-29T22:36:55","modified_gmt":"2017-08-29T20:36:55","slug":"tea-tree-tooth","status":"publish","type":"page","link":"https:\/\/carnetsdevoyage.net\/srilanka2017\/tea-tree-tooth\/","title":{"rendered":"Tea, Tree, Tooth&#8230;"},"content":{"rendered":"<p>Vaste programme aujourd&rsquo;hui pour note derni\u00e8re journ\u00e9e \u00e0 Kandy.<\/p>\n<p>Nous sommes partis ce matin sur les hauteurs de la ville visiter le Ceylon Tea Museum. Comme son nom l&rsquo;indique ce mus\u00e9e consacr\u00e9 au th\u00e9 est install\u00e9 dans une ancienne factory, ferm\u00e9e depuis 1983.<\/p>\n<p>Ils ont regroup\u00e9 ici l&rsquo;ensemble des machines qui servent \u00e0 pr\u00e9parer la feuille de th\u00e9 jusqu&rsquo;\u00e0 en faire LE th\u00e9. Pour l&rsquo;essentiel, les machine datent du XIX\u00e8me si\u00e8cle. Cette visite \u00e9tait tr\u00e8s int\u00e9ressante, et nous avons fini avec une d\u00e9gustation.<\/p>\n<p><img loading=\"lazy\" decoding=\"async\" class=\"aligncenter size-full wp-image-1229\" src=\"https:\/\/carnetsdevoyage.net\/srilanka2017\/wp-content\/uploads\/sites\/5\/2017\/08\/P8132580-Copier.jpg\" alt=\"\" width=\"1600\" height=\"900\" \/><\/p>\n<p><img loading=\"lazy\" decoding=\"async\" class=\"aligncenter size-full wp-image-1253\" src=\"https:\/\/carnetsdevoyage.net\/srilanka2017\/wp-content\/uploads\/sites\/5\/2017\/08\/P8132620-Copier.jpg\" alt=\"\" width=\"1600\" height=\"900\" \/><\/p>\n<p>Cette machine di\u00e9sel servait \u00e0 faire marcher toutes les autres. Par un jeu de courroies astucieux, elle entrainait la rotation et le fonctionnement des autres.<\/p>\n<p><img loading=\"lazy\" decoding=\"async\" class=\"aligncenter size-full wp-image-1227\" src=\"https:\/\/carnetsdevoyage.net\/srilanka2017\/wp-content\/uploads\/sites\/5\/2017\/08\/P8132583-Copier.jpg\" alt=\"\" width=\"1600\" height=\"900\" \/><\/p>\n<p><img loading=\"lazy\" decoding=\"async\" class=\"aligncenter size-full wp-image-1226\" src=\"https:\/\/carnetsdevoyage.net\/srilanka2017\/wp-content\/uploads\/sites\/5\/2017\/08\/P8132582-Copier.jpg\" alt=\"\" width=\"900\" height=\"1600\" \/><\/p>\n<p>Une machine \u00e0 rouler les feuilles de th\u00e9. Cette op\u00e9ration \u00e9tait r\u00e9alis\u00e9 de nombreuses fois.<\/p>\n<p>&nbsp;<\/p>\n<p><img loading=\"lazy\" decoding=\"async\" class=\"aligncenter size-full wp-image-1234\" src=\"https:\/\/carnetsdevoyage.net\/srilanka2017\/wp-content\/uploads\/sites\/5\/2017\/08\/P8132584-Copier-1.jpg\" alt=\"\" width=\"900\" height=\"1600\" \/><\/p>\n<p>Apr\u00e8s le roulage des feuilles, le s\u00e9chage dans cette grosse machine. L&rsquo;air chaud arrivait par derri\u00e8re, sur la seconde photo, chauff\u00e9 par un po\u00eale.<\/p>\n<p><img loading=\"lazy\" decoding=\"async\" class=\"aligncenter size-full wp-image-1235\" src=\"https:\/\/carnetsdevoyage.net\/srilanka2017\/wp-content\/uploads\/sites\/5\/2017\/08\/P8132586-Copier.jpg\" alt=\"\" width=\"900\" height=\"1600\" \/><\/p>\n<p><img loading=\"lazy\" decoding=\"async\" class=\"aligncenter size-full wp-image-1237\" src=\"https:\/\/carnetsdevoyage.net\/srilanka2017\/wp-content\/uploads\/sites\/5\/2017\/08\/P8132589-Copier.jpg\" alt=\"\" width=\"1600\" height=\"900\" \/><\/p>\n<p>Apr\u00e8s le s\u00e9chage m\u00e9canique, les feuilles \u00e9taient mises \u00e0 s\u00e9cher naturellement, dans une pi\u00e8ce a\u00e9r\u00e9e. On voit que le b\u00e2timent comporte de tr\u00e8s nombreuses fen\u00eatres : c&rsquo;est ainsi qu&rsquo;on a\u00e9rait en permanence les lieux car les op\u00e9rations de pr\u00e9paration du th\u00e9 g\u00e9n\u00e9raient \u00e9norm\u00e9ment de poussi\u00e8re.<\/p>\n<p>Les s\u00e9choirs sur lesquels les feuilles roul\u00e9es \u00e9taient dispos\u00e9es. Sur les deux photos suivantes, deux gros ventilateurs \u00e9taient mis en action quand l&rsquo;air \u00e9tait trop humide. L&rsquo;air qu&rsquo;ils g\u00e9n\u00e9raient passaient par les portes en bois.<\/p>\n<p><img loading=\"lazy\" decoding=\"async\" class=\"aligncenter size-full wp-image-1246\" src=\"https:\/\/carnetsdevoyage.net\/srilanka2017\/wp-content\/uploads\/sites\/5\/2017\/08\/P8132606-Copier.jpg\" alt=\"\" width=\"1600\" height=\"900\" \/><\/p>\n<p><img loading=\"lazy\" decoding=\"async\" class=\"aligncenter size-full wp-image-1240\" src=\"https:\/\/carnetsdevoyage.net\/srilanka2017\/wp-content\/uploads\/sites\/5\/2017\/08\/P8132595-Copier.jpg\" alt=\"\" width=\"1600\" height=\"900\" \/><\/p>\n<p><img loading=\"lazy\" decoding=\"async\" class=\"aligncenter size-full wp-image-1241\" src=\"https:\/\/carnetsdevoyage.net\/srilanka2017\/wp-content\/uploads\/sites\/5\/2017\/08\/P8132598-Copier.jpg\" alt=\"\" width=\"1600\" height=\"900\" \/><\/p>\n<p>Une maquette anim\u00e9e, fabriqu\u00e9e en 1963 nous montre le fonctionnement de ces machines.<\/p>\n<p>Les casiers dans lesquels \u00e9taient rang\u00e9es les caisses de th\u00e9 en fonction de leur d\u00e9nomination. Le type de th\u00e9 d\u00e9pend tout autant de sa pr\u00e9paration, que de l&rsquo;altitude \u00e0 laquelle le th\u00e9ier pousse, du type de feuilles r\u00e9colt\u00e9es, de l&rsquo;heure de la r\u00e9colte&#8230; Par exemple, ici ils ont une vari\u00e9t\u00e9 appel\u00e9e Gold : les feuilles qui servent \u00e0 sa pr\u00e9paration sont minutieusement choisies, et cueillies uniquement les jours de soleil avant 10 heure le matin !<\/p>\n<p><img loading=\"lazy\" decoding=\"async\" class=\"aligncenter size-full wp-image-1251\" src=\"https:\/\/carnetsdevoyage.net\/srilanka2017\/wp-content\/uploads\/sites\/5\/2017\/08\/P8132616-Copier.jpg\" alt=\"\" width=\"1600\" height=\"900\" \/><\/p>\n<p>Les noms des directeurs et des secr\u00e9taires de la factory. Il faut attendre 1954 pour voir appara\u00eetre un Sri Lankais dans la liste !<\/p>\n<p><img loading=\"lazy\" decoding=\"async\" class=\"aligncenter size-full wp-image-1243\" src=\"https:\/\/carnetsdevoyage.net\/srilanka2017\/wp-content\/uploads\/sites\/5\/2017\/08\/P8132600-Copier.jpg\" alt=\"\" width=\"900\" height=\"1600\" \/><\/p>\n<p><img loading=\"lazy\" decoding=\"async\" class=\"aligncenter size-full wp-image-1244\" src=\"https:\/\/carnetsdevoyage.net\/srilanka2017\/wp-content\/uploads\/sites\/5\/2017\/08\/P8132601-Copier.jpg\" alt=\"\" width=\"1600\" height=\"900\" \/><\/p>\n<p>Une vue sur les Knuckles, un passif montagneux au nord de Kandy.<\/p>\n<p><img loading=\"lazy\" decoding=\"async\" class=\"aligncenter size-full wp-image-1245\" src=\"https:\/\/carnetsdevoyage.net\/srilanka2017\/wp-content\/uploads\/sites\/5\/2017\/08\/P8132604-Copier.jpg\" alt=\"\" width=\"1600\" height=\"900\" \/><\/p>\n<p>Apr\u00e8s cette enrichissante visite, nous sommes partis vers le Royal Botanic Garden, v\u00e9ritable \u00e9crin de verdure aux abords de cette ville infernale ! Il pr\u00e9sente un \u00e9ventail tr\u00e8s large des arbres et plantes d\u2019Asie pour l&rsquo;essentiel.<\/p>\n<p><img loading=\"lazy\" decoding=\"async\" class=\"aligncenter size-full wp-image-1254\" src=\"https:\/\/carnetsdevoyage.net\/srilanka2017\/wp-content\/uploads\/sites\/5\/2017\/08\/P8132624-Copier.jpg\" alt=\"\" width=\"1600\" height=\"900\" \/><\/p>\n<p><img loading=\"lazy\" decoding=\"async\" class=\"aligncenter size-full wp-image-1255\" src=\"https:\/\/carnetsdevoyage.net\/srilanka2017\/wp-content\/uploads\/sites\/5\/2017\/08\/P8132627-Copier.jpg\" alt=\"\" width=\"1600\" height=\"900\" \/><\/p>\n<p><img loading=\"lazy\" decoding=\"async\" class=\"aligncenter size-full wp-image-1256\" src=\"https:\/\/carnetsdevoyage.net\/srilanka2017\/wp-content\/uploads\/sites\/5\/2017\/08\/P8132628-Copier.jpg\" alt=\"\" width=\"900\" height=\"1600\" \/><\/p>\n<p><img loading=\"lazy\" decoding=\"async\" class=\"aligncenter size-full wp-image-1257\" src=\"https:\/\/carnetsdevoyage.net\/srilanka2017\/wp-content\/uploads\/sites\/5\/2017\/08\/P8132636-Copier.jpg\" alt=\"\" width=\"1600\" height=\"900\" \/><\/p>\n<p><img loading=\"lazy\" decoding=\"async\" class=\"aligncenter size-full wp-image-1258\" src=\"https:\/\/carnetsdevoyage.net\/srilanka2017\/wp-content\/uploads\/sites\/5\/2017\/08\/P8132637-Copier.jpg\" alt=\"\" width=\"1600\" height=\"900\" \/><\/p>\n<p>Il s&rsquo;agit d&rsquo;un seul arbre ! Quelle ombre !<\/p>\n<p>&nbsp;<\/p>\n<p><img loading=\"lazy\" decoding=\"async\" class=\"aligncenter size-full wp-image-1259\" src=\"https:\/\/carnetsdevoyage.net\/srilanka2017\/wp-content\/uploads\/sites\/5\/2017\/08\/P8132642-Copier.jpg\" alt=\"\" width=\"1600\" height=\"900\" \/><\/p>\n<p><img loading=\"lazy\" decoding=\"async\" class=\"aligncenter size-full wp-image-1260\" src=\"https:\/\/carnetsdevoyage.net\/srilanka2017\/wp-content\/uploads\/sites\/5\/2017\/08\/P8132643-Copier.jpg\" alt=\"\" width=\"1600\" height=\"900\" \/><\/p>\n<p>Ces bambous poussent de 30 cm par jour quand ils sont dans leur p\u00e9riode de croissance. Ils atteignent leur taille maximum, soit entre 20 et 30 m\u00e8tres en 40 jours !<\/p>\n<p><img loading=\"lazy\" decoding=\"async\" class=\"aligncenter size-full wp-image-1262\" src=\"https:\/\/carnetsdevoyage.net\/srilanka2017\/wp-content\/uploads\/sites\/5\/2017\/08\/P8132646-Copier.jpg\" alt=\"\" width=\"900\" height=\"1600\" \/><\/p>\n<p><img loading=\"lazy\" decoding=\"async\" class=\"aligncenter size-full wp-image-1264\" src=\"https:\/\/carnetsdevoyage.net\/srilanka2017\/wp-content\/uploads\/sites\/5\/2017\/08\/P8132654-Copier.jpg\" alt=\"\" width=\"1600\" height=\"900\" \/><\/p>\n<p>Ce bassin \u00e0 la forme du Sri Lanka. Le nord est en bas, avec Jaffna et les \u00eeles&#8230;<\/p>\n<p><img loading=\"lazy\" decoding=\"async\" class=\"aligncenter size-full wp-image-1263\" src=\"https:\/\/carnetsdevoyage.net\/srilanka2017\/wp-content\/uploads\/sites\/5\/2017\/08\/P8132647-Copier.jpg\" alt=\"\" width=\"1600\" height=\"900\" \/><\/p>\n<p>L&rsquo;agave avec laquelle on produit la t\u00e9quila.<\/p>\n<p><img loading=\"lazy\" decoding=\"async\" class=\"aligncenter size-full wp-image-1265\" src=\"https:\/\/carnetsdevoyage.net\/srilanka2017\/wp-content\/uploads\/sites\/5\/2017\/08\/P8132655-Copier.jpg\" alt=\"\" width=\"1600\" height=\"900\" \/><\/p>\n<p>De la coca (pas cola !)<\/p>\n<p><img loading=\"lazy\" decoding=\"async\" class=\"aligncenter size-full wp-image-1266\" src=\"https:\/\/carnetsdevoyage.net\/srilanka2017\/wp-content\/uploads\/sites\/5\/2017\/08\/P8132656-Copier.jpg\" alt=\"\" width=\"1600\" height=\"900\" \/><\/p>\n<p><img loading=\"lazy\" decoding=\"async\" class=\"aligncenter size-full wp-image-1270\" src=\"https:\/\/carnetsdevoyage.net\/srilanka2017\/wp-content\/uploads\/sites\/5\/2017\/08\/P8132668-Copier.jpg\" alt=\"\" width=\"1600\" height=\"900\" \/><\/p>\n<p><img loading=\"lazy\" decoding=\"async\" class=\"aligncenter size-full wp-image-1274\" src=\"https:\/\/carnetsdevoyage.net\/srilanka2017\/wp-content\/uploads\/sites\/5\/2017\/08\/P8132678-Copier.jpg\" alt=\"\" width=\"1600\" height=\"900\" \/><\/p>\n<p>Le cannelier de Ceylan.<\/p>\n<p><img loading=\"lazy\" decoding=\"async\" class=\"aligncenter size-full wp-image-1271\" src=\"https:\/\/carnetsdevoyage.net\/srilanka2017\/wp-content\/uploads\/sites\/5\/2017\/08\/P8132671-Copier.jpg\" alt=\"\" width=\"900\" height=\"1600\" \/><\/p>\n<p><img loading=\"lazy\" decoding=\"async\" class=\"aligncenter size-full wp-image-1275\" src=\"https:\/\/carnetsdevoyage.net\/srilanka2017\/wp-content\/uploads\/sites\/5\/2017\/08\/P8132680-Copier.jpg\" alt=\"\" width=\"1600\" height=\"900\" \/><\/p>\n<p>Des arbres aux formes \u00e9tourdissantes !<\/p>\n<p><img loading=\"lazy\" decoding=\"async\" class=\"aligncenter size-full wp-image-1278\" src=\"https:\/\/carnetsdevoyage.net\/srilanka2017\/wp-content\/uploads\/sites\/5\/2017\/08\/P8132685-Copier.jpg\" alt=\"\" width=\"1600\" height=\"900\" \/><\/p>\n<p><img loading=\"lazy\" decoding=\"async\" class=\"aligncenter size-full wp-image-1279\" src=\"https:\/\/carnetsdevoyage.net\/srilanka2017\/wp-content\/uploads\/sites\/5\/2017\/08\/P8132687-Copier.jpg\" alt=\"\" width=\"900\" height=\"1600\" \/><\/p>\n<p>Cet arbre vient d&rsquo;Australie. On a r\u00eav\u00e9 que le tronc avait les m\u00eame couleurs, mais c&rsquo;est seulement l&rsquo;\u00e9corce&#8230;<\/p>\n<p><img loading=\"lazy\" decoding=\"async\" class=\"aligncenter size-full wp-image-1282\" src=\"https:\/\/carnetsdevoyage.net\/srilanka2017\/wp-content\/uploads\/sites\/5\/2017\/08\/P8132695-Copier.jpg\" alt=\"\" width=\"900\" height=\"1600\" \/><\/p>\n<p><img loading=\"lazy\" decoding=\"async\" class=\"aligncenter size-full wp-image-1283\" src=\"https:\/\/carnetsdevoyage.net\/srilanka2017\/wp-content\/uploads\/sites\/5\/2017\/08\/P8132697-Copier.jpg\" alt=\"\" width=\"900\" height=\"1600\" \/><\/p>\n<p><img loading=\"lazy\" decoding=\"async\" class=\"aligncenter size-full wp-image-1284\" src=\"https:\/\/carnetsdevoyage.net\/srilanka2017\/wp-content\/uploads\/sites\/5\/2017\/08\/P8132702-Copier.jpg\" alt=\"\" width=\"900\" height=\"1600\" \/><\/p>\n<p>Un sympathique arbre \u00e0 Batman !<\/p>\n<p><img loading=\"lazy\" decoding=\"async\" class=\"aligncenter size-full wp-image-1286\" src=\"https:\/\/carnetsdevoyage.net\/srilanka2017\/wp-content\/uploads\/sites\/5\/2017\/08\/P8132709-Copier-1.jpg\" alt=\"\" width=\"1600\" height=\"900\" \/><\/p>\n<p>Un acajou aux racines impressionnantes.<\/p>\n<p><img loading=\"lazy\" decoding=\"async\" class=\"aligncenter size-full wp-image-1289\" src=\"https:\/\/carnetsdevoyage.net\/srilanka2017\/wp-content\/uploads\/sites\/5\/2017\/08\/P8132715-Copier.jpg\" alt=\"\" width=\"900\" height=\"1600\" \/><\/p>\n<p>Apr\u00e8s les plantes, les dents ! Nous sommes ensuite partis visiter un des hauts lieux du Bouddhisme dans le monde, le Temple de la Dent.<\/p>\n<p>Ce temple est ins\u00e9r\u00e9 dans un b\u00e2timent, et recouvert d&rsquo;un toit. Il comporte plusieurs niveaux, et la dent est conserv\u00e9e au niveau sup\u00e9rieur.<\/p>\n<p>Cette relique de Bouddha, sa canine sup\u00e9rieure gauche, est conserv\u00e9e ici, et enferm\u00e9e dans 7 r\u00e9cipients en or en forme de dagoba. Ils sont eux-m\u00eames conserv\u00e9s dans un reliquaire. On ne peut voir la dent qu&rsquo;une fois tous les 5 ans ! Ce jour unique voit affluer ici des millions de fid\u00e8les.<\/p>\n<p>En attendant, 3 fois par jour, \u00e0 5h30, 9h30 et 18h30, le reliquaire est ouvert, et on peut voir le premier des dagobas. Cet \u00e9v\u00e8nement attire lui aussi des centaines de fid\u00e8les, qui font la queue plusieurs heures juste pour l&rsquo;apercevoir. Ils avancent alors en file indienne et passent devant sans pouvoir s&rsquo;arr\u00eater !<\/p>\n<p><img loading=\"lazy\" decoding=\"async\" class=\"aligncenter size-full wp-image-1300\" src=\"https:\/\/carnetsdevoyage.net\/srilanka2017\/wp-content\/uploads\/sites\/5\/2017\/08\/P8132721-Copier.jpg\" alt=\"\" width=\"1600\" height=\"900\" \/><\/p>\n<p>Le bas du temple de la dent.<\/p>\n<p><img loading=\"lazy\" decoding=\"async\" class=\"aligncenter size-full wp-image-1301\" src=\"https:\/\/carnetsdevoyage.net\/srilanka2017\/wp-content\/uploads\/sites\/5\/2017\/08\/P8132724-Copier.jpg\" alt=\"\" width=\"1600\" height=\"900\" \/><\/p>\n<p><img loading=\"lazy\" decoding=\"async\" class=\"aligncenter size-full wp-image-1307\" src=\"https:\/\/carnetsdevoyage.net\/srilanka2017\/wp-content\/uploads\/sites\/5\/2017\/08\/P8132736-Copier.jpg\" alt=\"\" width=\"1600\" height=\"900\" \/><\/p>\n<p>Le haut du temple : c&rsquo;est le chemin qu&rsquo;on emprunte pour passer devant le reliquaire. Sur le c\u00f4t\u00e9, les fid\u00e8les attendent l&rsquo;heure d&rsquo;ouverture du reliquaire. On appelle \u00e7a la poya.<\/p>\n<p><img loading=\"lazy\" decoding=\"async\" class=\"aligncenter size-full wp-image-1302\" src=\"https:\/\/carnetsdevoyage.net\/srilanka2017\/wp-content\/uploads\/sites\/5\/2017\/08\/P8132726-Copier.jpg\" alt=\"\" width=\"1600\" height=\"900\" \/><\/p>\n<p>Le reliquaire de la dent de Bouddha.<\/p>\n<p><img loading=\"lazy\" decoding=\"async\" class=\"aligncenter size-full wp-image-1303\" src=\"https:\/\/carnetsdevoyage.net\/srilanka2017\/wp-content\/uploads\/sites\/5\/2017\/08\/P8132730-Copier.jpg\" alt=\"\" width=\"1600\" height=\"900\" \/><\/p>\n<p>La porte du reliquaire, derri\u00e8re laquelle sont les dagobas.<\/p>\n<p><img loading=\"lazy\" decoding=\"async\" class=\"aligncenter size-full wp-image-1304\" src=\"https:\/\/carnetsdevoyage.net\/srilanka2017\/wp-content\/uploads\/sites\/5\/2017\/08\/P8132731-Copier.jpg\" alt=\"\" width=\"1600\" height=\"900\" \/><\/p>\n<p><img loading=\"lazy\" decoding=\"async\" class=\"aligncenter size-full wp-image-1306\" src=\"https:\/\/carnetsdevoyage.net\/srilanka2017\/wp-content\/uploads\/sites\/5\/2017\/08\/P8132735-Copier.jpg\" alt=\"\" width=\"1600\" height=\"900\" \/><\/p>\n<p>La sortie du b\u00e2timent qui abrite le temple. Au dessus, on voit le toit qui le prot\u00e8ge.<\/p>\n<p><img loading=\"lazy\" decoding=\"async\" class=\"aligncenter size-full wp-image-1317\" src=\"https:\/\/carnetsdevoyage.net\/srilanka2017\/wp-content\/uploads\/sites\/5\/2017\/08\/P8132759-Copier.jpg\" alt=\"\" width=\"1600\" height=\"900\" \/><\/p>\n<p>Apr\u00e8s cette visite, nous avons fini la soir\u00e9e dans un bar sympa, que nous avaient conseill\u00e9 Jessica et Sophie, nos copines suisses rencontr\u00e9es \u00e0 Nilaveli.<\/p>\n<p><img loading=\"lazy\" decoding=\"async\" class=\"aligncenter size-full wp-image-1321\" src=\"https:\/\/carnetsdevoyage.net\/srilanka2017\/wp-content\/uploads\/sites\/5\/2017\/08\/P8132765-Copier.jpg\" alt=\"\" width=\"1600\" height=\"900\" \/><\/p>\n<p>Un beau car local. En g\u00e9n\u00e9ral ils sont plut\u00f4t pourris, mais on en croise certains tr\u00e8s d\u00e9cor\u00e9s.<\/p>\n<p><img loading=\"lazy\" decoding=\"async\" class=\"aligncenter size-full wp-image-1319\" src=\"https:\/\/carnetsdevoyage.net\/srilanka2017\/wp-content\/uploads\/sites\/5\/2017\/08\/P8132763-Copier.jpg\" alt=\"\" width=\"1600\" height=\"900\" \/><\/p>\n<p><img loading=\"lazy\" decoding=\"async\" class=\"aligncenter size-full wp-image-1320\" src=\"https:\/\/carnetsdevoyage.net\/srilanka2017\/wp-content\/uploads\/sites\/5\/2017\/08\/P8132764-Copier.jpg\" alt=\"\" width=\"1600\" height=\"900\" \/><\/p>\n<p>Demain nous partons vers Colombo, avec une halte un peu sp\u00e9ciale ! Vous en saurez plus demain !<\/p>\n","protected":false},"excerpt":{"rendered":"<p>Vaste programme aujourd&rsquo;hui pour note derni\u00e8re journ\u00e9e \u00e0 Kandy. Nous sommes partis ce matin sur les hauteurs de la ville visiter le Ceylon Tea Museum. Comme son nom l&rsquo;indique ce mus\u00e9e consacr\u00e9 au th\u00e9 est install\u00e9 dans une ancienne factory, ferm\u00e9e depuis 1983. Ils ont regroup\u00e9 ici l&rsquo;ensemble des machines qui servent \u00e0 pr\u00e9parer la feuille de th\u00e9 jusqu&rsquo;\u00e0 en faire LE th\u00e9. Pour l&rsquo;essentiel, les machine datent du XIX\u00e8me si\u00e8cle. Cette visite \u00e9tait tr\u00e8s int\u00e9ressante, et nous avons fini&#8230;<\/p>\n<p class=\"read-more\"><a class=\"btn btn-default\" href=\"https:\/\/carnetsdevoyage.net\/srilanka2017\/tea-tree-tooth\/\">Lire la suite<span class=\"screen-reader-text\"> Lire la suite<\/span><\/a><\/p>\n","protected":false},"author":2,"featured_media":0,"parent":0,"menu_order":27,"comment_status":"closed","ping_status":"closed","template":"","meta":{"_crdt_document":"","footnotes":""},"class_list":["post-1517","page","type-page","status-publish","hentry"],"_links":{"self":[{"href":"https:\/\/carnetsdevoyage.net\/srilanka2017\/wp-json\/wp\/v2\/pages\/1517","targetHints":{"allow":["GET"]}}],"collection":[{"href":"https:\/\/carnetsdevoyage.net\/srilanka2017\/wp-json\/wp\/v2\/pages"}],"about":[{"href":"https:\/\/carnetsdevoyage.net\/srilanka2017\/wp-json\/wp\/v2\/types\/page"}],"author":[{"embeddable":true,"href":"https:\/\/carnetsdevoyage.net\/srilanka2017\/wp-json\/wp\/v2\/users\/2"}],"replies":[{"embeddable":true,"href":"https:\/\/carnetsdevoyage.net\/srilanka2017\/wp-json\/wp\/v2\/comments?post=1517"}],"version-history":[{"count":0,"href":"https:\/\/carnetsdevoyage.net\/srilanka2017\/wp-json\/wp\/v2\/pages\/1517\/revisions"}],"wp:attachment":[{"href":"https:\/\/carnetsdevoyage.net\/srilanka2017\/wp-json\/wp\/v2\/media?parent=1517"}],"curies":[{"name":"wp","href":"https:\/\/api.w.org\/{rel}","templated":true}]}}