{"id":1523,"date":"2017-08-29T22:42:46","date_gmt":"2017-08-29T20:42:46","guid":{"rendered":"http:\/\/srilanka2017.free.fr\/?page_id=1523"},"modified":"2017-08-29T22:42:46","modified_gmt":"2017-08-29T20:42:46","slug":"les-dauphins-et-nilaveli","status":"publish","type":"page","link":"https:\/\/carnetsdevoyage.net\/srilanka2017\/les-dauphins-et-nilaveli\/","title":{"rendered":"Les Dauphins et Nilaveli"},"content":{"rendered":"<p>Ce matin, comme pr\u00e9vu, nous nous sommes lev\u00e9s \u00e0 5 heures pour partir \u00e0 6 tenter de voir des dauphins et des baleines.<\/p>\n<p>Un joli lever de soleil ce matin au bord de la plage.<\/p>\n<p><img loading=\"lazy\" decoding=\"async\" class=\"aligncenter wp-image-468 size-full\" src=\"https:\/\/carnetsdevoyage.net\/srilanka2017\/wp-content\/uploads\/sites\/5\/2017\/07\/P7270472-Copier.jpg\" alt=\"\" width=\"1600\" height=\"900\" srcset=\"https:\/\/carnetsdevoyage.net\/srilanka2017\/wp-content\/uploads\/sites\/5\/2017\/07\/P7270472-Copier.jpg 1600w, https:\/\/carnetsdevoyage.net\/srilanka2017\/wp-content\/uploads\/sites\/5\/2017\/07\/P7270472-Copier-300x169.jpg 300w, https:\/\/carnetsdevoyage.net\/srilanka2017\/wp-content\/uploads\/sites\/5\/2017\/07\/P7270472-Copier-768x432.jpg 768w, https:\/\/carnetsdevoyage.net\/srilanka2017\/wp-content\/uploads\/sites\/5\/2017\/07\/P7270472-Copier-1024x576.jpg 1024w, https:\/\/carnetsdevoyage.net\/srilanka2017\/wp-content\/uploads\/sites\/5\/2017\/07\/P7270472-Copier-480x270.jpg 480w\" sizes=\"auto, (max-width: 1600px) 100vw, 1600px\" \/><\/p>\n<p>Un peu comme \u00e0 <a href=\"http:\/\/bali2016.free.fr\">Bali <\/a>l&rsquo;an dernier, cette chasse au mammif\u00e8re marin ressemble davantage \u00e0 un jeu de piste g\u00e9ant sur la mer ! Quelques bateaux sont l\u00e0, beaucoup moins que l&rsquo;an dernier \u00e0 <a href=\"http:\/\/bali2016.free.fr\">Lovina Beach<\/a>, et tous les yeux scrutent l&rsquo;oc\u00e9an \u00e0 la recherche des dauphins.<\/p>\n<p>La mer est peu houleuse, et il est encore plus difficile de les apercevoir. Leurs apparitions sont fugaces, et souvent, on les aper\u00e7oit plus qu&rsquo;on ne les voit. Alors prendre des photos en plus dans ces conditions, c&rsquo;est au petit bonheur la chance ! Les ailerons sont souvent cach\u00e9s dans les vagues, et ils sont si rapides qu&rsquo;ils disparaissent aussi vite qu&rsquo;ils ont apparu. Quelques uns nous font le bonheur de faire des cabrioles au dessus de l&rsquo;eau, mais l\u00e0 aussi, difficile de capturer ces instants. Heureusement, la magie de la photo permet maintenant de prendre des images en rafale, sans compter&#8230; Juste pour rire, j&rsquo;ai pris 621 photos de matin, pendant environ 1 heure 30, pour r\u00e9cup\u00e9rer une quinzaine d&rsquo;images potables ! Par contre, pour ceux qui seraient int\u00e9ress\u00e9s, par exemple pour fabriquer des puzzles, j&rsquo;ai de tr\u00e8s nombreuses et magnifiques photos de vagues et de bout de bateaux !<\/p>\n<p>Par contre, pas de baleines ! La c\u00f4te de Trincomalee est un des seuls endroits du monde o\u00f9 les baleines restent toute l&rsquo;ann\u00e9e, sauf en juillet o\u00f9 elles se font plus rare ! Les marins du coin nous ont propos\u00e9 de revenir en ao\u00fbt ou en septembre ! Pourquoi pas ?<\/p>\n<p><img loading=\"lazy\" decoding=\"async\" class=\"aligncenter wp-image-466 size-full\" src=\"https:\/\/carnetsdevoyage.net\/srilanka2017\/wp-content\/uploads\/sites\/5\/2017\/07\/Dolphin-09-Copier-1.jpg\" alt=\"\" width=\"1600\" height=\"974\" \/><\/p>\n<p><img loading=\"lazy\" decoding=\"async\" class=\"aligncenter wp-image-467 size-full\" src=\"https:\/\/carnetsdevoyage.net\/srilanka2017\/wp-content\/uploads\/sites\/5\/2017\/07\/Dolphin-10-Copier.jpg\" alt=\"\" width=\"1600\" height=\"934\" srcset=\"https:\/\/carnetsdevoyage.net\/srilanka2017\/wp-content\/uploads\/sites\/5\/2017\/07\/Dolphin-10-Copier.jpg 1600w, https:\/\/carnetsdevoyage.net\/srilanka2017\/wp-content\/uploads\/sites\/5\/2017\/07\/Dolphin-10-Copier-300x175.jpg 300w, https:\/\/carnetsdevoyage.net\/srilanka2017\/wp-content\/uploads\/sites\/5\/2017\/07\/Dolphin-10-Copier-768x448.jpg 768w, https:\/\/carnetsdevoyage.net\/srilanka2017\/wp-content\/uploads\/sites\/5\/2017\/07\/Dolphin-10-Copier-1024x598.jpg 1024w, https:\/\/carnetsdevoyage.net\/srilanka2017\/wp-content\/uploads\/sites\/5\/2017\/07\/Dolphin-10-Copier-463x270.jpg 463w\" sizes=\"auto, (max-width: 1600px) 100vw, 1600px\" \/><\/p>\n<p>Celui l\u00e0 nous a fait une belle vrille en l&rsquo;air !<\/p>\n<p><img loading=\"lazy\" decoding=\"async\" class=\"aligncenter wp-image-457 size-full\" src=\"https:\/\/carnetsdevoyage.net\/srilanka2017\/wp-content\/uploads\/sites\/5\/2017\/07\/Dolphin-01-Copier.jpg\" alt=\"\" width=\"1600\" height=\"900\" srcset=\"https:\/\/carnetsdevoyage.net\/srilanka2017\/wp-content\/uploads\/sites\/5\/2017\/07\/Dolphin-01-Copier.jpg 1600w, https:\/\/carnetsdevoyage.net\/srilanka2017\/wp-content\/uploads\/sites\/5\/2017\/07\/Dolphin-01-Copier-300x169.jpg 300w, https:\/\/carnetsdevoyage.net\/srilanka2017\/wp-content\/uploads\/sites\/5\/2017\/07\/Dolphin-01-Copier-768x432.jpg 768w, https:\/\/carnetsdevoyage.net\/srilanka2017\/wp-content\/uploads\/sites\/5\/2017\/07\/Dolphin-01-Copier-1024x576.jpg 1024w, https:\/\/carnetsdevoyage.net\/srilanka2017\/wp-content\/uploads\/sites\/5\/2017\/07\/Dolphin-01-Copier-480x270.jpg 480w\" sizes=\"auto, (max-width: 1600px) 100vw, 1600px\" \/><\/p>\n<p><img loading=\"lazy\" decoding=\"async\" class=\"aligncenter wp-image-458 size-full\" src=\"https:\/\/carnetsdevoyage.net\/srilanka2017\/wp-content\/uploads\/sites\/5\/2017\/07\/Dolphin-02-Copier.jpg\" alt=\"\" width=\"1600\" height=\"900\" srcset=\"https:\/\/carnetsdevoyage.net\/srilanka2017\/wp-content\/uploads\/sites\/5\/2017\/07\/Dolphin-02-Copier.jpg 1600w, https:\/\/carnetsdevoyage.net\/srilanka2017\/wp-content\/uploads\/sites\/5\/2017\/07\/Dolphin-02-Copier-300x169.jpg 300w, https:\/\/carnetsdevoyage.net\/srilanka2017\/wp-content\/uploads\/sites\/5\/2017\/07\/Dolphin-02-Copier-768x432.jpg 768w, https:\/\/carnetsdevoyage.net\/srilanka2017\/wp-content\/uploads\/sites\/5\/2017\/07\/Dolphin-02-Copier-1024x576.jpg 1024w, https:\/\/carnetsdevoyage.net\/srilanka2017\/wp-content\/uploads\/sites\/5\/2017\/07\/Dolphin-02-Copier-480x270.jpg 480w\" sizes=\"auto, (max-width: 1600px) 100vw, 1600px\" \/><\/p>\n<p><img loading=\"lazy\" decoding=\"async\" class=\"aligncenter wp-image-459 size-full\" src=\"https:\/\/carnetsdevoyage.net\/srilanka2017\/wp-content\/uploads\/sites\/5\/2017\/07\/Dolphin-03-Copier.jpg\" alt=\"\" width=\"1600\" height=\"900\" srcset=\"https:\/\/carnetsdevoyage.net\/srilanka2017\/wp-content\/uploads\/sites\/5\/2017\/07\/Dolphin-03-Copier.jpg 1600w, https:\/\/carnetsdevoyage.net\/srilanka2017\/wp-content\/uploads\/sites\/5\/2017\/07\/Dolphin-03-Copier-300x169.jpg 300w, https:\/\/carnetsdevoyage.net\/srilanka2017\/wp-content\/uploads\/sites\/5\/2017\/07\/Dolphin-03-Copier-768x432.jpg 768w, https:\/\/carnetsdevoyage.net\/srilanka2017\/wp-content\/uploads\/sites\/5\/2017\/07\/Dolphin-03-Copier-1024x576.jpg 1024w, https:\/\/carnetsdevoyage.net\/srilanka2017\/wp-content\/uploads\/sites\/5\/2017\/07\/Dolphin-03-Copier-480x270.jpg 480w\" sizes=\"auto, (max-width: 1600px) 100vw, 1600px\" \/><\/p>\n<p>&nbsp;<\/p>\n<p><img loading=\"lazy\" decoding=\"async\" class=\"aligncenter wp-image-460 size-full\" src=\"https:\/\/carnetsdevoyage.net\/srilanka2017\/wp-content\/uploads\/sites\/5\/2017\/07\/Dolphin-04-Copier.jpg\" alt=\"\" width=\"1600\" height=\"900\" srcset=\"https:\/\/carnetsdevoyage.net\/srilanka2017\/wp-content\/uploads\/sites\/5\/2017\/07\/Dolphin-04-Copier.jpg 1600w, https:\/\/carnetsdevoyage.net\/srilanka2017\/wp-content\/uploads\/sites\/5\/2017\/07\/Dolphin-04-Copier-300x169.jpg 300w, https:\/\/carnetsdevoyage.net\/srilanka2017\/wp-content\/uploads\/sites\/5\/2017\/07\/Dolphin-04-Copier-768x432.jpg 768w, https:\/\/carnetsdevoyage.net\/srilanka2017\/wp-content\/uploads\/sites\/5\/2017\/07\/Dolphin-04-Copier-1024x576.jpg 1024w, https:\/\/carnetsdevoyage.net\/srilanka2017\/wp-content\/uploads\/sites\/5\/2017\/07\/Dolphin-04-Copier-480x270.jpg 480w\" sizes=\"auto, (max-width: 1600px) 100vw, 1600px\" \/><\/p>\n<p><img loading=\"lazy\" decoding=\"async\" class=\"alignnone wp-image-461 size-full\" src=\"https:\/\/carnetsdevoyage.net\/srilanka2017\/wp-content\/uploads\/sites\/5\/2017\/07\/Dolphin-05-Copier.jpg\" alt=\"\" width=\"1600\" height=\"900\" srcset=\"https:\/\/carnetsdevoyage.net\/srilanka2017\/wp-content\/uploads\/sites\/5\/2017\/07\/Dolphin-05-Copier.jpg 1600w, https:\/\/carnetsdevoyage.net\/srilanka2017\/wp-content\/uploads\/sites\/5\/2017\/07\/Dolphin-05-Copier-300x169.jpg 300w, https:\/\/carnetsdevoyage.net\/srilanka2017\/wp-content\/uploads\/sites\/5\/2017\/07\/Dolphin-05-Copier-768x432.jpg 768w, https:\/\/carnetsdevoyage.net\/srilanka2017\/wp-content\/uploads\/sites\/5\/2017\/07\/Dolphin-05-Copier-1024x576.jpg 1024w, https:\/\/carnetsdevoyage.net\/srilanka2017\/wp-content\/uploads\/sites\/5\/2017\/07\/Dolphin-05-Copier-480x270.jpg 480w\" sizes=\"auto, (max-width: 1600px) 100vw, 1600px\" \/><\/p>\n<p><img loading=\"lazy\" decoding=\"async\" class=\"aligncenter wp-image-463 size-full\" src=\"https:\/\/carnetsdevoyage.net\/srilanka2017\/wp-content\/uploads\/sites\/5\/2017\/07\/Dolphin-07-Copier.jpg\" alt=\"\" width=\"1600\" height=\"900\" srcset=\"https:\/\/carnetsdevoyage.net\/srilanka2017\/wp-content\/uploads\/sites\/5\/2017\/07\/Dolphin-07-Copier.jpg 1600w, https:\/\/carnetsdevoyage.net\/srilanka2017\/wp-content\/uploads\/sites\/5\/2017\/07\/Dolphin-07-Copier-300x169.jpg 300w, https:\/\/carnetsdevoyage.net\/srilanka2017\/wp-content\/uploads\/sites\/5\/2017\/07\/Dolphin-07-Copier-768x432.jpg 768w, https:\/\/carnetsdevoyage.net\/srilanka2017\/wp-content\/uploads\/sites\/5\/2017\/07\/Dolphin-07-Copier-1024x576.jpg 1024w, https:\/\/carnetsdevoyage.net\/srilanka2017\/wp-content\/uploads\/sites\/5\/2017\/07\/Dolphin-07-Copier-480x270.jpg 480w\" sizes=\"auto, (max-width: 1600px) 100vw, 1600px\" \/><\/p>\n<p>Quelques vues du fort de Trincomalee et du temple que nous avons visit\u00e9 hier, de la mer cette fois !<\/p>\n<p><img loading=\"lazy\" decoding=\"async\" class=\"aligncenter wp-image-472 size-full\" src=\"https:\/\/carnetsdevoyage.net\/srilanka2017\/wp-content\/uploads\/sites\/5\/2017\/07\/P7271081-Copier.jpg\" alt=\"\" width=\"1600\" height=\"900\" srcset=\"https:\/\/carnetsdevoyage.net\/srilanka2017\/wp-content\/uploads\/sites\/5\/2017\/07\/P7271081-Copier.jpg 1600w, https:\/\/carnetsdevoyage.net\/srilanka2017\/wp-content\/uploads\/sites\/5\/2017\/07\/P7271081-Copier-300x169.jpg 300w, https:\/\/carnetsdevoyage.net\/srilanka2017\/wp-content\/uploads\/sites\/5\/2017\/07\/P7271081-Copier-768x432.jpg 768w, https:\/\/carnetsdevoyage.net\/srilanka2017\/wp-content\/uploads\/sites\/5\/2017\/07\/P7271081-Copier-1024x576.jpg 1024w, https:\/\/carnetsdevoyage.net\/srilanka2017\/wp-content\/uploads\/sites\/5\/2017\/07\/P7271081-Copier-480x270.jpg 480w\" sizes=\"auto, (max-width: 1600px) 100vw, 1600px\" \/><\/p>\n<p><img loading=\"lazy\" decoding=\"async\" class=\"aligncenter wp-image-471 size-full\" src=\"https:\/\/carnetsdevoyage.net\/srilanka2017\/wp-content\/uploads\/sites\/5\/2017\/07\/P7271079-Copier.jpg\" alt=\"\" width=\"1600\" height=\"900\" srcset=\"https:\/\/carnetsdevoyage.net\/srilanka2017\/wp-content\/uploads\/sites\/5\/2017\/07\/P7271079-Copier.jpg 1600w, https:\/\/carnetsdevoyage.net\/srilanka2017\/wp-content\/uploads\/sites\/5\/2017\/07\/P7271079-Copier-300x169.jpg 300w, https:\/\/carnetsdevoyage.net\/srilanka2017\/wp-content\/uploads\/sites\/5\/2017\/07\/P7271079-Copier-768x432.jpg 768w, https:\/\/carnetsdevoyage.net\/srilanka2017\/wp-content\/uploads\/sites\/5\/2017\/07\/P7271079-Copier-1024x576.jpg 1024w, https:\/\/carnetsdevoyage.net\/srilanka2017\/wp-content\/uploads\/sites\/5\/2017\/07\/P7271079-Copier-480x270.jpg 480w\" sizes=\"auto, (max-width: 1600px) 100vw, 1600px\" \/><\/p>\n<p><img loading=\"lazy\" decoding=\"async\" class=\"aligncenter wp-image-473 size-full\" src=\"https:\/\/carnetsdevoyage.net\/srilanka2017\/wp-content\/uploads\/sites\/5\/2017\/07\/P7271092-Copier.jpg\" alt=\"\" width=\"1600\" height=\"900\" srcset=\"https:\/\/carnetsdevoyage.net\/srilanka2017\/wp-content\/uploads\/sites\/5\/2017\/07\/P7271092-Copier.jpg 1600w, https:\/\/carnetsdevoyage.net\/srilanka2017\/wp-content\/uploads\/sites\/5\/2017\/07\/P7271092-Copier-300x169.jpg 300w, https:\/\/carnetsdevoyage.net\/srilanka2017\/wp-content\/uploads\/sites\/5\/2017\/07\/P7271092-Copier-768x432.jpg 768w, https:\/\/carnetsdevoyage.net\/srilanka2017\/wp-content\/uploads\/sites\/5\/2017\/07\/P7271092-Copier-1024x576.jpg 1024w, https:\/\/carnetsdevoyage.net\/srilanka2017\/wp-content\/uploads\/sites\/5\/2017\/07\/P7271092-Copier-480x270.jpg 480w\" sizes=\"auto, (max-width: 1600px) 100vw, 1600px\" \/><\/p>\n<p><img loading=\"lazy\" decoding=\"async\" class=\"aligncenter wp-image-470 size-full\" src=\"https:\/\/carnetsdevoyage.net\/srilanka2017\/wp-content\/uploads\/sites\/5\/2017\/07\/P7271071-Copier.jpg\" alt=\"\" width=\"1600\" height=\"900\" srcset=\"https:\/\/carnetsdevoyage.net\/srilanka2017\/wp-content\/uploads\/sites\/5\/2017\/07\/P7271071-Copier.jpg 1600w, https:\/\/carnetsdevoyage.net\/srilanka2017\/wp-content\/uploads\/sites\/5\/2017\/07\/P7271071-Copier-300x169.jpg 300w, https:\/\/carnetsdevoyage.net\/srilanka2017\/wp-content\/uploads\/sites\/5\/2017\/07\/P7271071-Copier-768x432.jpg 768w, https:\/\/carnetsdevoyage.net\/srilanka2017\/wp-content\/uploads\/sites\/5\/2017\/07\/P7271071-Copier-1024x576.jpg 1024w, https:\/\/carnetsdevoyage.net\/srilanka2017\/wp-content\/uploads\/sites\/5\/2017\/07\/P7271071-Copier-480x270.jpg 480w\" sizes=\"auto, (max-width: 1600px) 100vw, 1600px\" \/><\/p>\n<p>De retour de cette exp\u00e9dition, nous avons quitt\u00e9 notre h\u00f4tel de Trincomalle, pour aller vers le suivant, o\u00f9 nous allons nous poser 5 jours, une quinzaine de km un peu plus au nord, \u00e0 Nilaveli. L&rsquo;h\u00f4tel est magnifique, et l&rsquo;endroit est d\u00e9sert ! Plus on va vers le nord, et qu&rsquo;on entre en territoire Tamoul, moins c&rsquo;est touristique ! L\u00e0 c&rsquo;est beau, sauvage, les plages sont immenses et vides, et comme nous sommes en basse saison, la plupart des h\u00f4tels sont ferm\u00e9s !<\/p>\n<p><img loading=\"lazy\" decoding=\"async\" class=\"aligncenter wp-image-455 size-full\" src=\"https:\/\/carnetsdevoyage.net\/srilanka2017\/wp-content\/uploads\/sites\/5\/2017\/07\/20464549_10211495550338256_1534256309_n-Copier.jpg\" alt=\"\" width=\"1600\" height=\"1200\" srcset=\"https:\/\/carnetsdevoyage.net\/srilanka2017\/wp-content\/uploads\/sites\/5\/2017\/07\/20464549_10211495550338256_1534256309_n-Copier.jpg 1600w, https:\/\/carnetsdevoyage.net\/srilanka2017\/wp-content\/uploads\/sites\/5\/2017\/07\/20464549_10211495550338256_1534256309_n-Copier-300x225.jpg 300w, https:\/\/carnetsdevoyage.net\/srilanka2017\/wp-content\/uploads\/sites\/5\/2017\/07\/20464549_10211495550338256_1534256309_n-Copier-768x576.jpg 768w, https:\/\/carnetsdevoyage.net\/srilanka2017\/wp-content\/uploads\/sites\/5\/2017\/07\/20464549_10211495550338256_1534256309_n-Copier-1024x768.jpg 1024w, https:\/\/carnetsdevoyage.net\/srilanka2017\/wp-content\/uploads\/sites\/5\/2017\/07\/20464549_10211495550338256_1534256309_n-Copier-360x270.jpg 360w\" sizes=\"auto, (max-width: 1600px) 100vw, 1600px\" \/><\/p>\n<p>Nous avons plusieurs balades \u00e0 faire dans le coin, avant de partir vers la pointe nord du Sri Lanka, au plus proche de l&rsquo;Inde, \u00e0 Jaffna.<\/p>\n<p>D\u00e8s demain, nous irons visiter et faire du snorkeling \u00e0 Pigeon Island, une petite \u00eele tout pr\u00eat de Nilaveli, qui est prot\u00e9g\u00e9e par une barri\u00e8re de corail, en plein c\u0153ur d&rsquo;un parc naturel.<\/p>\n<p><img loading=\"lazy\" decoding=\"async\" class=\"aligncenter wp-image-454 size-full\" src=\"https:\/\/carnetsdevoyage.net\/srilanka2017\/wp-content\/uploads\/sites\/5\/2017\/07\/20427853_10213662628869669_1395955375_n-Copier.jpg\" alt=\"\" width=\"1600\" height=\"1200\" srcset=\"https:\/\/carnetsdevoyage.net\/srilanka2017\/wp-content\/uploads\/sites\/5\/2017\/07\/20427853_10213662628869669_1395955375_n-Copier.jpg 1600w, https:\/\/carnetsdevoyage.net\/srilanka2017\/wp-content\/uploads\/sites\/5\/2017\/07\/20427853_10213662628869669_1395955375_n-Copier-300x225.jpg 300w, https:\/\/carnetsdevoyage.net\/srilanka2017\/wp-content\/uploads\/sites\/5\/2017\/07\/20427853_10213662628869669_1395955375_n-Copier-768x576.jpg 768w, https:\/\/carnetsdevoyage.net\/srilanka2017\/wp-content\/uploads\/sites\/5\/2017\/07\/20427853_10213662628869669_1395955375_n-Copier-1024x768.jpg 1024w, https:\/\/carnetsdevoyage.net\/srilanka2017\/wp-content\/uploads\/sites\/5\/2017\/07\/20427853_10213662628869669_1395955375_n-Copier-360x270.jpg 360w\" sizes=\"auto, (max-width: 1600px) 100vw, 1600px\" \/><\/p>\n<p>La plage d&rsquo;o\u00f9 cette photo est prise est comme souvent ici, noire de monde ! \u00c7a va \u00eatre difficile de trouver un coin o\u00f9 poser notre serviette&#8230; C&rsquo;est avec un de ces petits bateaux que nous allons rejoindre Pigeon Island demain.<\/p>\n<p><img loading=\"lazy\" decoding=\"async\" class=\"aligncenter wp-image-477 size-full\" src=\"https:\/\/carnetsdevoyage.net\/srilanka2017\/wp-content\/uploads\/sites\/5\/2017\/07\/20428237_10211495586419158_1260843967_n-1.jpg\" alt=\"\" width=\"540\" height=\"960\" srcset=\"https:\/\/carnetsdevoyage.net\/srilanka2017\/wp-content\/uploads\/sites\/5\/2017\/07\/20428237_10211495586419158_1260843967_n-1.jpg 540w, https:\/\/carnetsdevoyage.net\/srilanka2017\/wp-content\/uploads\/sites\/5\/2017\/07\/20428237_10211495586419158_1260843967_n-1-169x300.jpg 169w, https:\/\/carnetsdevoyage.net\/srilanka2017\/wp-content\/uploads\/sites\/5\/2017\/07\/20428237_10211495586419158_1260843967_n-1-152x270.jpg 152w\" sizes=\"auto, (max-width: 540px) 100vw, 540px\" \/><\/p>\n<p>Dans l&rsquo;apr\u00e8s-midi, alors que nous l\u00e9zardions au bord de la piscine, une belle pluie de mousson est tomb\u00e9e, et ne s&rsquo;est calm\u00e9e qu&rsquo;au bout d&rsquo;une bonne heure. C&rsquo;est la premi\u00e8re que nous prenons, alors que nous sommes en zone s\u00e8che !<\/p>\n<p><img loading=\"lazy\" decoding=\"async\" class=\"aligncenter wp-image-456 size-full\" src=\"https:\/\/carnetsdevoyage.net\/srilanka2017\/wp-content\/uploads\/sites\/5\/2017\/07\/20503934_10211495554898370_151558893_n-Copier.jpg\" alt=\"\" width=\"1600\" height=\"1200\" srcset=\"https:\/\/carnetsdevoyage.net\/srilanka2017\/wp-content\/uploads\/sites\/5\/2017\/07\/20503934_10211495554898370_151558893_n-Copier.jpg 1600w, https:\/\/carnetsdevoyage.net\/srilanka2017\/wp-content\/uploads\/sites\/5\/2017\/07\/20503934_10211495554898370_151558893_n-Copier-300x225.jpg 300w, https:\/\/carnetsdevoyage.net\/srilanka2017\/wp-content\/uploads\/sites\/5\/2017\/07\/20503934_10211495554898370_151558893_n-Copier-768x576.jpg 768w, https:\/\/carnetsdevoyage.net\/srilanka2017\/wp-content\/uploads\/sites\/5\/2017\/07\/20503934_10211495554898370_151558893_n-Copier-1024x768.jpg 1024w, https:\/\/carnetsdevoyage.net\/srilanka2017\/wp-content\/uploads\/sites\/5\/2017\/07\/20503934_10211495554898370_151558893_n-Copier-360x270.jpg 360w\" sizes=\"auto, (max-width: 1600px) 100vw, 1600px\" \/><\/p>\n<p>A demain !<\/p>\n<p>&nbsp;<\/p>\n<p>&nbsp;<\/p>\n","protected":false},"excerpt":{"rendered":"<p>Ce matin, comme pr\u00e9vu, nous nous sommes lev\u00e9s \u00e0 5 heures pour partir \u00e0 6 tenter de voir des dauphins et des baleines. Un joli lever de soleil ce matin au bord de la plage. Un peu comme \u00e0 Bali l&rsquo;an dernier, cette chasse au mammif\u00e8re marin ressemble davantage \u00e0 un jeu de piste g\u00e9ant sur la mer ! Quelques bateaux sont l\u00e0, beaucoup moins que l&rsquo;an dernier \u00e0 Lovina Beach, et tous les yeux scrutent l&rsquo;oc\u00e9an \u00e0 la recherche&#8230;<\/p>\n<p class=\"read-more\"><a class=\"btn btn-default\" href=\"https:\/\/carnetsdevoyage.net\/srilanka2017\/les-dauphins-et-nilaveli\/\">Lire la suite<span class=\"screen-reader-text\"> Lire la suite<\/span><\/a><\/p>\n","protected":false},"author":2,"featured_media":0,"parent":0,"menu_order":9,"comment_status":"closed","ping_status":"closed","template":"","meta":{"_crdt_document":"","footnotes":""},"class_list":["post-1523","page","type-page","status-publish","hentry"],"_links":{"self":[{"href":"https:\/\/carnetsdevoyage.net\/srilanka2017\/wp-json\/wp\/v2\/pages\/1523","targetHints":{"allow":["GET"]}}],"collection":[{"href":"https:\/\/carnetsdevoyage.net\/srilanka2017\/wp-json\/wp\/v2\/pages"}],"about":[{"href":"https:\/\/carnetsdevoyage.net\/srilanka2017\/wp-json\/wp\/v2\/types\/page"}],"author":[{"embeddable":true,"href":"https:\/\/carnetsdevoyage.net\/srilanka2017\/wp-json\/wp\/v2\/users\/2"}],"replies":[{"embeddable":true,"href":"https:\/\/carnetsdevoyage.net\/srilanka2017\/wp-json\/wp\/v2\/comments?post=1523"}],"version-history":[{"count":0,"href":"https:\/\/carnetsdevoyage.net\/srilanka2017\/wp-json\/wp\/v2\/pages\/1523\/revisions"}],"wp:attachment":[{"href":"https:\/\/carnetsdevoyage.net\/srilanka2017\/wp-json\/wp\/v2\/media?parent=1523"}],"curies":[{"name":"wp","href":"https:\/\/api.w.org\/{rel}","templated":true}]}}